{"id":9,"date":"2026-01-26T11:54:58","date_gmt":"2026-01-26T11:54:58","guid":{"rendered":"https:\/\/bioplates.com\/?page_id=9"},"modified":"2026-03-09T14:31:38","modified_gmt":"2026-03-09T14:31:38","slug":"homepage","status":"publish","type":"page","link":"https:\/\/bioplates.com\/pt\/","title":{"rendered":"Homepage"},"content":{"rendered":"<div id=\"hero\"  data-column-margin=\"default\" data-midnight=\"light\"  class=\"wpb_row vc_row-fluid vc_row full-width-section vc_row-o-equal-height vc_row-flex vc_row-o-content-middle parallax_section right_padding_3rem left_padding_3rem\"  style=\"padding-top: 0px; padding-bottom: 0px; \"><div class=\"row-bg-wrap\" data-bg-animation=\"none\" data-bg-animation-delay=\"\" data-bg-overlay=\"false\"><div class=\"inner-wrap row-bg-layer using-image\" ><div class=\"row-bg viewport-desktop using-image no-cover\" data-parallax-speed=\"medium\" style=\"background-image: url(https:\/\/bioplates.com\/wp-content\/uploads\/bioplates-home-wide-1.jpg); background-position: center center; background-repeat: repeat; \"><\/div><\/div><\/div><div class=\"row_col_wrap_12 col span_12 light center\">\n\t<div  class=\"vc_col-sm-12 container wpb_column column_container vc_column_container col centered-text no-extra-padding inherit_tablet inherit_phone\"  data-padding-pos=\"all\" data-has-bg-color=\"false\" data-bg-color=\"\" data-bg-opacity=\"1\" data-animation=\"\" data-delay=\"0\" >\n\t\t<div class=\"vc_column-inner\" >\n\t\t\t<div class=\"wpb_wrapper\">\n\t\t\t\t<h1 style=\"text-align: center\" class=\"vc_custom_heading vc_do_custom_heading\" >O futuro sabe a qu\u00ea?<\/h1>\n<div class=\"wpb_text_column wpb_content_element  float-card glass-card\"  id=\"card-header\">\n\t<h2>O servi\u00e7o de mesa mais sustent\u00e1vel.<br \/>\nA alternativa definitiva ao<br \/>\nmelamina e esmalte.<\/h2>\n<p>Desenvolvido para ambientes profissionais de hotelaria<br \/>\nonde a durabilidade e a responsabilidade s\u00e3o verdadeiramente importantes<\/p>\n<\/div>\n\n\n\n\n\t\t\t<\/div> \n\t\t<\/div>\n\t<\/div> \n<\/div><\/div>\n\t\t<div id=\"home-plates-cards\"  data-column-margin=\"default\" data-midnight=\"dark\"  class=\"wpb_row vc_row-fluid vc_row bg-animation--slight  bottom_margin_3rem\"  style=\"padding-top: 0px; padding-bottom: 0px; \"><div class=\"row-bg-wrap\" data-bg-animation=\"zoom-out-reveal\" data-bg-animation-delay=\"\" data-bg-overlay=\"false\"><div class=\"inner-wrap row-bg-layer\" ><div class=\"row-bg viewport-desktop\"  style=\"\"><\/div><\/div><\/div><div class=\"row_col_wrap_12 col span_12 dark left\">\n\t<div  class=\"vc_col-sm-12 wpb_column column_container vc_column_container col no-extra-padding inherit_tablet inherit_phone flex_gap_desktop_10px\"  data-padding-pos=\"all\" data-has-bg-color=\"false\" data-bg-color=\"\" data-bg-opacity=\"1\" data-animation=\"\" data-delay=\"0\" >\n\t\t<div class=\"vc_column-inner\" >\n\t\t\t<div class=\"wpb_wrapper\">\n\t\t\t\t<div class=\"nectar_cascading_images\" data-border-radius=\"none\" data-parallax=\"yes\" data-parallax-intensity=\"subtle\" data-layer-1-parallax=\"yes\" data-animation-timing=\"175\"><div class=\"cascading-image\" data-has-img=\"true\" style=\" padding:0%;\" data-max-width=\"100%\" data-max-width-mobile=\"100%\" data-animation=\"none\" data-shadow=\"none\"><div class=\"inner-wrap\"><div class=\"bg-layer\" data-scale=\"1\" style=\"transform: scale(1)\"><div style=\" -webkit-transform:translateX(0%) translateY(0%) ; transform:translateX(0%) translateY(0%) ;\" class=\"img-wrap\"> <img loading=\"lazy\" decoding=\"async\" src=\"https:\/\/bioplates.com\/wp-content\/uploads\/home-plates-dishes.png\" srcset=\"https:\/\/bioplates.com\/wp-content\/uploads\/home-plates-dishes.png 1212w, https:\/\/bioplates.com\/wp-content\/uploads\/home-plates-dishes-300x280.png 300w, https:\/\/bioplates.com\/wp-content\/uploads\/home-plates-dishes-1024x956.png 1024w, https:\/\/bioplates.com\/wp-content\/uploads\/home-plates-dishes-768x717.png 768w\" sizes=\"auto, (min-width: 1000px) 55vw, 100vw\" height=\"1132\" width=\"1212\" class=\"skip-lazy\" alt=\"\" \/> <\/div><\/div><\/div><\/div><\/div><div class=\"nectar-fancy-ul\" data-list-icon=\"none\" data-animation=\"false\" data-animation-delay=\"0\" data-color=\"accent-color\" data-spacing=\"20px\" data-alignment=\"left\"> <em>Alta resist\u00eancia<\/em><br \/>\n<strong>7,000+ <\/strong><br \/>\nCiclos da m\u00e1quina de lavar loi\u00e7a <\/div><div class=\"nectar-fancy-ul\" data-list-icon=\"none\" data-animation=\"false\" data-animation-delay=\"0\" data-color=\"accent-color\" data-spacing=\"20px\" data-alignment=\"left\"> <em>Degradabilidade<\/em><br \/>\n<strong>100%<\/strong><br \/>\nbiodegrad\u00e1vel no solo, no rio e no mar (material certificado pela T\u00dcV) <\/div><div class=\"nectar-fancy-ul\" data-list-icon=\"none\" data-animation=\"false\" data-animation-delay=\"0\" data-color=\"accent-color\" data-spacing=\"20px\" data-alignment=\"left\"> <em>Resist\u00eancia ao calor at\u00e9<\/em><br \/>\n<strong>130\u00b0C<\/strong> <\/div><div class=\"nectar-fancy-ul\" data-list-icon=\"none\" data-animation=\"false\" data-animation-delay=\"0\" data-color=\"accent-color\" data-spacing=\"20px\" data-alignment=\"left\"> <em>Carbono at\u00e9<\/em><br \/>\n<strong>-4,5 kg\u00a0<\/strong><br \/>\nCO\u2082 por prato. Com programa de compensa\u00e7\u00e3o verificado <\/div><div class=\"nectar-fancy-ul\" data-list-icon=\"none\" data-animation=\"false\" data-animation-delay=\"0\" data-color=\"accent-color\" data-spacing=\"20px\" data-alignment=\"left\"> <em>Seguran\u00e7a alimentar<\/em><\/p>\n<p><strong>Certificado<\/strong><\/p>\n<p>para contacto com alimentos. Sem BPA. Sem micropl\u00e1sticos. <\/div><div id=\"buttons-row\" data-midnight=\"\" data-column-margin=\"default\" class=\"wpb_row vc_row-fluid vc_row inner_row\"  style=\"\"><div class=\"row-bg-wrap\"> <div class=\"row-bg\" ><\/div> <\/div><div class=\"row_col_wrap_12_inner col span_12  left\">\n\t<div  class=\"vc_col-sm-12 wpb_column column_container vc_column_container col child_column no-extra-padding inherit_tablet inherit_phone flex_gap_desktop_10px\"   data-padding-pos=\"all\" data-has-bg-color=\"false\" data-bg-color=\"\" data-bg-opacity=\"1\" data-animation=\"\" data-delay=\"0\" >\n\t\t<div class=\"vc_column-inner\" >\n\t\t<div class=\"wpb_wrapper\">\n\t\t\t<div class=\"nectar-cta  alignment_tablet_default alignment_phone_default display_tablet_inherit display_phone_inherit\" data-color=\"default\" data-using-bg=\"false\" data-style=\"basic\" data-display=\"block\" data-alignment=\"left\" data-text-color=\"std\" style=\"--nectar-button-color: var(--nectar-default); --nectar-icon-gap: 10px; \"><span class=\"nectar-button-type\"><span class=\"link_wrap\" ><a  class=\"link_text\" role=\"button\" href=\"\/pt\/material\/\"><span class=\"text\">VER TODAS AS CARACTER\u00cdSTICAS<\/span><\/a><\/span><\/span><\/div>\n\t\t<\/div> \n\t<\/div>\n\t<\/div> \n<\/div><\/div>\n\t\t\t<\/div> \n\t\t<\/div>\n\t<\/div> \n<\/div><\/div>\n\t\t<div id=\"home-testimonial\"  data-column-margin=\"default\" data-midnight=\"dark\"  class=\"wpb_row vc_row-fluid vc_row full-width-content has-row-bg-color vc_row-o-equal-height vc_row-flex vc_row-o-content-top  bottom_margin_4rem\"  style=\"padding-top: 0px; padding-bottom: 0px; --row-bg-color: #D9D5CA;\"><div class=\"row-bg-wrap\" data-bg-animation=\"none\" data-bg-animation-delay=\"\" data-bg-overlay=\"false\"><div class=\"inner-wrap row-bg-layer\" ><div class=\"row-bg viewport-desktop using-bg-color\"  style=\"background-color: #D9D5CA; \"><\/div><\/div><\/div><div class=\"row_col_wrap_12 col span_12 dark left\">\n\t<div  class=\"vc_col-sm-12 wpb_column column_container vc_column_container col no-extra-padding inherit_tablet inherit_phone flex_gap_desktop_10px\"  data-padding-pos=\"all\" data-has-bg-color=\"false\" data-bg-color=\"\" data-bg-opacity=\"1\" data-animation=\"\" data-delay=\"0\" >\n\t\t<div class=\"vc_column-inner\" >\n\t\t\t<div class=\"wpb_wrapper\">\n\t\t\t\t<h2 style=\"text-align: center\" class=\"vc_custom_heading vc_do_custom_heading\" >O que dizem os nossos clientes:<\/h2><div class=\"testimonial_slider span_12 col\" data-color=\"\" data-rating-color=\"accent-color\" data-controls=\"default\" data-add-border=\"\" data-autorotate=\"5000\" data-style=\"minimal\" ><div class=\"slides\"><blockquote>  <p><span class=\"open-quote\">\u201c<\/span>Os bioplacas enquadram-se muito melhor na nossa vis\u00e3o sustent\u00e1vel do que os pratos de esmalte.<span class=\"close-quote\">\u201d<\/span> <span role=\"none\" class=\"bottom-arrow\"><\/span><\/p><span class=\"testimonial-name\">Chefe Mikel, Aethos Mallorca<\/span><span class=\"title\">(Hotel reconhecido internacionalmente pelo seu compromisso com a sustentabilidade e o bem-estar)<\/span><\/blockquote><blockquote>  <p><span class=\"open-quote\">\u201c<\/span>As bioplacas mantiveram a sua cor, brilho e resist\u00eancia ap\u00f3s mais de 7.000 lavagens industriais.<span class=\"close-quote\">\u201d<\/span> <span role=\"none\" class=\"bottom-arrow\"><\/span><\/p><span class=\"testimonial-name\">Diogo Gonzaga, Chefe Executivo - Sublime Comporta<\/span><span class=\"title\">(Hotel boutique l\u00edder da Europa - World Travel Awards 2020)<\/span><\/blockquote><blockquote>  <p><span class=\"open-quote\">\u201c<\/span>Opt\u00e1mos por Bioplacas - a melamina j\u00e1 n\u00e3o faz sentido para n\u00f3s.<span class=\"close-quote\">\u201d<\/span> <span role=\"none\" class=\"bottom-arrow\"><\/span><\/p><span class=\"testimonial-name\">Andr\u00e9 Conde\u00e7o, Diretor de F&amp;B - Sublime Comporta<\/span><span class=\"title\">(Hotel boutique l\u00edder da Europa - World Travel Awards 2020)<\/span><\/blockquote><blockquote>  <p><span class=\"open-quote\">\u201c<\/span>Estamos dispostos a pagar mais para abandonar os descart\u00e1veis - os biopl\u00e1sticos s\u00e3o bonitos, duradouros e est\u00e3o em sintonia com a nossa identidade sustent\u00e1vel.<span class=\"close-quote\">\u201d<\/span> <span role=\"none\" class=\"bottom-arrow\"><\/span><\/p><span class=\"testimonial-name\">Gon\u00e7alo Menezes, Diretor Geral - Immerso<\/span><span class=\"title\">(Hotel de refer\u00eancia para a sustentabilidade na Ericeira - Reserva Mundial de Surf)<\/span><\/blockquote><blockquote>  <p><span class=\"open-quote\">\u201c<\/span>Os bioplacas s\u00e3o, honestamente, a op\u00e7\u00e3o mais sustent\u00e1vel que conhe\u00e7o - resolvem um problema antigo para o qual nunca encontr\u00e1mos uma solu\u00e7\u00e3o.<span class=\"close-quote\">\u201d<\/span> <span role=\"none\" class=\"bottom-arrow\"><\/span><\/p><span class=\"testimonial-name\">Chefe Carlos Albuquerque - Herdade do Espor\u00e3o<\/span><span class=\"title\">(\u2b50 Estrela Verde Michelin)<\/span><\/blockquote><blockquote>  <p><span class=\"open-quote\">\u201c<\/span>Nos barcos, as Bioplacas funcionam na perfei\u00e7\u00e3o - leves, seguras e ideais para utiliza\u00e7\u00e3o n\u00e1utica.<span class=\"close-quote\">\u201d<\/span> <span role=\"none\" class=\"bottom-arrow\"><\/span><\/p><span class=\"testimonial-name\">Chefe Marc Llor\u00e9s - Aethos Mallorca<\/span><span class=\"title\">(Hotel reconhecido pela sua abordagem hol\u00edstica da sustentabilidade)<\/span><\/blockquote><blockquote>  <p><span class=\"open-quote\">\u201c<\/span>Na Six Senses n\u00e3o usamos pl\u00e1stico - e os Bioplatos foram a primeira solu\u00e7\u00e3o verdadeiramente sustent\u00e1vel e duradoura que encontr\u00e1mos para substituir a loi\u00e7a esmaltada.<span class=\"close-quote\">\u201d<\/span> <span role=\"none\" class=\"bottom-arrow\"><\/span><\/p><span class=\"testimonial-name\">Jos\u00e9 Moreira (Diretor de F&amp;B) &amp; Chef Jos\u00e9 Maria - Six Senses Douro Valley<\/span><span class=\"title\">(Vencedor do pr\u00e9mio \u2018Restaurante Mais Sustent\u00e1vel de Portugal\u2019 - Mesa Marcada)<\/span><\/blockquote><blockquote>  <p><span class=\"open-quote\">\u201c<\/span>Os bioplacas combinam uma est\u00e9tica ecol\u00f3gica, moderna e chique - uma rara express\u00e3o de luxo sustent\u00e1vel que nos impressionou desde o primeiro momento.<span class=\"close-quote\">\u201d<\/span> <span role=\"none\" class=\"bottom-arrow\"><\/span><\/p><span class=\"testimonial-name\">Chefe C\u00edntia Koerper - Herdade da Malhadinha Nova<\/span><span class=\"title\">(\u2b50 Estrela Verde Michelin)<\/span><\/blockquote><\/div><\/div>\n\t\t\t<\/div> \n\t\t<\/div>\n\t<\/div> \n<\/div><\/div>\n\t\t<div id=\"home-cards\"  data-column-margin=\"default\" data-midnight=\"dark\"  class=\"wpb_row vc_row-fluid vc_row  top_margin_3rem\"  style=\"padding-top: 0px; padding-bottom: 0px; \"><div class=\"row-bg-wrap\" data-bg-animation=\"none\" data-bg-animation-delay=\"\" data-bg-overlay=\"false\"><div class=\"inner-wrap row-bg-layer\" ><div class=\"row-bg viewport-desktop\"  style=\"\"><\/div><\/div><\/div><div class=\"row_col_wrap_12 col span_12 dark left\">\n\t<div style=\"\" class=\"vc_col-sm-4 card wpb_column column_container vc_column_container col no-extra-padding inherit_tablet inherit_phone\" data-using-bg=\"true\" data-padding-pos=\"all\" data-has-bg-color=\"false\" data-bg-color=\"\" data-bg-opacity=\"1\" data-animation=\"\" data-delay=\"0\" >\n\t\t<div class=\"vc_column-inner\" ><a class=\"column-link\" target=\"_self\" href=\"\/pt\/premios\/\"><span class=\"screen-reader-text\">Ver pr\u00e9mios<\/span><\/a><div class=\"column-image-bg-wrap column-bg-layer viewport-desktop\" data-bg-pos=\"center center\" data-bg-animation=\"none\" data-bg-overlay=\"false\"><div class=\"inner-wrap\"><div class=\"column-image-bg\" style=\" background-image: url('https:\/\/bioplates.com\/wp-content\/uploads\/plates.jpg'); \"><\/div><\/div><\/div>\n\t\t\t<div class=\"wpb_wrapper\">\n\t\t\t\t\n<div class=\"wpb_text_column wpb_content_element  tag\" >\n\t<p>Pr\u00e9mios<\/p>\n<\/div>\n\n\n\n\n<div class=\"wpb_text_column wpb_content_element\" >\n\t<h2>3 pr\u00e9mios internacionais de design<\/h2>\n<\/div>\n\n\n\n\n\t\t\t<\/div> \n\t\t<\/div>\n\t<\/div> \n\n\t<div style=\"\" class=\"vc_col-sm-4 card wpb_column column_container vc_column_container col no-extra-padding inherit_tablet inherit_phone\" data-using-bg=\"true\" data-padding-pos=\"all\" data-has-bg-color=\"true\" data-bg-color=\"#8F8F7F\" data-bg-opacity=\"1\" data-animation=\"\" data-delay=\"0\" >\n\t\t<div class=\"vc_column-inner\" ><a class=\"column-link\" target=\"_self\" href=\"\/pt\/impacto\/\"><span class=\"screen-reader-text\">Ver impacto<\/span><\/a><div class=\"column-bg-overlay-wrap column-bg-layer\" data-bg-animation=\"none\"><div class=\"column-bg-overlay\" style=\"opacity: 1; background-color: #8F8F7F;\"><\/div><\/div>\n\t\t\t<div class=\"wpb_wrapper\">\n\t\t\t\t\n<div class=\"wpb_text_column wpb_content_element  tag\" >\n\t<p>Certificado B-CORP<\/p>\n<\/div>\n\n\n\n\n<div class=\"wpb_text_column wpb_content_element\" >\n\t<p><a href=\"https:\/\/bioplates.com\/wp-content\/uploads\/b-corp-logo.svg\"><img loading=\"lazy\" decoding=\"async\" role=\"img\" src=\"\/wp-content\/uploads\/b-corp-logo.svg\" alt=\"B CORP LOGO\" width=\"70\" height=\"70\" \/><\/a><\/p>\n<h2>A criar impacto desde 2022<\/h2>\n<\/div>\n\n\n\n\n\t\t\t<\/div> \n\t\t<\/div>\n\t<\/div> \n\n\t<div style=\"\" class=\"vc_col-sm-4 card wpb_column column_container vc_column_container col no-extra-padding inherit_tablet inherit_phone\" data-using-bg=\"true\" data-padding-pos=\"all\" data-has-bg-color=\"false\" data-bg-color=\"\" data-bg-opacity=\"1\" data-animation=\"\" data-delay=\"0\" >\n\t\t<div class=\"vc_column-inner\" ><a class=\"column-link\" target=\"_self\" href=\"\/pt\/material\/\"><span class=\"screen-reader-text\">Ver Tecnologia<\/span><\/a><div class=\"column-image-bg-wrap column-bg-layer viewport-desktop\" data-bg-pos=\"center center\" data-bg-animation=\"none\" data-bg-overlay=\"false\"><div class=\"inner-wrap\"><div class=\"column-image-bg\" style=\" background-image: url('https:\/\/bioplates.com\/wp-content\/uploads\/flowers.jpg'); \"><\/div><\/div><\/div>\n\t\t\t<div class=\"wpb_wrapper\">\n\t\t\t\t\n<div class=\"wpb_text_column wpb_content_element  tag\" >\n\t<p>A nossa tecnologia<\/p>\n<\/div>\n\n\n\n\n<div class=\"wpb_text_column wpb_content_element\" >\n\t<h2>O biopol\u00edmero da pr\u00f3xima gera\u00e7\u00e3o<\/h2>\n<p><a href=\"#\">Saiba mais<\/a><\/p>\n<\/div>\n\n\n\n\n\t\t\t<\/div> \n\t\t<\/div>\n\t<\/div> \n<\/div><\/div>","protected":false},"excerpt":{"rendered":"What does the future taste like? The most sustainable tableware. The definitive alternative to melamine and enamelware. Developed for professional hospitality environments where durability and responsibility truly matter High-resistance 7,000+...","protected":false},"author":2,"featured_media":0,"parent":0,"menu_order":0,"comment_status":"closed","ping_status":"closed","template":"","meta":{"footnotes":""},"class_list":["post-9","page","type-page","status-publish"],"_links":{"self":[{"href":"https:\/\/bioplates.com\/pt\/wp-json\/wp\/v2\/pages\/9","targetHints":{"allow":["GET"]}}],"collection":[{"href":"https:\/\/bioplates.com\/pt\/wp-json\/wp\/v2\/pages"}],"about":[{"href":"https:\/\/bioplates.com\/pt\/wp-json\/wp\/v2\/types\/page"}],"author":[{"embeddable":true,"href":"https:\/\/bioplates.com\/pt\/wp-json\/wp\/v2\/users\/2"}],"replies":[{"embeddable":true,"href":"https:\/\/bioplates.com\/pt\/wp-json\/wp\/v2\/comments?post=9"}],"version-history":[{"count":11,"href":"https:\/\/bioplates.com\/pt\/wp-json\/wp\/v2\/pages\/9\/revisions"}],"predecessor-version":[{"id":378,"href":"https:\/\/bioplates.com\/pt\/wp-json\/wp\/v2\/pages\/9\/revisions\/378"}],"wp:attachment":[{"href":"https:\/\/bioplates.com\/pt\/wp-json\/wp\/v2\/media?parent=9"}],"curies":[{"name":"wp","href":"https:\/\/api.w.org\/{rel}","templated":true}]}}