{"id":315,"date":"2026-02-13T17:11:08","date_gmt":"2026-02-13T17:11:08","guid":{"rendered":"https:\/\/bioplates.com\/?page_id=315"},"modified":"2026-03-09T14:30:13","modified_gmt":"2026-03-09T14:30:13","slug":"pedir-uma-amostra","status":"publish","type":"page","link":"https:\/\/bioplates.com\/pt\/hospitality\/request-a-sample\/","title":{"rendered":"Request a Sample"},"content":{"rendered":"<div id=\"contact\"  data-column-margin=\"default\" data-midnight=\"light\"  class=\"wpb_row vc_row-fluid vc_row\"  style=\"padding-top: 0px; padding-bottom: 0px; \"><div class=\"row-bg-wrap\" data-bg-animation=\"none\" data-bg-animation-delay=\"\" data-bg-overlay=\"false\"><div class=\"inner-wrap row-bg-layer\" ><div class=\"row-bg viewport-desktop\"  style=\"\"><\/div><\/div><\/div><div class=\"row_col_wrap_12 col span_12 light center\">\n\t<div  class=\"vc_col-sm-12 wpb_column column_container vc_column_container col centered-text no-extra-padding force-desktop-text-align-center inherit_tablet inherit_phone\"  data-padding-pos=\"all\" data-has-bg-color=\"false\" data-bg-color=\"\" data-bg-opacity=\"1\" data-animation=\"\" data-delay=\"0\" >\n\t\t<div class=\"vc_column-inner\" >\n\t\t\t<div class=\"wpb_wrapper\">\n\t\t\t\t\n<div class=\"wpb_text_column wpb_content_element\" >\n\t<p><em>Pedir uma amostra<\/em><\/p>\n<h2>Hot\u00e9is e operadores - Pedir uma amostra<\/h2>\n<\/div>\n\n\n\n\n<div class=\"wpcf7 no-js\" id=\"wpcf7-f275-o1\" lang=\"en-US\" dir=\"ltr\" data-wpcf7-id=\"275\">\n<div class=\"screen-reader-response\"><p role=\"status\" aria-live=\"polite\" aria-atomic=\"true\"><\/p> <ul><\/ul><\/div>\n<form action=\"\/pt\/wp-json\/wp\/v2\/pages\/315#wpcf7-f275-o1\" method=\"post\" class=\"wpcf7-form init\" aria-label=\"Contact form\" novalidate=\"novalidate\" data-status=\"init\" data-trp-original-action=\"\/pt\/wp-json\/wp\/v2\/pages\/315#wpcf7-f275-o1\">\n<fieldset class=\"hidden-fields-container\"><input type=\"hidden\" name=\"_wpcf7\" value=\"275\" \/><input type=\"hidden\" name=\"_wpcf7_version\" value=\"6.1.5\" \/><input type=\"hidden\" name=\"_wpcf7_locale\" value=\"en_US\" \/><input type=\"hidden\" name=\"_wpcf7_unit_tag\" value=\"wpcf7-f275-o1\" \/><input type=\"hidden\" name=\"_wpcf7_container_post\" value=\"0\" \/><input type=\"hidden\" name=\"_wpcf7_posted_data_hash\" value=\"\" \/>\n<\/fieldset>\n<p><span class=\"wpcf7-form-control-wrap\" data-name=\"your-name\"><input size=\"40\" maxlength=\"400\" class=\"wpcf7-form-control wpcf7-text wpcf7-validates-as-required\" aria-required=\"true\" aria-invalid=\"false\" placeholder=\"Nome\" value=\"\" type=\"text\" name=\"your-name\" \/><\/span><br \/>\n<span class=\"wpcf7-form-control-wrap\" data-name=\"your-email\"><input size=\"40\" maxlength=\"400\" class=\"wpcf7-form-control wpcf7-email wpcf7-validates-as-required wpcf7-text wpcf7-validates-as-email\" aria-required=\"true\" aria-invalid=\"false\" placeholder=\"Correio eletr\u00f3nico\" value=\"\" type=\"email\" name=\"your-email\" \/><\/span><br \/>\n<span class=\"wpcf7-form-control-wrap\" data-name=\"your-job\"><input size=\"40\" maxlength=\"400\" class=\"wpcf7-form-control wpcf7-text wpcf7-validates-as-required\" aria-required=\"true\" aria-invalid=\"false\" placeholder=\"T\u00edtulo do emprego\" value=\"\" type=\"text\" name=\"your-job\" \/><\/span><br \/>\n<span class=\"wpcf7-form-control-wrap\" data-name=\"your-hotel\"><input size=\"40\" maxlength=\"400\" class=\"wpcf7-form-control wpcf7-text wpcf7-validates-as-required\" aria-required=\"true\" aria-invalid=\"false\" placeholder=\"Hotel \/ Grupo\" value=\"\" type=\"text\" name=\"your-hotel\" \/><\/span>\n<\/p>\n<p style=\"padding-bottom: .5em\">\u00c1rea de utiliza\u00e7\u00e3o\n<\/p>\n<p><span class=\"wpcf7-form-control-wrap\" data-name=\"area-of-use\"><span class=\"wpcf7-form-control wpcf7-checkbox checkbox\"><span class=\"wpcf7-list-item first\"><input type=\"checkbox\" name=\"area-of-use[]\" value=\"Pool\" \/><span class=\"wpcf7-list-item-label\">Piscina<\/span><\/span><span class=\"wpcf7-list-item\"><input type=\"checkbox\" name=\"area-of-use[]\" value=\"Beach\" \/><span class=\"wpcf7-list-item-label\">Praia<\/span><\/span><span class=\"wpcf7-list-item\"><input type=\"checkbox\" name=\"area-of-use[]\" value=\"Events\" \/><span class=\"wpcf7-list-item-label\">Eventos<\/span><\/span><span class=\"wpcf7-list-item\"><input type=\"checkbox\" name=\"area-of-use[]\" value=\"Boats\" \/><span class=\"wpcf7-list-item-label\">Barcos<\/span><\/span><span class=\"wpcf7-list-item last\"><input type=\"checkbox\" name=\"area-of-use[]\" value=\"Other\" \/><span class=\"wpcf7-list-item-label\">Outros<\/span><\/span><\/span><\/span><br \/>\n<span class=\"wpcf7-form-control-wrap\" data-name=\"your-message\"><textarea cols=\"40\" rows=\"10\" maxlength=\"2000\" class=\"wpcf7-form-control wpcf7-textarea\" aria-invalid=\"false\" placeholder=\"Notas adicionais\" name=\"your-message\"><\/textarea><\/span><br \/>\n<input class=\"wpcf7-form-control wpcf7-submit has-spinner\" type=\"submit\" value=\"ENVIAR PEDIDO\" \/>\n<\/p>\n<p>Ao enviar as suas informa\u00e7\u00f5es, concorda com a nossa <a href=\"#\">Pol\u00edtica de privacidade<\/a>.\n<\/p><div class=\"wpcf7-form-control-wrap maspik-field\">\n                <label for=\"full-name-maspik-hp\" class=\"wpcf7-form-control-label\">Leave this field empty<\/label>\n                <input size=\"1\" type=\"text\" autocomplete=\"off\" aria-hidden=\"true\" tabindex=\"-1\" aria-label=\"Leave this field empty\" name=\"full-name-maspik-hp\" id=\"full-name-maspik-hp\" class=\"wpcf7-form-control wpcf7-text\" placeholder=\"Leave this field empty\">\n            <\/div><div class=\"wpcf7-response-output\" aria-hidden=\"true\"><\/div>\n<input type=\"hidden\" name=\"trp-form-language\" value=\"pt\"\/><\/form>\n<\/div>\n\n\t\t\t<\/div> \n\t\t<\/div>\n\t<\/div> \n<\/div><\/div>","protected":false},"excerpt":{"rendered":"Request a sample Hotels &amp; Operators - Request a sample Area of use PoolBeachEventsBoatsOther By submitting your information vou agree to our Privacy Policy. Leave this field empty","protected":false},"author":2,"featured_media":0,"parent":154,"menu_order":2,"comment_status":"closed","ping_status":"closed","template":"","meta":{"footnotes":""},"class_list":["post-315","page","type-page","status-publish"],"_links":{"self":[{"href":"https:\/\/bioplates.com\/pt\/wp-json\/wp\/v2\/pages\/315","targetHints":{"allow":["GET"]}}],"collection":[{"href":"https:\/\/bioplates.com\/pt\/wp-json\/wp\/v2\/pages"}],"about":[{"href":"https:\/\/bioplates.com\/pt\/wp-json\/wp\/v2\/types\/page"}],"author":[{"embeddable":true,"href":"https:\/\/bioplates.com\/pt\/wp-json\/wp\/v2\/users\/2"}],"replies":[{"embeddable":true,"href":"https:\/\/bioplates.com\/pt\/wp-json\/wp\/v2\/comments?post=315"}],"version-history":[{"count":2,"href":"https:\/\/bioplates.com\/pt\/wp-json\/wp\/v2\/pages\/315\/revisions"}],"predecessor-version":[{"id":317,"href":"https:\/\/bioplates.com\/pt\/wp-json\/wp\/v2\/pages\/315\/revisions\/317"}],"up":[{"embeddable":true,"href":"https:\/\/bioplates.com\/pt\/wp-json\/wp\/v2\/pages\/154"}],"wp:attachment":[{"href":"https:\/\/bioplates.com\/pt\/wp-json\/wp\/v2\/media?parent=315"}],"curies":[{"name":"wp","href":"https:\/\/api.w.org\/{rel}","templated":true}]}}