{"id":20,"date":"2026-01-26T12:10:02","date_gmt":"2026-01-26T12:10:02","guid":{"rendered":"https:\/\/bioplates.com\/?page_id=20"},"modified":"2026-03-09T14:30:13","modified_gmt":"2026-03-09T14:30:13","slug":"clientes","status":"publish","type":"page","link":"https:\/\/bioplates.com\/pt\/clients\/","title":{"rendered":"Clientes"},"content":{"rendered":"<div id=\"fws_69e5e6a459ec1\"  data-column-margin=\"default\" data-midnight=\"dark\"  class=\"wpb_row vc_row-fluid vc_row  top_margin_5rem bottom_margin_2rem\"  style=\"padding-top: 0px; padding-bottom: 0px; \"><div class=\"row-bg-wrap\" data-bg-animation=\"none\" data-bg-animation-delay=\"\" data-bg-overlay=\"false\"><div class=\"inner-wrap row-bg-layer\" ><div class=\"row-bg viewport-desktop\"  style=\"\"><\/div><\/div><\/div><div class=\"row_col_wrap_12 col span_12 dark left\">\n\t<div  class=\"vc_col-sm-4 wpb_column column_container vc_column_container col no-extra-padding inherit_tablet inherit_phone flex_gap_desktop_10px\"  data-padding-pos=\"all\" data-has-bg-color=\"false\" data-bg-color=\"\" data-bg-opacity=\"1\" data-animation=\"\" data-delay=\"0\" >\n\t\t<div class=\"vc_column-inner\" >\n\t\t\t<div class=\"wpb_wrapper\">\n\t\t\t\t<p style=\"text-align: left\" class=\"vc_custom_heading vc_do_custom_heading tag\" >Os nossos clientes<\/p><div class=\"divider-wrap\" data-alignment=\"default\"><div style=\"height: 40px;\" class=\"divider\"><\/div><\/div>\n<div class=\"wpb_text_column wpb_content_element\" >\n\t<h2>Casos de utiliza\u00e7\u00e3o<\/h2>\n<p>De restaurantes com estrelas Michelin a resorts \u00e0 beira-mar, os bioplacas est\u00e3o a redefinir o desempenho em ambientes reais.<\/p>\n<\/div>\n\n\n\n\n\t\t\t<\/div> \n\t\t<\/div>\n\t<\/div> \n\n\t<div  class=\"vc_col-sm-8 wpb_column column_container vc_column_container col no-extra-padding inherit_tablet inherit_phone flex_gap_desktop_10px\"  data-padding-pos=\"all\" data-has-bg-color=\"false\" data-bg-color=\"\" data-bg-opacity=\"1\" data-animation=\"\" data-delay=\"0\" >\n\t\t<div class=\"vc_column-inner\" >\n\t\t\t<div class=\"wpb_wrapper\">\n\t\t\t\t\n\t\t\t<\/div> \n\t\t<\/div>\n\t<\/div> \n<\/div><\/div>\n\t\t<div id=\"fws_69e5e6a45b0be\"  data-column-margin=\"default\" data-midnight=\"dark\"  class=\"wpb_row vc_row-fluid vc_row\"  style=\"padding-top: 0px; padding-bottom: 0px; \"><div class=\"row-bg-wrap\" data-bg-animation=\"none\" data-bg-animation-delay=\"\" data-bg-overlay=\"false\"><div class=\"inner-wrap row-bg-layer\" ><div class=\"row-bg viewport-desktop\"  style=\"\"><\/div><\/div><\/div><div class=\"row_col_wrap_12 col span_12 dark left\">\n\t<div  class=\"vc_col-sm-12 wpb_column column_container vc_column_container col no-extra-padding inherit_tablet inherit_phone flex_gap_desktop_10px\"  data-padding-pos=\"all\" data-has-bg-color=\"false\" data-bg-color=\"\" data-bg-opacity=\"1\" data-animation=\"\" data-delay=\"0\" >\n\t\t<div class=\"vc_column-inner\" >\n\t\t\t<div class=\"wpb_wrapper\">\n\t\t\t\t\n<div class=\"wpb_text_column wpb_content_element  logo-list\" >\n\t<p><img loading=\"lazy\" decoding=\"async\" class=\"alignnone size-medium wp-image-253\" role=\"img\" src=\"https:\/\/bioplates.com\/wp-content\/uploads\/six-sense-logo.svg\" alt=\"\" width=\"300\" height=\"300\" \/><img loading=\"lazy\" decoding=\"async\" class=\"alignnone size-medium wp-image-254\" role=\"img\" src=\"https:\/\/bioplates.com\/wp-content\/uploads\/herdade-esporao-logo.svg\" alt=\"\" width=\"300\" height=\"300\" \/><img loading=\"lazy\" decoding=\"async\" class=\"alignnone size-medium wp-image-251\" role=\"img\" src=\"https:\/\/bioplates.com\/wp-content\/uploads\/immerso-logo.svg\" alt=\"\" width=\"300\" height=\"300\" \/><img loading=\"lazy\" decoding=\"async\" class=\"alignnone size-medium wp-image-252\" role=\"img\" src=\"https:\/\/bioplates.com\/wp-content\/uploads\/herdade-malhadinha-logo.svg\" alt=\"\" width=\"300\" height=\"300\" \/><img loading=\"lazy\" decoding=\"async\" class=\"alignnone size-medium wp-image-249\" role=\"img\" src=\"https:\/\/bioplates.com\/wp-content\/uploads\/aethos-logo.svg\" alt=\"\" width=\"300\" height=\"300\" \/><img loading=\"lazy\" decoding=\"async\" class=\"alignnone size-medium wp-image-250\" role=\"img\" src=\"https:\/\/bioplates.com\/wp-content\/uploads\/sublime-logo.svg\" alt=\"\" width=\"300\" height=\"300\" \/><\/p>\n<\/div>\n\n\n\n\n\t\t\t<\/div> \n\t\t<\/div>\n\t<\/div> \n<\/div><\/div>\n\t\t<div id=\"home-testimonial\"  data-column-margin=\"default\" data-midnight=\"dark\"  class=\"wpb_row vc_row-fluid vc_row full-width-content has-row-bg-color vc_row-o-equal-height vc_row-flex vc_row-o-content-middle  bottom_margin_4rem\"  style=\"padding-top: 0px; padding-bottom: 0px; --row-bg-color: #D9D5CA;\"><div class=\"row-bg-wrap\" data-bg-animation=\"none\" data-bg-animation-delay=\"\" data-bg-overlay=\"false\"><div class=\"inner-wrap row-bg-layer\" ><div class=\"row-bg viewport-desktop using-bg-color\"  style=\"background-color: #D9D5CA; \"><\/div><\/div><\/div><div class=\"row_col_wrap_12 col span_12 dark left\">\n\t<div  class=\"vc_col-sm-12 wpb_column column_container vc_column_container col no-extra-padding inherit_tablet inherit_phone flex_gap_desktop_10px\"  data-padding-pos=\"all\" data-has-bg-color=\"false\" data-bg-color=\"\" data-bg-opacity=\"1\" data-animation=\"\" data-delay=\"0\" >\n\t\t<div class=\"vc_column-inner\" >\n\t\t\t<div class=\"wpb_wrapper\">\n\t\t\t\t<h2 style=\"text-align: center\" class=\"vc_custom_heading vc_do_custom_heading\" >O que dizem os nossos clientes:<\/h2><div class=\"testimonial_slider span_12 col\" data-color=\"\" data-rating-color=\"accent-color\" data-controls=\"default\" data-add-border=\"\" data-autorotate=\"5000\" data-style=\"minimal\" ><div class=\"slides\"><blockquote>  <p><span class=\"open-quote\">\u201c<\/span>Os bioplacas enquadram-se muito melhor na nossa vis\u00e3o sustent\u00e1vel do que os pratos de esmalte.<span class=\"close-quote\">\u201d<\/span> <span role=\"none\" class=\"bottom-arrow\"><\/span><\/p><span class=\"testimonial-name\">Chefe Mikel, Aethos Mallorca<\/span><span class=\"title\">(Hotel reconhecido internacionalmente pelo seu compromisso com a sustentabilidade e o bem-estar)<\/span><\/blockquote><blockquote>  <p><span class=\"open-quote\">\u201c<\/span>As bioplacas mantiveram a sua cor, brilho e resist\u00eancia ap\u00f3s mais de 7.000 lavagens industriais.<span class=\"close-quote\">\u201d<\/span> <span role=\"none\" class=\"bottom-arrow\"><\/span><\/p><span class=\"testimonial-name\">Diogo Gonzaga, Chefe Executivo - Sublime Comporta<\/span><span class=\"title\">(Hotel boutique l\u00edder da Europa - World Travel Awards 2020)<\/span><\/blockquote><blockquote>  <p><span class=\"open-quote\">\u201c<\/span>Opt\u00e1mos por Bioplacas - a melamina j\u00e1 n\u00e3o faz sentido para n\u00f3s.<span class=\"close-quote\">\u201d<\/span> <span role=\"none\" class=\"bottom-arrow\"><\/span><\/p><span class=\"testimonial-name\">Andr\u00e9 Conde\u00e7o, Diretor de F&amp;B - Sublime Comporta<\/span><span class=\"title\">(Hotel boutique l\u00edder da Europa - World Travel Awards 2020)<\/span><\/blockquote><blockquote>  <p><span class=\"open-quote\">\u201c<\/span>Estamos dispostos a pagar mais para abandonar os descart\u00e1veis - os biopl\u00e1sticos s\u00e3o bonitos, duradouros e est\u00e3o em sintonia com a nossa identidade sustent\u00e1vel.<span class=\"close-quote\">\u201d<\/span> <span role=\"none\" class=\"bottom-arrow\"><\/span><\/p><span class=\"testimonial-name\">Gon\u00e7alo Menezes, Diretor Geral - Immerso<\/span><span class=\"title\">(Hotel de refer\u00eancia para a sustentabilidade na Ericeira - Reserva Mundial de Surf)<\/span><\/blockquote><blockquote>  <p><span class=\"open-quote\">\u201c<\/span>Os bioplacas s\u00e3o, honestamente, a op\u00e7\u00e3o mais sustent\u00e1vel que conhe\u00e7o - resolvem um problema antigo para o qual nunca encontr\u00e1mos uma solu\u00e7\u00e3o.<span class=\"close-quote\">\u201d<\/span> <span role=\"none\" class=\"bottom-arrow\"><\/span><\/p><span class=\"testimonial-name\">Chefe Carlos Albuquerque - Herdade do Espor\u00e3o<\/span><span class=\"title\">(\u2b50 Estrela Verde Michelin)<\/span><\/blockquote><blockquote>  <p><span class=\"open-quote\">\u201c<\/span>Nos barcos, as Bioplacas funcionam na perfei\u00e7\u00e3o - leves, seguras e ideais para utiliza\u00e7\u00e3o n\u00e1utica.<span class=\"close-quote\">\u201d<\/span> <span role=\"none\" class=\"bottom-arrow\"><\/span><\/p><span class=\"testimonial-name\">Chefe Marc Llor\u00e9s - Aethos Mallorca<\/span><span class=\"title\">(Hotel reconhecido pela sua abordagem hol\u00edstica da sustentabilidade)<\/span><\/blockquote><blockquote>  <p><span class=\"open-quote\">\u201c<\/span>Na Six Senses n\u00e3o usamos pl\u00e1stico - e os Bioplatos foram a primeira solu\u00e7\u00e3o verdadeiramente sustent\u00e1vel e duradoura que encontr\u00e1mos para substituir a loi\u00e7a esmaltada.<span class=\"close-quote\">\u201d<\/span> <span role=\"none\" class=\"bottom-arrow\"><\/span><\/p><span class=\"testimonial-name\">Jos\u00e9 Moreira (Diretor de F&amp;B) &amp; Chef Jos\u00e9 Maria - Six Senses Douro Valley<\/span><span class=\"title\">(Vencedor do pr\u00e9mio \u2018Restaurante Mais Sustent\u00e1vel de Portugal\u2019 - Mesa Marcada)<\/span><\/blockquote><blockquote>  <p><span class=\"open-quote\">\u201c<\/span>Os bioplacas combinam uma est\u00e9tica ecol\u00f3gica, moderna e chique - uma rara express\u00e3o de luxo sustent\u00e1vel que nos impressionou desde o primeiro momento.<span class=\"close-quote\">\u201d<\/span> <span role=\"none\" class=\"bottom-arrow\"><\/span><\/p><span class=\"testimonial-name\">Chefe C\u00edntia Koerper - Herdade da Malhadinha Nova<\/span><span class=\"title\">(\u2b50 Estrela Verde Michelin)<\/span><\/blockquote><\/div><\/div>\n\t\t\t<\/div> \n\t\t<\/div>\n\t<\/div> \n<\/div><\/div>\n\t\t<div id=\"regular-cards\"  data-column-margin=\"default\" data-midnight=\"light\"  class=\"wpb_row vc_row-fluid vc_row full-width-section\"  style=\"padding-top: 6em; padding-bottom: 6em; \"><div class=\"row-bg-wrap\" data-bg-animation=\"none\" data-bg-animation-delay=\"\" data-bg-overlay=\"false\"><div class=\"inner-wrap row-bg-layer using-image\" ><div class=\"row-bg viewport-desktop using-image\"  style=\"background-image: url(https:\/\/bioplates.com\/wp-content\/uploads\/bg-clients.jpg); background-position: center center; background-repeat: no-repeat; \"><\/div><\/div><\/div><div class=\"row_col_wrap_12 col span_12 light center\">\n\t<div  class=\"vc_col-sm-12 wpb_column column_container vc_column_container col no-extra-padding inherit_tablet inherit_phone flex_gap_desktop_10px\"  data-padding-pos=\"all\" data-has-bg-color=\"false\" data-bg-color=\"\" data-bg-opacity=\"1\" data-animation=\"\" data-delay=\"0\" >\n\t\t<div class=\"vc_column-inner\" >\n\t\t\t<div class=\"wpb_wrapper\">\n\t\t\t\t\n<div class=\"wpb_text_column wpb_content_element\" >\n\t<h2>Concebido para a hotelaria moderna<\/h2>\n<\/div>\n\n\n\n<div id=\"fws_69e5e6a45d53d\" data-midnight=\"\" data-column-margin=\"default\" class=\"wpb_row vc_row-fluid vc_row inner_row horizontal c1\"  style=\"\"><div class=\"row-bg-wrap\"> <div class=\"row-bg\" ><\/div> <\/div><div class=\"row_col_wrap_12_inner col span_12  left\">\n\t<div  class=\"vc_col-sm-12 wpb_column column_container vc_column_container col child_column no-extra-padding inherit_tablet inherit_phone flex_gap_desktop_10px\"   data-padding-pos=\"all\" data-has-bg-color=\"false\" data-bg-color=\"\" data-bg-opacity=\"1\" data-animation=\"\" data-delay=\"0\" >\n\t\t<div class=\"vc_column-inner\" >\n\t\t<div class=\"wpb_wrapper\">\n\t\t\t<div class=\"nectar-fancy-ul\" data-list-icon=\"none\" data-animation=\"false\" data-animation-delay=\"0\" data-color=\"accent-color\" data-spacing=\"20px\" data-alignment=\"left\"> <em>\u00c1reas de piscina e praia<\/em><br \/>\nAcabaram-se os micropl\u00e1sticos da melamina. Os biopl\u00e1sticos s\u00e3o seguros, limpos, duradouros e totalmente biodegrad\u00e1veis. <\/div><div class=\"nectar-fancy-ul\" data-list-icon=\"none\" data-animation=\"false\" data-animation-delay=\"0\" data-color=\"accent-color\" data-spacing=\"20px\" data-alignment=\"left\"> <em>Jantar ao ar livre<\/em><br \/>\nLeve e resistente aos choques. Perfeito para jardins, p\u00e1tios ou bares em telhados. <\/div><div class=\"nectar-fancy-ul\" data-list-icon=\"none\" data-animation=\"false\" data-animation-delay=\"0\" data-color=\"accent-color\" data-spacing=\"20px\" data-alignment=\"left\"> <em>Eventos e retiros ecol\u00f3gicos<\/em><br \/>\nMostre aos seus convidados que se preocupa - desde a mesa at\u00e9 \u00e0 terra. <\/div><div class=\"nectar-fancy-ul\" data-list-icon=\"none\" data-animation=\"false\" data-animation-delay=\"0\" data-color=\"accent-color\" data-spacing=\"20px\" data-alignment=\"left\"> <em>Buffets e pequeno-almo\u00e7o<\/em><br \/>\nConcebida especificamente para funcionar em m\u00e1quinas de lavar loi\u00e7a comerciais e em ambientes hoteleiros de elevada rota\u00e7\u00e3o. <\/div><div class=\"nectar-fancy-ul\" data-list-icon=\"none\" data-animation=\"false\" data-animation-delay=\"0\" data-color=\"accent-color\" data-spacing=\"20px\" data-alignment=\"left\"> <em>Hot\u00e9is de luxo sustent\u00e1veis<\/em><br \/>\nCom a confian\u00e7a de Six Senses, Sublime e outros. <\/div><div class=\"nectar-fancy-ul\" data-list-icon=\"none\" data-animation=\"false\" data-animation-delay=\"0\" data-color=\"accent-color\" data-spacing=\"20px\" data-alignment=\"left\"> <em>Objectivos circulares<\/em><br \/>\nTotalmente compat\u00edvel com iniciativas sem pl\u00e1stico ou sem res\u00edduos. <\/div>\n\t\t<\/div> \n\t<\/div>\n\t<\/div> \n<\/div><\/div>\n\t\t\t<\/div> \n\t\t<\/div>\n\t<\/div> \n<\/div><\/div>","protected":false},"excerpt":{"rendered":"Our clients Use cases From Michelin-starred restaurants.to beachfront resorts Bioplates are redefining. performance in real-world settings. What our clients say: &#8220;Bioplates fit our sustainable vision far better than enamelware plates.&#8221;...","protected":false},"author":2,"featured_media":0,"parent":0,"menu_order":4,"comment_status":"closed","ping_status":"closed","template":"","meta":{"footnotes":""},"class_list":["post-20","page","type-page","status-publish"],"_links":{"self":[{"href":"https:\/\/bioplates.com\/pt\/wp-json\/wp\/v2\/pages\/20","targetHints":{"allow":["GET"]}}],"collection":[{"href":"https:\/\/bioplates.com\/pt\/wp-json\/wp\/v2\/pages"}],"about":[{"href":"https:\/\/bioplates.com\/pt\/wp-json\/wp\/v2\/types\/page"}],"author":[{"embeddable":true,"href":"https:\/\/bioplates.com\/pt\/wp-json\/wp\/v2\/users\/2"}],"replies":[{"embeddable":true,"href":"https:\/\/bioplates.com\/pt\/wp-json\/wp\/v2\/comments?post=20"}],"version-history":[{"count":11,"href":"https:\/\/bioplates.com\/pt\/wp-json\/wp\/v2\/pages\/20\/revisions"}],"predecessor-version":[{"id":365,"href":"https:\/\/bioplates.com\/pt\/wp-json\/wp\/v2\/pages\/20\/revisions\/365"}],"wp:attachment":[{"href":"https:\/\/bioplates.com\/pt\/wp-json\/wp\/v2\/media?parent=20"}],"curies":[{"name":"wp","href":"https:\/\/api.w.org\/{rel}","templated":true}]}}