{"id":18,"date":"2026-01-26T12:09:52","date_gmt":"2026-01-26T12:09:52","guid":{"rendered":"https:\/\/bioplates.com\/?page_id=18"},"modified":"2026-03-10T09:57:31","modified_gmt":"2026-03-10T09:57:31","slug":"impacto","status":"publish","type":"page","link":"https:\/\/bioplates.com\/pt\/impact\/","title":{"rendered":"Impacto"},"content":{"rendered":"<div id=\"sub-hero\"  data-column-margin=\"default\" data-midnight=\"light\"  class=\"wpb_row vc_row-fluid vc_row full-width-section vc_row-o-equal-height vc_row-flex vc_row-o-content-middle parallax_section\"  style=\"padding-top: 0px; padding-bottom: 0px; \"><div class=\"row-bg-wrap\" data-bg-animation=\"none\" data-bg-animation-delay=\"\" data-bg-overlay=\"false\"><div class=\"inner-wrap row-bg-layer using-image\" ><div class=\"row-bg viewport-desktop using-image\" data-parallax-speed=\"medium_fast\" style=\"background-image: url(https:\/\/bioplates.com\/wp-content\/uploads\/flower-2-bg.jpg); background-position: center center; background-repeat: no-repeat; \"><\/div><\/div><\/div><div class=\"row_col_wrap_12 col span_12 light center\">\n\t<div style=\" color: #FFFED9;\" class=\"vc_col-sm-12 wpb_column column_container vc_column_container col no-extra-padding inherit_tablet inherit_phone\" data-cfc=\"true\"  data-padding-pos=\"all\" data-has-bg-color=\"false\" data-bg-color=\"\" data-bg-opacity=\"1\" data-animation=\"\" data-delay=\"0\" >\n\t\t<div class=\"vc_column-inner\" >\n\t\t\t<div class=\"wpb_wrapper\">\n\t\t\t\t\n<div class=\"wpb_text_column wpb_content_element\" >\n\t<h1 style=\"text-align: center;\">Tudo come\u00e7a com<br \/>\na pensar como \u00e9 que acaba.<\/h1>\n<\/div>\n\n\n\n\n\t\t\t<\/div> \n\t\t<\/div>\n\t<\/div> \n<\/div><\/div>\n\t\t<div id=\"fws_69e5e81f95ab5\"  data-column-margin=\"default\" data-midnight=\"dark\"  class=\"wpb_row vc_row-fluid vc_row  top_margin_5rem\"  style=\"padding-top: 0px; padding-bottom: 0px; \"><div class=\"row-bg-wrap\" data-bg-animation=\"none\" data-bg-animation-delay=\"\" data-bg-overlay=\"false\"><div class=\"inner-wrap row-bg-layer\" ><div class=\"row-bg viewport-desktop\"  style=\"\"><\/div><\/div><\/div><div class=\"row_col_wrap_12 col span_12 dark left\">\n\t<div  class=\"vc_col-sm-4 wpb_column column_container vc_column_container col no-extra-padding inherit_tablet inherit_phone flex_gap_desktop_10px\"  data-padding-pos=\"all\" data-has-bg-color=\"false\" data-bg-color=\"\" data-bg-opacity=\"1\" data-animation=\"\" data-delay=\"0\" >\n\t\t<div class=\"vc_column-inner\" >\n\t\t\t<div class=\"wpb_wrapper\">\n\t\t\t\t<p style=\"text-align: left\" class=\"vc_custom_heading vc_do_custom_heading tag\" >Conce\u00e7\u00e3o regenerativa<\/p><div class=\"divider-wrap\" data-alignment=\"default\"><div style=\"height: 40px;\" class=\"divider\"><\/div><\/div>\n<div class=\"wpb_text_column wpb_content_element\" >\n\t<h2>Ciclo de vida das bioplacas<\/h2>\n<p>Ao adotar princ\u00edpios regenerativos, comprometemo-nos com uma responsabilidade mais profunda que apoia a sa\u00fade a longo prazo do nosso planeta, assegurando que cada passo que damos contribui para um ecossistema pr\u00f3spero e equilibrado para as gera\u00e7\u00f5es futuras.<\/p>\n<\/div>\n\n\n\n\n\t\t\t<\/div> \n\t\t<\/div>\n\t<\/div> \n\n\t<div  class=\"vc_col-sm-8 wpb_column column_container vc_column_container col no-extra-padding inherit_tablet inherit_phone flex_gap_desktop_10px\"  data-padding-pos=\"all\" data-has-bg-color=\"false\" data-bg-color=\"\" data-bg-opacity=\"1\" data-animation=\"\" data-delay=\"0\" >\n\t\t<div class=\"vc_column-inner\" >\n\t\t\t<div class=\"wpb_wrapper\">\n\t\t\t\t<div class=\"img-with-aniamtion-wrap right custom-width-780px\" data-max-width=\"custom\" data-max-width-mobile=\"default\" data-shadow=\"none\" data-animation=\"none\" >\n      <div class=\"inner\">\n        <div class=\"hover-wrap\"> \n          <div class=\"hover-wrap-inner\">\n            <img loading=\"lazy\" decoding=\"async\" class=\"img-with-animation skip-lazy\" data-delay=\"0\" height=\"492\" width=\"780\" data-animation=\"none\" src=\"https:\/\/bioplates.com\/wp-content\/uploads\/impact-graphic-pt.svg\" alt=\"\"  \/>\n          <\/div>\n        <\/div>\n        \n      <\/div>\n    <\/div>\n\t\t\t<\/div> \n\t\t<\/div>\n\t<\/div> \n<\/div><\/div>\n\t\t<div id=\"regular-cards\"  data-column-margin=\"default\" data-midnight=\"dark\"  class=\"wpb_row vc_row-fluid vc_row  top_margin_5rem bottom_margin_3rem\"  style=\"padding-top: 0px; padding-bottom: 0px; \"><div class=\"row-bg-wrap\" data-bg-animation=\"none\" data-bg-animation-delay=\"\" data-bg-overlay=\"false\"><div class=\"inner-wrap row-bg-layer\" ><div class=\"row-bg viewport-desktop\"  style=\"\"><\/div><\/div><\/div><div class=\"row_col_wrap_12 col span_12 dark center\">\n\t<div  class=\"vc_col-sm-12 wpb_column column_container vc_column_container col no-extra-padding inherit_tablet inherit_phone flex_gap_desktop_10px\"  data-padding-pos=\"all\" data-has-bg-color=\"false\" data-bg-color=\"\" data-bg-opacity=\"1\" data-animation=\"\" data-delay=\"0\" >\n\t\t<div class=\"vc_column-inner\" >\n\t\t\t<div class=\"wpb_wrapper\">\n\t\t\t\t\n<div class=\"wpb_text_column wpb_content_element\" >\n\t<p><em>Criar impacto<\/em><\/p>\n<h2>Artigos de mesa sustent\u00e1veis<\/h2>\n<\/div>\n\n\n\n<div id=\"fws_69e5e81f978be\" data-midnight=\"\" data-column-margin=\"default\" class=\"wpb_row vc_row-fluid vc_row inner_row horizontal\"  style=\"padding-top: 2rem; \"><div class=\"row-bg-wrap\"> <div class=\"row-bg\" ><\/div> <\/div><div class=\"row_col_wrap_12_inner col span_12  center\">\n\t<div  class=\"vc_col-sm-12 wpb_column column_container vc_column_container col child_column no-extra-padding inherit_tablet inherit_phone flex_gap_desktop_10px\"   data-padding-pos=\"all\" data-has-bg-color=\"false\" data-bg-color=\"\" data-bg-opacity=\"1\" data-animation=\"\" data-delay=\"0\" >\n\t\t<div class=\"vc_column-inner\" >\n\t\t<div class=\"wpb_wrapper\">\n\t\t\t<div class=\"nectar-fancy-ul\" data-list-icon=\"none\" data-animation=\"false\" data-animation-delay=\"0\" data-color=\"accent-color\" data-spacing=\"20px\" data-alignment=\"left\"> <em>Pegada de carbono<\/em><br \/>\n<strong>-4,5 kg<\/strong><br \/>\nCO\u00b2 por placa<\/p>\n<blockquote><p>Cada placa elimina 4,5 kg de CO2 atrav\u00e9s da refloresta\u00e7\u00e3o<\/p><\/blockquote>\n <\/div><div class=\"nectar-fancy-ul\" data-list-icon=\"none\" data-animation=\"false\" data-animation-delay=\"0\" data-color=\"accent-color\" data-spacing=\"20px\" data-alignment=\"left\"> <em>Biodegradabilidade<\/em><br \/>\n<strong>3 anos<\/strong><br \/>\nno solo<\/p>\n<blockquote><p>As placas avariam em menos de tr\u00eas anos<\/p><\/blockquote>\n <\/div><div class=\"nectar-fancy-ul\" data-list-icon=\"none\" data-animation=\"false\" data-animation-delay=\"0\" data-color=\"accent-color\" data-spacing=\"20px\" data-alignment=\"left\"> <em>Certifica\u00e7\u00e3o<\/em><br \/>\n<img loading=\"lazy\" decoding=\"async\" class=\"size-medium wp-image-197 alignnone\" role=\"img\" src=\"https:\/\/bioplates.com\/wp-content\/uploads\/tuv-logo.svg\" alt=\"\" width=\"300\" height=\"300\" \/><br \/>\nCertifica\u00e7\u00e3o de degradabilidade<\/p>\n<blockquote><p>Certificado de degrada\u00e7\u00e3o total pelas normas da T\u00dcV \u00c1ustria<\/p><\/blockquote>\n <\/div><div class=\"nectar-fancy-ul\" data-list-icon=\"none\" data-animation=\"false\" data-animation-delay=\"0\" data-color=\"accent-color\" data-spacing=\"20px\" data-alignment=\"left\"> <em>Produ\u00e7\u00e3o<\/em><br \/>\n<a href=\"https:\/\/bioplates.com\/wp-content\/uploads\/production-icon.svg\"><img loading=\"lazy\" decoding=\"async\" class=\"alignnone size-medium wp-image-193\" role=\"img\" src=\"https:\/\/bioplates.com\/wp-content\/uploads\/production-icon.svg\" alt=\"\" width=\"300\" height=\"300\" \/><\/a><br \/>\nProdu\u00e7\u00e3o sustent\u00e1vel<\/p>\n<blockquote><p>Fabricado com energia renov\u00e1vel<\/p><\/blockquote>\n <\/div>\n\t\t<\/div> \n\t<\/div>\n\t<\/div> \n<\/div><\/div>\n\t\t\t<\/div> \n\t\t<\/div>\n\t<\/div> \n<\/div><\/div>","protected":false},"excerpt":{"rendered":"It all starts with thinking how it ends. Regenerative design Bioplates lifecycle By embracing regenerative principles, we commit to a deeper responsibility that supports the long-term health of our planet,...","protected":false},"author":2,"featured_media":0,"parent":0,"menu_order":3,"comment_status":"closed","ping_status":"closed","template":"","meta":{"footnotes":""},"class_list":["post-18","page","type-page","status-publish"],"_links":{"self":[{"href":"https:\/\/bioplates.com\/pt\/wp-json\/wp\/v2\/pages\/18","targetHints":{"allow":["GET"]}}],"collection":[{"href":"https:\/\/bioplates.com\/pt\/wp-json\/wp\/v2\/pages"}],"about":[{"href":"https:\/\/bioplates.com\/pt\/wp-json\/wp\/v2\/types\/page"}],"author":[{"embeddable":true,"href":"https:\/\/bioplates.com\/pt\/wp-json\/wp\/v2\/users\/2"}],"replies":[{"embeddable":true,"href":"https:\/\/bioplates.com\/pt\/wp-json\/wp\/v2\/comments?post=18"}],"version-history":[{"count":10,"href":"https:\/\/bioplates.com\/pt\/wp-json\/wp\/v2\/pages\/18\/revisions"}],"predecessor-version":[{"id":386,"href":"https:\/\/bioplates.com\/pt\/wp-json\/wp\/v2\/pages\/18\/revisions\/386"}],"wp:attachment":[{"href":"https:\/\/bioplates.com\/pt\/wp-json\/wp\/v2\/media?parent=18"}],"curies":[{"name":"wp","href":"https:\/\/api.w.org\/{rel}","templated":true}]}}