{"id":14,"date":"2026-01-26T12:09:30","date_gmt":"2026-01-26T12:09:30","guid":{"rendered":"https:\/\/bioplates.com\/?page_id=14"},"modified":"2026-03-09T14:30:13","modified_gmt":"2026-03-09T14:30:13","slug":"material","status":"publish","type":"page","link":"https:\/\/bioplates.com\/pt\/material\/","title":{"rendered":"Material"},"content":{"rendered":"<div id=\"sub-hero\"  data-column-margin=\"default\" data-midnight=\"dark\"  class=\"wpb_row vc_row-fluid vc_row full-width-section vc_row-o-equal-height vc_row-flex vc_row-o-content-bottom parallax_section\"  style=\"padding-top: 0px; padding-bottom: 0px; \"><div class=\"row-bg-wrap\" data-bg-animation=\"none\" data-bg-animation-delay=\"\" data-bg-overlay=\"false\"><div class=\"inner-wrap row-bg-layer using-image\" ><div class=\"row-bg viewport-desktop using-image\" data-parallax-speed=\"medium_fast\" style=\"background-image: url(https:\/\/bioplates.com\/wp-content\/uploads\/flower-bg.jpg); background-position: left top; background-repeat: no-repeat; \"><\/div><\/div><\/div><div class=\"row_col_wrap_12 col span_12 dark left\">\n\t<div  class=\"vc_col-sm-5 wpb_column column_container vc_column_container col no-extra-padding inherit_tablet inherit_phone flex_gap_desktop_10px\"  data-padding-pos=\"all\" data-has-bg-color=\"false\" data-bg-color=\"\" data-bg-opacity=\"1\" data-animation=\"\" data-delay=\"0\" >\n\t\t<div class=\"vc_column-inner\" >\n\t\t\t<div class=\"wpb_wrapper\">\n\t\t\t\t\n<div class=\"wpb_text_column wpb_content_element\" >\n\t<h2>Fabricadas a partir de um biopol\u00edmero patenteado da pr\u00f3xima gera\u00e7\u00e3o, as Bioplacas s\u00e3o concebidas para o desempenho, para a beleza e para a biodegrada\u00e7\u00e3o.<\/h2>\n<\/div>\n\n\n\n\n\t\t\t<\/div> \n\t\t<\/div>\n\t<\/div> \n\n\t<div  class=\"vc_col-sm-7 wpb_column column_container vc_column_container col no-extra-padding inherit_tablet inherit_phone flex_gap_desktop_10px\"  data-padding-pos=\"all\" data-has-bg-color=\"false\" data-bg-color=\"\" data-bg-opacity=\"1\" data-animation=\"\" data-delay=\"0\" >\n\t\t<div class=\"vc_column-inner\" >\n\t\t\t<div class=\"wpb_wrapper\">\n\t\t\t\t\n\t\t\t<\/div> \n\t\t<\/div>\n\t<\/div> \n<\/div><\/div>\n\t\t<div id=\"topics-glass\"  data-column-margin=\"default\" data-midnight=\"dark\"  class=\"wpb_row vc_row-fluid vc_row full-width-section parallax_section\"  style=\"padding-top: 8em; padding-bottom: 8em; \"><div class=\"row-bg-wrap\" data-bg-animation=\"none\" data-bg-animation-delay=\"\" data-bg-overlay=\"false\"><div class=\"inner-wrap row-bg-layer using-image\" ><div class=\"row-bg viewport-desktop using-image\" data-parallax-speed=\"medium\" style=\"background-position: center center; background-repeat: no-repeat; \" data-nectar-img-src=\"https:\/\/bioplates.com\/wp-content\/uploads\/plates-material-bg-scaled.jpg\"><\/div><\/div><\/div><div class=\"row_col_wrap_12 col span_12 dark left\">\n\t<div  class=\"vc_col-sm-12 wpb_column column_container vc_column_container col no-extra-padding inherit_tablet inherit_phone flex_gap_desktop_10px\"  data-padding-pos=\"all\" data-has-bg-color=\"false\" data-bg-color=\"\" data-bg-opacity=\"1\" data-animation=\"\" data-delay=\"0\" >\n\t\t<div class=\"vc_column-inner\" >\n\t\t\t<div class=\"wpb_wrapper\">\n\t\t\t\t<div class=\"nectar-hor-list-item\" data-hover-effect=\"default\" data-br=\"0px\" data-font-family=\"p\" data-color=\"accent-color\" data-columns=\"4\" data-column-layout=\"even\"><div class=\"nectar-list-item\" data-icon=\"false\" data-text-align=\"left\"><em>Desempenho<\/em><br \/>\n<strong>+7k<\/strong><br \/>\nCiclos da m\u00e1quina de lavar loi\u00e7a<\/div><div class=\"nectar-list-item\" data-text-align=\"left\"><em>Resist\u00eancia ao calor<\/em><br \/>\n<strong>130\u00b0C<\/strong><br \/>\nResist\u00eancia m\u00e1xima ao calor<\/div><div class=\"nectar-list-item\" data-text-align=\"left\"><em>Durabilidade<\/em><br \/>\n<strong>At\u00e9 40x<\/strong><br \/>\nMaior durabilidade ao impacto do que a porcelana<\/div><div class=\"nectar-list-item\" data-text-align=\"left\"><em>Degradabilidade<\/em><br \/>\n<strong>100%<\/strong><br \/>\nBiodegrad\u00e1vel<\/div><\/div>\n\t\t\t<\/div> \n\t\t<\/div>\n\t<\/div> \n<\/div><\/div>\n\t\t<div id=\"fws_69e5e86a73ebc\"  data-column-margin=\"default\" data-midnight=\"dark\"  class=\"wpb_row vc_row-fluid vc_row\"  style=\"padding-top: 4em; padding-bottom: 4em; \"><div class=\"row-bg-wrap\" data-bg-animation=\"none\" data-bg-animation-delay=\"\" data-bg-overlay=\"false\"><div class=\"inner-wrap row-bg-layer\" ><div class=\"row-bg viewport-desktop\"  style=\"\"><\/div><\/div><\/div><div class=\"row_col_wrap_12 col span_12 dark left\">\n\t<div  class=\"vc_col-sm-12 wpb_column column_container vc_column_container col no-extra-padding inherit_tablet inherit_phone flex_gap_desktop_10px\"  data-padding-pos=\"all\" data-has-bg-color=\"false\" data-bg-color=\"\" data-bg-opacity=\"1\" data-animation=\"\" data-delay=\"0\" >\n\t\t<div class=\"vc_column-inner\" >\n\t\t\t<div class=\"wpb_wrapper\">\n\t\t\t\t\n<div class=\"wpb_text_column wpb_content_element\" >\n\t<p><em>Escala de impacto<\/em><\/p>\n<h2>Bioplacas x outros materiais<\/h2>\n<\/div>\n\n\n\n<div class=\"img-with-aniamtion-wrap center\" data-max-width=\"100%\" data-max-width-mobile=\"default\" data-shadow=\"none\" data-animation=\"none\" >\n      <div class=\"inner\">\n        <div class=\"hover-wrap\"> \n          <div class=\"hover-wrap-inner\">\n            <img loading=\"lazy\" decoding=\"async\" class=\"img-with-animation skip-lazy nectar-lazy\" data-delay=\"0\" height=\"565\" width=\"1290\" data-animation=\"none\" data-nectar-img-src=\"https:\/\/bioplates.com\/wp-content\/uploads\/graphic-levels.svg\" src=\"data:image\/svg+xml;charset=utf-8,%3Csvg%20xmlns%3D'http%3A%2F%2Fwww.w3.org%2F2000%2Fsvg'%20viewBox%3D'0%200%201290%20565'%2F%3E\" alt=\"\"  \/>\n          <\/div>\n        <\/div>\n        \n      <\/div>\n    <\/div>\n\t\t\t<\/div> \n\t\t<\/div>\n\t<\/div> \n<\/div><\/div>\n\t\t<div id=\"regular-cards\"  data-column-margin=\"default\" data-midnight=\"dark\"  class=\"wpb_row vc_row-fluid vc_row full-width-section parallax_section\"  style=\"padding-top: 6em; padding-bottom: 6em; \"><div class=\"row-bg-wrap\" data-bg-animation=\"none\" data-bg-animation-delay=\"\" data-bg-overlay=\"false\"><div class=\"inner-wrap row-bg-layer using-image\" ><div class=\"row-bg viewport-desktop using-image\" data-parallax-speed=\"medium\" style=\"background-image: url(https:\/\/bioplates.com\/wp-content\/uploads\/material-plate-bg-scaled.jpg); background-position: center center; background-repeat: no-repeat; \"><\/div><\/div><\/div><div class=\"row_col_wrap_12 col span_12 dark center\">\n\t<div  class=\"vc_col-sm-12 wpb_column column_container vc_column_container col no-extra-padding inherit_tablet inherit_phone flex_gap_desktop_10px\"  data-padding-pos=\"all\" data-has-bg-color=\"false\" data-bg-color=\"\" data-bg-opacity=\"1\" data-animation=\"\" data-delay=\"0\" >\n\t\t<div class=\"vc_column-inner\" >\n\t\t\t<div class=\"wpb_wrapper\">\n\t\t\t\t\n<div class=\"wpb_text_column wpb_content_element\" >\n\t<p><em>Desempenho<\/em><\/p>\n<h2>Bioplacas x Porcelana<\/h2>\n<p>(certificado ISO)<\/p>\n<\/div>\n\n\n\n<div id=\"fws_69e5e86a7570c\" data-midnight=\"\" data-column-margin=\"default\" class=\"wpb_row vc_row-fluid vc_row inner_row horizontal\"  style=\"\"><div class=\"row-bg-wrap\"> <div class=\"row-bg\" ><\/div> <\/div><div class=\"row_col_wrap_12_inner col span_12  left\">\n\t<div  class=\"vc_col-sm-12 wpb_column column_container vc_column_container col child_column no-extra-padding inherit_tablet inherit_phone flex_gap_desktop_10px\"   data-padding-pos=\"all\" data-has-bg-color=\"false\" data-bg-color=\"\" data-bg-opacity=\"1\" data-animation=\"\" data-delay=\"0\" >\n\t\t<div class=\"vc_column-inner\" >\n\t\t<div class=\"wpb_wrapper\">\n\t\t\t<div class=\"nectar-fancy-ul\" data-list-icon=\"none\" data-animation=\"false\" data-animation-delay=\"0\" data-color=\"accent-color\" data-spacing=\"20px\" data-alignment=\"left\"> <em>Durabilidade<\/em><br \/>\n<strong>At\u00e9 40x\u00a0<\/strong><br \/>\nmaior resist\u00eancia ao impacto <\/div><div class=\"nectar-fancy-ul\" data-list-icon=\"none\" data-animation=\"false\" data-animation-delay=\"0\" data-color=\"accent-color\" data-spacing=\"20px\" data-alignment=\"left\"> <em>Peso<\/em><br \/>\n<strong>2.5 x<\/strong><br \/>\nisqueiro <\/div><div class=\"nectar-fancy-ul\" data-list-icon=\"none\" data-animation=\"false\" data-animation-delay=\"0\" data-color=\"accent-color\" data-spacing=\"20px\" data-alignment=\"left\"> <em>Flexibilidade<\/em><br \/>\n<strong>19.5 x<\/strong><br \/>\nsem deforma\u00e7\u00e3o <\/div>\n\t\t<\/div> \n\t<\/div>\n\t<\/div> \n<\/div><\/div>\n\t\t\t<\/div> \n\t\t<\/div>\n\t<\/div> \n<\/div><\/div>\n\t\t<div id=\"fws_69e5e86a75f1f\"  data-column-margin=\"default\" data-midnight=\"dark\"  class=\"wpb_row vc_row-fluid vc_row  top_margin_5rem\"  style=\"padding-top: 0px; padding-bottom: 0px; \"><div class=\"row-bg-wrap\" data-bg-animation=\"none\" data-bg-animation-delay=\"\" data-bg-overlay=\"false\"><div class=\"inner-wrap row-bg-layer\" ><div class=\"row-bg viewport-desktop\"  style=\"\"><\/div><\/div><\/div><div class=\"row_col_wrap_12 col span_12 dark left\">\n\t<div  class=\"vc_col-sm-12 wpb_column column_container vc_column_container col no-extra-padding inherit_tablet inherit_phone flex_gap_desktop_10px\"  data-padding-pos=\"all\" data-has-bg-color=\"false\" data-bg-color=\"\" data-bg-opacity=\"1\" data-animation=\"\" data-delay=\"0\" >\n\t\t<div class=\"vc_column-inner\" >\n\t\t\t<div class=\"wpb_wrapper\">\n\t\t\t\t<p style=\"text-align: left\" class=\"vc_custom_heading vc_do_custom_heading tag\" >Todas as carater\u00edsticas<\/p><div class=\"divider-wrap\" data-alignment=\"default\"><div style=\"height: 40px;\" class=\"divider\"><\/div><\/div>\n\t\t\t<\/div> \n\t\t<\/div>\n\t<\/div> \n\n\t<div  class=\"vc_col-sm-12 wpb_column column_container vc_column_container col no-extra-padding inherit_tablet inherit_phone\"  data-padding-pos=\"all\" data-has-bg-color=\"false\" data-bg-color=\"\" data-bg-opacity=\"1\" data-animation=\"\" data-delay=\"0\" >\n\t\t<div class=\"vc_column-inner\" >\n\t\t\t<div class=\"wpb_wrapper\">\n\t\t\t\t<div id=\"fws_69e5e86a769e0\" data-midnight=\"\" data-column-margin=\"default\" class=\"wpb_row vc_row-fluid vc_row inner_row vc_row-o-equal-height vc_row-flex nectar-flex-sizing\"  style=\"\"><div class=\"row-bg-wrap\"> <div class=\"row-bg\" ><\/div> <\/div><div class=\"row_col_wrap_12_inner col span_12  left\">\n\t<div  class=\"vc_col-sm-4 wpb_column column_container vc_column_container col child_column no-extra-padding inherit_tablet inherit_phone flex_gap_desktop_10px\"   data-padding-pos=\"all\" data-has-bg-color=\"false\" data-bg-color=\"\" data-bg-opacity=\"1\" data-animation=\"\" data-delay=\"0\" >\n\t\t<div class=\"vc_column-inner\" >\n\t\t<div class=\"wpb_wrapper\">\n\t\t\t\n<div class=\"wpb_text_column wpb_content_element\" >\n\t<h2>Biodegrad\u00e1vel<\/h2>\n<p>Biodegrad\u00e1vel n\u00e3o significa desaparecer por magia - significa regressar \u00e0 natureza de forma limpa, sem deixar res\u00edduos ou micropl\u00e1sticos. Os bioplatos s\u00e3o feitos de um composto biopl\u00e1stico patenteado que se decomp\u00f5e naturalmente quando em contacto com o ambiente, tal como a mat\u00e9ria org\u00e2nica. Para o provar, o material foi testado e certificado pela T\u00dcV \u00c1ustria como 100% biodegrad\u00e1vel no solo, na \u00e1gua do rio, na \u00e1gua do mar e na compostagem dom\u00e9stica e industrial. No final da sua vida \u00fatil, uma Bioplaca n\u00e3o se torna um res\u00edduo eterno: simplesmente regressa ao planeta, sem poluir os oceanos ou contribuir para a acumula\u00e7\u00e3o de pl\u00e1stico.<\/p>\n<\/div>\n\n\n\n\n\t\t<\/div> \n\t<\/div>\n\t<\/div> \n\n\t<div  class=\"vc_col-sm-4 wpb_column column_container vc_column_container col child_column no-extra-padding inherit_tablet inherit_phone flex_gap_desktop_10px\"   data-padding-pos=\"all\" data-has-bg-color=\"false\" data-bg-color=\"\" data-bg-opacity=\"1\" data-animation=\"\" data-delay=\"0\" >\n\t\t<div class=\"vc_column-inner\" >\n\t\t<div class=\"wpb_wrapper\">\n\t\t\t\n<div class=\"wpb_text_column wpb_content_element\" >\n\t<h2>Seguran\u00e7a alimentar<\/h2>\n<p>A seguran\u00e7a alimentar n\u00e3o \u00e9 opcional - \u00e9 essencial. Os biopl\u00e1sticos est\u00e3o certificados pelo certificado de contacto com alimentos da Comiss\u00e3o Europeia (UE) n.\u00ba 10\/2011 e s\u00e3o totalmente seguros para contacto com alimentos, n\u00e3o contendo subst\u00e2ncias t\u00f3xicas, BPA, ftalatos nem aditivos nocivos. O nosso composto biopl\u00e1stico patenteado foi concebido para resistir \u00e0 utiliza\u00e7\u00e3o profissional sem libertar produtos qu\u00edmicos, mesmo a altas temperaturas e ciclos de lavagem repetidos. Cada Bioplate \u00e9 criado a pensar na hospitalidade: bonito, dur\u00e1vel e, acima de tudo, fi\u00e1vel para servir qualquer prato em qualquer ambiente.<\/p>\n<\/div>\n\n\n\n\n\t\t<\/div> \n\t<\/div>\n\t<\/div> \n\n\t<div  class=\"vc_col-sm-4 wpb_column column_container vc_column_container col child_column no-extra-padding inherit_tablet inherit_phone flex_gap_desktop_10px\"   data-padding-pos=\"all\" data-has-bg-color=\"false\" data-bg-color=\"\" data-bg-opacity=\"1\" data-animation=\"\" data-delay=\"0\" >\n\t\t<div class=\"vc_column-inner\" >\n\t\t<div class=\"wpb_wrapper\">\n\t\t\t\n<div class=\"wpb_text_column wpb_content_element\" >\n\t<h2>Carbono negativo<\/h2>\n<p>Ser carbono negativo significa remover mais CO2 da atmosfera do que as emiss\u00f5es geradas durante todo o ciclo de vida do produto. Com os Bioplacas, come\u00e7\u00e1mos por medir: O PIEP calculou uma pegada de 0,758 kg de CO, eq por placa no cen\u00e1rio mais conservador. Depois vamos mais longe - comprometemo-nos a plantar uma \u00e1rvore por cada 100 Bioplacas produzidas, removendo mais carbono do que aquele que emitimos. Na pr\u00e1tica, cada prato representa cerca de -4,5 kg CO, eq para o hotel ou restaurante, tornando-se um verdadeiro cr\u00e9dito de carbono e uma clara declara\u00e7\u00e3o de sustentabilidade.<\/p>\n<\/div>\n\n\n\n\n\t\t<\/div> \n\t<\/div>\n\t<\/div> \n<\/div><\/div><div id=\"fws_69e5e86a776ae\" data-midnight=\"\" data-column-margin=\"default\" class=\"wpb_row vc_row-fluid vc_row inner_row vc_row-o-equal-height vc_row-flex\"  style=\"\"><div class=\"row-bg-wrap\"> <div class=\"row-bg\" ><\/div> <\/div><div class=\"row_col_wrap_12_inner col span_12  left\">\n\t<div  class=\"vc_col-sm-4 wpb_column column_container vc_column_container col child_column no-extra-padding inherit_tablet inherit_phone flex_gap_desktop_10px\"   data-padding-pos=\"all\" data-has-bg-color=\"false\" data-bg-color=\"\" data-bg-opacity=\"1\" data-animation=\"\" data-delay=\"0\" >\n\t\t<div class=\"vc_column-inner\" >\n\t\t<div class=\"wpb_wrapper\">\n\t\t\t\n<div class=\"wpb_text_column wpb_content_element\" >\n\t<h2>Seguro para m\u00e1quina de lavar lou\u00e7a<\/h2>\n<p>Os bioplacas foram concebidos para a exigente realidade da hotelaria. Resistiram a mais de 7.000 ciclos de lavagem de loi\u00e7a industrial no Sublime Comporta, durante a \u00e9poca alta, sem perder a cor, o brilho ou a integridade estrutural. Em testes laboratoriais, a Universidade de Aveiro confirmou tamb\u00e9m a estabilidade do material em m\u00e1quinas de lavar loi\u00e7a industriais a 93 \u00b0C, mesmo com utiliza\u00e7\u00e3o repetida. Na pr\u00e1tica, isto significa que os Bioplacas aguentam o ritmo di\u00e1rio de restaurantes, zonas de piscina e clubes de praia: n\u00e3o deformam, n\u00e3o racham, n\u00e3o se degradam e mant\u00eam o seu desempenho ao longo dos anos.<\/p>\n<\/div>\n\n\n\n\n\t\t<\/div> \n\t<\/div>\n\t<\/div> \n\n\t<div  class=\"vc_col-sm-4 wpb_column column_container vc_column_container col child_column no-extra-padding inherit_tablet inherit_phone flex_gap_desktop_10px\"   data-padding-pos=\"all\" data-has-bg-color=\"false\" data-bg-color=\"\" data-bg-opacity=\"1\" data-animation=\"\" data-delay=\"0\" >\n\t\t<div class=\"vc_column-inner\" >\n\t\t<div class=\"wpb_wrapper\">\n\t\t\t\n<div class=\"wpb_text_column wpb_content_element\" >\n\t<h2>Limita\u00e7\u00e3o de temperatura<\/h2>\n<p>As bioplacas foram desenvolvidas para uso profissional, mas n\u00e3o devem ser expostas a temperaturas superiores a 130 \u00b0C. N\u00e3o devem ser colocados no forno, no grelhador ou em contacto direto com fontes de calor que excedam este limite. T\u00eam um desempenho perfeito durante o servi\u00e7o, mas requerem estes cuidados para garantir a durabilidade e a seguran\u00e7a do material.<\/p>\n<\/div>\n\n\n\n\n\t\t<\/div> \n\t<\/div>\n\t<\/div> \n\n\t<div  class=\"vc_col-sm-4 wpb_column column_container vc_column_container col child_column no-extra-padding inherit_tablet inherit_phone flex_gap_desktop_10px\"   data-padding-pos=\"all\" data-has-bg-color=\"false\" data-bg-color=\"\" data-bg-opacity=\"1\" data-animation=\"\" data-delay=\"0\" >\n\t\t<div class=\"vc_column-inner\" >\n\t\t<div class=\"wpb_wrapper\">\n\t\t\t\n<div class=\"wpb_text_column wpb_content_element\" >\n\t<h2>Pr\u00e9mios<\/h2>\n<p>Os bioplacas t\u00eam sido reconhecidos internacionalmente pela sua inova\u00e7\u00e3o, design e impacto ambiental. Entre as nossas distin\u00e7\u00f5es contam-se as seguintes <strong>Pr\u00e9mio Mundial de Sustentabilidade 2025 (Vencedor do pr\u00e9mio Eco Design)<\/strong>, que distingue solu\u00e7\u00f5es que redefinem os padr\u00f5es de responsabilidade ambiental, e o <strong>German Design Award 2026 (Vencedor do pr\u00e9mio Eco Design)<\/strong> - um dos mais prestigiados pr\u00e9mios de design da Europa. A Bioplates tamb\u00e9m foi galardoada no <strong>Pr\u00e9mio Europeu de Design de Produto 2025<\/strong>, recebendo distin\u00e7\u00f5es tanto na categoria Eco Design como na categoria especial Design for Humanity. Al\u00e9m disso, o projeto foi reconhecido por muitos outros pr\u00e9mios internacionais de design e sustentabilidade. Estes reconhecimentos chegaram quando o produto ainda estava na sua fase inicial de comercializa\u00e7\u00e3o. Atualmente, a valida\u00e7\u00e3o mais significativa vem dos parceiros hoteleiros que utilizam Bioplates todos os dias - provando que a sustentabilidade funciona.<\/p>\n<\/div>\n\n\n\n\n\t\t<\/div> \n\t<\/div>\n\t<\/div> \n<\/div><\/div>\n\t\t\t<\/div> \n\t\t<\/div>\n\t<\/div> \n<\/div><\/div>\n\t\t<div id=\"fws_69e5e86a78b6a\"  data-column-margin=\"default\" data-midnight=\"dark\"  class=\"wpb_row vc_row-fluid vc_row full-width-section parallax_section\"  style=\"padding-top: 4em; padding-bottom: 4em; \"><div class=\"row-bg-wrap\" data-bg-animation=\"none\" data-bg-animation-delay=\"\" data-bg-overlay=\"false\"><div class=\"inner-wrap row-bg-layer using-image\" ><div class=\"row-bg viewport-desktop using-image no-cover\" data-parallax-speed=\"medium\" style=\"background-image: url(https:\/\/bioplates.com\/wp-content\/uploads\/bg-noise-scaled.jpg); background-position: center center; background-repeat: repeat; \"><\/div><\/div><\/div><div class=\"row_col_wrap_12 col span_12 dark left\">\n\t<div  class=\"vc_col-sm-12 wpb_column column_container vc_column_container col no-extra-padding inherit_tablet inherit_phone flex_gap_desktop_10px\"  data-padding-pos=\"all\" data-has-bg-color=\"false\" data-bg-color=\"\" data-bg-opacity=\"1\" data-animation=\"\" data-delay=\"0\" >\n\t\t<div class=\"vc_column-inner\" >\n\t\t\t<div class=\"wpb_wrapper\">\n\t\t\t\t\n<div class=\"wpb_text_column wpb_content_element\" >\n\t<p><em>Transfer\u00eancias<\/em><\/p>\n<h2>Certificados de produto<\/h2>\n<\/div>\n\n\n\n<div id=\"fws_69e5e86a792cf\" data-midnight=\"\" data-column-margin=\"default\" class=\"wpb_row vc_row-fluid vc_row inner_row horizontal\"  style=\"\"><div class=\"row-bg-wrap\"> <div class=\"row-bg\" ><\/div> <\/div><div class=\"row_col_wrap_12_inner col span_12  left\">\n\t<div  class=\"vc_col-sm-12 wpb_column column_container vc_column_container col child_column no-extra-padding inherit_tablet inherit_phone flex_gap_desktop_10px\"   data-padding-pos=\"all\" data-has-bg-color=\"false\" data-bg-color=\"\" data-bg-opacity=\"1\" data-animation=\"\" data-delay=\"0\" >\n\t\t<div class=\"vc_column-inner\" >\n\t\t<div class=\"wpb_wrapper\">\n\t\t\t<div class=\"nectar-cta ico alignment_tablet_default alignment_phone_default display_tablet_inherit display_phone_inherit\" data-color=\"default\" data-using-bg=\"false\" data-style=\"basic\" data-display=\"block\" data-alignment=\"left\" data-text-color=\"std\" style=\"--nectar-button-color: var(--nectar-default); --nectar-icon-gap: 10px; \"><span class=\"nectar-button-type\"><span class=\"link_wrap\" ><a  class=\"link_text\" role=\"button\" href=\"\/wp-content\/uploads\/Food-Safe_Bio.pdf\"><span class=\"text\">Certifica\u00e7\u00e3o FOOD SAFE<\/span><\/a><\/span><\/span><\/div><div class=\"nectar-cta ico alignment_tablet_default alignment_phone_default display_tablet_inherit display_phone_inherit\" data-color=\"default\" data-using-bg=\"false\" data-style=\"basic\" data-display=\"block\" data-alignment=\"left\" data-text-color=\"std\" style=\"--nectar-button-color: var(--nectar-default); --nectar-icon-gap: 10px; \"><span class=\"nectar-button-type\"><span class=\"link_wrap\" ><a  class=\"link_text\" role=\"button\" href=\"\/wp-content\/uploads\/TUV-Certificates_BIO.pdf\"><span class=\"text\">BIODEGRAD\u00c1VEL NO SOLO certifica\u00e7\u00e3o<\/span><\/a><\/span><\/span><\/div><div class=\"nectar-cta ico alignment_tablet_default alignment_phone_default display_tablet_inherit display_phone_inherit\" data-color=\"default\" data-using-bg=\"false\" data-style=\"basic\" data-display=\"block\" data-alignment=\"left\" data-text-color=\"std\" style=\"--nectar-button-color: var(--nectar-default); --nectar-icon-gap: 10px; \"><span class=\"nectar-button-type\"><span class=\"link_wrap\" ><a  class=\"link_text\" role=\"button\" href=\"\/wp-content\/uploads\/Final-report-PIEP_Durability-Study.pdf\"><span class=\"text\">Relat\u00f3rio final de certifica\u00e7\u00e3o do Estudo de Durabilidade PIEP<\/span><\/a><\/span><\/span><\/div>\n\t\t<\/div> \n\t<\/div>\n\t<\/div> \n<\/div><\/div>\n\t\t\t<\/div> \n\t\t<\/div>\n\t<\/div> \n<\/div><\/div>","protected":false},"excerpt":{"rendered":"Made from proprietary next-generation biopolymer, Bioplates are engineered for performance, designed for beauty, and built to biodegrade. Performance +7k Dishwasher cyclesHeat-Resistance 130\u00b0C Heat max. resistanceDurability Up to 40x Higher impact...","protected":false},"author":2,"featured_media":0,"parent":0,"menu_order":1,"comment_status":"closed","ping_status":"closed","template":"","meta":{"footnotes":""},"class_list":["post-14","page","type-page","status-publish"],"_links":{"self":[{"href":"https:\/\/bioplates.com\/pt\/wp-json\/wp\/v2\/pages\/14","targetHints":{"allow":["GET"]}}],"collection":[{"href":"https:\/\/bioplates.com\/pt\/wp-json\/wp\/v2\/pages"}],"about":[{"href":"https:\/\/bioplates.com\/pt\/wp-json\/wp\/v2\/types\/page"}],"author":[{"embeddable":true,"href":"https:\/\/bioplates.com\/pt\/wp-json\/wp\/v2\/users\/2"}],"replies":[{"embeddable":true,"href":"https:\/\/bioplates.com\/pt\/wp-json\/wp\/v2\/comments?post=14"}],"version-history":[{"count":11,"href":"https:\/\/bioplates.com\/pt\/wp-json\/wp\/v2\/pages\/14\/revisions"}],"predecessor-version":[{"id":351,"href":"https:\/\/bioplates.com\/pt\/wp-json\/wp\/v2\/pages\/14\/revisions\/351"}],"wp:attachment":[{"href":"https:\/\/bioplates.com\/pt\/wp-json\/wp\/v2\/media?parent=14"}],"curies":[{"name":"wp","href":"https:\/\/api.w.org\/{rel}","templated":true}]}}