{"id":9,"date":"2026-01-26T11:54:58","date_gmt":"2026-01-26T11:54:58","guid":{"rendered":"https:\/\/bioplates.com\/?page_id=9"},"modified":"2026-03-09T14:31:38","modified_gmt":"2026-03-09T14:31:38","slug":"homepage","status":"publish","type":"page","link":"https:\/\/bioplates.com\/es\/","title":{"rendered":"P\u00e1gina principal"},"content":{"rendered":"<div id=\"hero\"  data-column-margin=\"default\" data-midnight=\"light\"  class=\"wpb_row vc_row-fluid vc_row full-width-section vc_row-o-equal-height vc_row-flex vc_row-o-content-middle parallax_section right_padding_3rem left_padding_3rem\"  style=\"padding-top: 0px; padding-bottom: 0px; \"><div class=\"row-bg-wrap\" data-bg-animation=\"none\" data-bg-animation-delay=\"\" data-bg-overlay=\"false\"><div class=\"inner-wrap row-bg-layer using-image\" ><div class=\"row-bg viewport-desktop using-image no-cover\" data-parallax-speed=\"medium\" style=\"background-image: url(https:\/\/bioplates.com\/wp-content\/uploads\/bioplates-home-wide-1.jpg); background-position: center center; background-repeat: repeat; \"><\/div><\/div><\/div><div class=\"row_col_wrap_12 col span_12 light center\">\n\t<div  class=\"vc_col-sm-12 container wpb_column column_container vc_column_container col centered-text no-extra-padding inherit_tablet inherit_phone\"  data-padding-pos=\"all\" data-has-bg-color=\"false\" data-bg-color=\"\" data-bg-opacity=\"1\" data-animation=\"\" data-delay=\"0\" >\n\t\t<div class=\"vc_column-inner\" >\n\t\t\t<div class=\"wpb_wrapper\">\n\t\t\t\t<h1 style=\"text-align: center\" class=\"vc_custom_heading vc_do_custom_heading\" >\u00bfA qu\u00e9 sabe el futuro?<\/h1>\n<div class=\"wpb_text_column wpb_content_element  float-card glass-card\"  id=\"card-header\">\n\t<h2>La vajilla m\u00e1s sostenible.<br \/>\nLa alternativa definitiva a<br \/>\nmelamina y platos de acero esmaltado.<\/h2>\n<p>Desarrollado para entornos de hosteler\u00eda profesionales<br \/>\ndonde la durabilidad y la responsabilidad importan de verdad<\/p>\n<\/div>\n\n\n\n\n\t\t\t<\/div> \n\t\t<\/div>\n\t<\/div> \n<\/div><\/div>\n\t\t<div id=\"home-plates-cards\"  data-column-margin=\"default\" data-midnight=\"dark\"  class=\"wpb_row vc_row-fluid vc_row bg-animation--slight  bottom_margin_3rem\"  style=\"padding-top: 0px; padding-bottom: 0px; \"><div class=\"row-bg-wrap\" data-bg-animation=\"zoom-out-reveal\" data-bg-animation-delay=\"\" data-bg-overlay=\"false\"><div class=\"inner-wrap row-bg-layer\" ><div class=\"row-bg viewport-desktop\"  style=\"\"><\/div><\/div><\/div><div class=\"row_col_wrap_12 col span_12 dark left\">\n\t<div  class=\"vc_col-sm-12 wpb_column column_container vc_column_container col no-extra-padding inherit_tablet inherit_phone flex_gap_desktop_10px\"  data-padding-pos=\"all\" data-has-bg-color=\"false\" data-bg-color=\"\" data-bg-opacity=\"1\" data-animation=\"\" data-delay=\"0\" >\n\t\t<div class=\"vc_column-inner\" >\n\t\t\t<div class=\"wpb_wrapper\">\n\t\t\t\t<div class=\"nectar_cascading_images\" data-border-radius=\"none\" data-parallax=\"yes\" data-parallax-intensity=\"subtle\" data-layer-1-parallax=\"yes\" data-animation-timing=\"175\"><div class=\"cascading-image\" data-has-img=\"true\" style=\" padding:0%;\" data-max-width=\"100%\" data-max-width-mobile=\"100%\" data-animation=\"none\" data-shadow=\"none\"><div class=\"inner-wrap\"><div class=\"bg-layer\" data-scale=\"1\" style=\"transform: scale(1)\"><div style=\" -webkit-transform:translateX(0%) translateY(0%) ; transform:translateX(0%) translateY(0%) ;\" class=\"img-wrap\"> <img loading=\"lazy\" decoding=\"async\" src=\"https:\/\/bioplates.com\/wp-content\/uploads\/home-plates-dishes.png\" srcset=\"https:\/\/bioplates.com\/wp-content\/uploads\/home-plates-dishes.png 1212w, https:\/\/bioplates.com\/wp-content\/uploads\/home-plates-dishes-300x280.png 300w, https:\/\/bioplates.com\/wp-content\/uploads\/home-plates-dishes-1024x956.png 1024w, https:\/\/bioplates.com\/wp-content\/uploads\/home-plates-dishes-768x717.png 768w\" sizes=\"auto, (min-width: 1000px) 55vw, 100vw\" height=\"1132\" width=\"1212\" class=\"skip-lazy\" alt=\"\" \/> <\/div><\/div><\/div><\/div><\/div><div class=\"nectar-fancy-ul\" data-list-icon=\"none\" data-animation=\"false\" data-animation-delay=\"0\" data-color=\"accent-color\" data-spacing=\"20px\" data-alignment=\"left\"> <em>Alta resistencia<\/em><br \/>\n<strong>7,000+ <\/strong><br \/>\nCiclos del lavavajillas <\/div><div class=\"nectar-fancy-ul\" data-list-icon=\"none\" data-animation=\"false\" data-animation-delay=\"0\" data-color=\"accent-color\" data-spacing=\"20px\" data-alignment=\"left\"> <em>Degradabilidad<\/em><br \/>\n<strong>100%<\/strong><br \/>\nbiodegradable en el suelo, el r\u00edo y el mar (material con certificado T\u00dcV) <\/div><div class=\"nectar-fancy-ul\" data-list-icon=\"none\" data-animation=\"false\" data-animation-delay=\"0\" data-color=\"accent-color\" data-spacing=\"20px\" data-alignment=\"left\"> <em>Resistencia al calor hasta<\/em><br \/>\n<strong>130\u00b0C<\/strong> <\/div><div class=\"nectar-fancy-ul\" data-list-icon=\"none\" data-animation=\"false\" data-animation-delay=\"0\" data-color=\"accent-color\" data-spacing=\"20px\" data-alignment=\"left\"> <em>Carbono hasta<\/em><br \/>\n<strong>-4,5 kg\u00a0<\/strong><br \/>\nCO\u2082 por placa. Con programa de compensaci\u00f3n verificado <\/div><div class=\"nectar-fancy-ul\" data-list-icon=\"none\" data-animation=\"false\" data-animation-delay=\"0\" data-color=\"accent-color\" data-spacing=\"20px\" data-alignment=\"left\"> <em>Seguridad alimentaria<\/em><\/p>\n<p><strong>Certificado<\/strong><\/p>\n<p>para contacto con alimentos. Sin BPA. Sin micropl\u00e1sticos. <\/div><div id=\"buttons-row\" data-midnight=\"\" data-column-margin=\"default\" class=\"wpb_row vc_row-fluid vc_row inner_row\"  style=\"\"><div class=\"row-bg-wrap\"> <div class=\"row-bg\" ><\/div> <\/div><div class=\"row_col_wrap_12_inner col span_12  left\">\n\t<div  class=\"vc_col-sm-12 wpb_column column_container vc_column_container col child_column no-extra-padding inherit_tablet inherit_phone flex_gap_desktop_10px\"   data-padding-pos=\"all\" data-has-bg-color=\"false\" data-bg-color=\"\" data-bg-opacity=\"1\" data-animation=\"\" data-delay=\"0\" >\n\t\t<div class=\"vc_column-inner\" >\n\t\t<div class=\"wpb_wrapper\">\n\t\t\t<div class=\"nectar-cta  alignment_tablet_default alignment_phone_default display_tablet_inherit display_phone_inherit\" data-color=\"default\" data-using-bg=\"false\" data-style=\"basic\" data-display=\"block\" data-alignment=\"left\" data-text-color=\"std\" style=\"--nectar-button-color: var(--nectar-default); --nectar-icon-gap: 10px; \"><span class=\"nectar-button-type\"><span class=\"link_wrap\" ><a  class=\"link_text\" role=\"button\" href=\"\/es\/material\/\"><span class=\"text\">VER TODAS LAS CARACTER\u00cdSTICAS<\/span><\/a><\/span><\/span><\/div>\n\t\t<\/div> \n\t<\/div>\n\t<\/div> \n<\/div><\/div>\n\t\t\t<\/div> \n\t\t<\/div>\n\t<\/div> \n<\/div><\/div>\n\t\t<div id=\"home-testimonial\"  data-column-margin=\"default\" data-midnight=\"dark\"  class=\"wpb_row vc_row-fluid vc_row full-width-content has-row-bg-color vc_row-o-equal-height vc_row-flex vc_row-o-content-top  bottom_margin_4rem\"  style=\"padding-top: 0px; padding-bottom: 0px; --row-bg-color: #D9D5CA;\"><div class=\"row-bg-wrap\" data-bg-animation=\"none\" data-bg-animation-delay=\"\" data-bg-overlay=\"false\"><div class=\"inner-wrap row-bg-layer\" ><div class=\"row-bg viewport-desktop using-bg-color\"  style=\"background-color: #D9D5CA; \"><\/div><\/div><\/div><div class=\"row_col_wrap_12 col span_12 dark left\">\n\t<div  class=\"vc_col-sm-12 wpb_column column_container vc_column_container col no-extra-padding inherit_tablet inherit_phone flex_gap_desktop_10px\"  data-padding-pos=\"all\" data-has-bg-color=\"false\" data-bg-color=\"\" data-bg-opacity=\"1\" data-animation=\"\" data-delay=\"0\" >\n\t\t<div class=\"vc_column-inner\" >\n\t\t\t<div class=\"wpb_wrapper\">\n\t\t\t\t<h2 style=\"text-align: center\" class=\"vc_custom_heading vc_do_custom_heading\" >Lo que dicen nuestros clientes:<\/h2><div class=\"testimonial_slider span_12 col\" data-color=\"\" data-rating-color=\"accent-color\" data-controls=\"default\" data-add-border=\"\" data-autorotate=\"5000\" data-style=\"minimal\" ><div class=\"slides\"><blockquote>  <p><span class=\"open-quote\">\u201c<\/span>Los bioplatos se ajustan mucho mejor a nuestra visi\u00f3n sostenible que los platos de acero esmaltado.<span class=\"close-quote\">\u201d<\/span> <span role=\"none\" class=\"bottom-arrow\"><\/span><\/p><span class=\"testimonial-name\">Chef Mikel, Aethos Mallorca<\/span><span class=\"title\">(Hotel reconocido internacionalmente por su compromiso con la sostenibilidad y el bienestar)<\/span><\/blockquote><blockquote>  <p><span class=\"open-quote\">\u201c<\/span>Los biopl\u00e1sticos mantuvieron su color, brillo y resistencia tras m\u00e1s de 7.000 lavados industriales.<span class=\"close-quote\">\u201d<\/span> <span role=\"none\" class=\"bottom-arrow\"><\/span><\/p><span class=\"testimonial-name\">Diogo Gonzaga, Chef Ejecutivo - Sublime Comporta<\/span><span class=\"title\">(Mejor hotel boutique de Europa - World Travel Awards 2020)<\/span><\/blockquote><blockquote>  <p><span class=\"open-quote\">\u201c<\/span>Elegimos Bioplates: la melamina ya no tiene sentido para nosotros.<span class=\"close-quote\">\u201d<\/span> <span role=\"none\" class=\"bottom-arrow\"><\/span><\/p><span class=\"testimonial-name\">Andr\u00e9 Conde\u00e7o, Director de F&amp;B - Sublime Comporta<\/span><span class=\"title\">(Mejor hotel boutique de Europa - World Travel Awards 2020)<\/span><\/blockquote><blockquote>  <p><span class=\"open-quote\">\u201c<\/span>Estamos dispuestos a pagar m\u00e1s por abandonar los productos desechables: los biopl\u00e1sticos son bonitos, duraderos y acordes con nuestra identidad sostenible.<span class=\"close-quote\">\u201d<\/span> <span role=\"none\" class=\"bottom-arrow\"><\/span><\/p><span class=\"testimonial-name\">Gon\u00e7alo Menezes, Director General - Immerso<\/span><span class=\"title\">(Hotel de referencia para la sostenibilidad en Ericeira - Reserva Mundial de Surf)<\/span><\/blockquote><blockquote>  <p><span class=\"open-quote\">\u201c<\/span>Los biopl\u00e1sticos son, sinceramente, la opci\u00f3n m\u00e1s sostenible que conozco: resuelven un viejo problema para el que nunca encontramos soluci\u00f3n.<span class=\"close-quote\">\u201d<\/span> <span role=\"none\" class=\"bottom-arrow\"><\/span><\/p><span class=\"testimonial-name\">Chef Carlos Albuquerque - Herdade do Espor\u00e3o<\/span><span class=\"title\">(\u2b50 Estrella Verde Michelin)<\/span><\/blockquote><blockquote>  <p><span class=\"open-quote\">\u201c<\/span>En los barcos, los Bioplates funcionan a la perfecci\u00f3n: ligeros, seguros e ideales para uso n\u00e1utico.<span class=\"close-quote\">\u201d<\/span> <span role=\"none\" class=\"bottom-arrow\"><\/span><\/p><span class=\"testimonial-name\">Chef Marc Llor\u00e9s - Aethos Mallorca<\/span><span class=\"title\">(Hotel reconocido por su enfoque hol\u00edstico de la sostenibilidad)<\/span><\/blockquote><blockquote>  <p><span class=\"open-quote\">\u201c<\/span>En Six Senses no utilizamos pl\u00e1stico, y los Bioplates fueron la primera soluci\u00f3n realmente sostenible y duradera que encontramos para sustituir al esmalte.<span class=\"close-quote\">\u201d<\/span> <span role=\"none\" class=\"bottom-arrow\"><\/span><\/p><span class=\"testimonial-name\">Jos\u00e9 Moreira (Director de F&amp;B) y Chef Jos\u00e9 Maria - Six Senses Douro Valley<\/span><span class=\"title\">(Ganador del premio \u2018Restaurante m\u00e1s sostenible de Portugal\u2019 - Mesa Marcada)<\/span><\/blockquote><blockquote>  <p><span class=\"open-quote\">\u201c<\/span>Los Bioplates combinan una est\u00e9tica ecol\u00f3gica, moderna y chic, una rara expresi\u00f3n del lujo sostenible que nos impresion\u00f3 desde el primer momento.<span class=\"close-quote\">\u201d<\/span> <span role=\"none\" class=\"bottom-arrow\"><\/span><\/p><span class=\"testimonial-name\">Chef C\u00edntia Koerper - Herdade da Malhadinha Nova<\/span><span class=\"title\">(\u2b50 Estrella Verde Michelin)<\/span><\/blockquote><\/div><\/div>\n\t\t\t<\/div> \n\t\t<\/div>\n\t<\/div> \n<\/div><\/div>\n\t\t<div id=\"home-cards\"  data-column-margin=\"default\" data-midnight=\"dark\"  class=\"wpb_row vc_row-fluid vc_row  top_margin_3rem\"  style=\"padding-top: 0px; padding-bottom: 0px; \"><div class=\"row-bg-wrap\" data-bg-animation=\"none\" data-bg-animation-delay=\"\" data-bg-overlay=\"false\"><div class=\"inner-wrap row-bg-layer\" ><div class=\"row-bg viewport-desktop\"  style=\"\"><\/div><\/div><\/div><div class=\"row_col_wrap_12 col span_12 dark left\">\n\t<div style=\"\" class=\"vc_col-sm-4 card wpb_column column_container vc_column_container col no-extra-padding inherit_tablet inherit_phone\" data-using-bg=\"true\" data-padding-pos=\"all\" data-has-bg-color=\"false\" data-bg-color=\"\" data-bg-opacity=\"1\" data-animation=\"\" data-delay=\"0\" >\n\t\t<div class=\"vc_column-inner\" ><a class=\"column-link\" target=\"_self\" href=\"\/es\/premios\/\"><span class=\"screen-reader-text\">Ver premios<\/span><\/a><div class=\"column-image-bg-wrap column-bg-layer viewport-desktop\" data-bg-pos=\"center center\" data-bg-animation=\"none\" data-bg-overlay=\"false\"><div class=\"inner-wrap\"><div class=\"column-image-bg\" style=\" background-image: url('https:\/\/bioplates.com\/wp-content\/uploads\/plates.jpg'); \"><\/div><\/div><\/div>\n\t\t\t<div class=\"wpb_wrapper\">\n\t\t\t\t\n<div class=\"wpb_text_column wpb_content_element  tag\" >\n\t<p>Premios<\/p>\n<\/div>\n\n\n\n\n<div class=\"wpb_text_column wpb_content_element\" >\n\t<h2>3 premios internacionales de dise\u00f1o<\/h2>\n<\/div>\n\n\n\n\n\t\t\t<\/div> \n\t\t<\/div>\n\t<\/div> \n\n\t<div style=\"\" class=\"vc_col-sm-4 card wpb_column column_container vc_column_container col no-extra-padding inherit_tablet inherit_phone\" data-using-bg=\"true\" data-padding-pos=\"all\" data-has-bg-color=\"true\" data-bg-color=\"#8F8F7F\" data-bg-opacity=\"1\" data-animation=\"\" data-delay=\"0\" >\n\t\t<div class=\"vc_column-inner\" ><a class=\"column-link\" target=\"_self\" href=\"\/es\/impacto\/\"><span class=\"screen-reader-text\">Ver impacto<\/span><\/a><div class=\"column-bg-overlay-wrap column-bg-layer\" data-bg-animation=\"none\"><div class=\"column-bg-overlay\" style=\"opacity: 1; background-color: #8F8F7F;\"><\/div><\/div>\n\t\t\t<div class=\"wpb_wrapper\">\n\t\t\t\t\n<div class=\"wpb_text_column wpb_content_element  tag\" >\n\t<p>Certificado B-CORP<\/p>\n<\/div>\n\n\n\n\n<div class=\"wpb_text_column wpb_content_element\" >\n\t<p><a href=\"https:\/\/bioplates.com\/wp-content\/uploads\/b-corp-logo.svg\"><img loading=\"lazy\" decoding=\"async\" role=\"img\" src=\"\/wp-content\/uploads\/b-corp-logo.svg\" alt=\"LOGO DE B CORPOR\" width=\"70\" height=\"70\" \/><\/a><\/p>\n<h2>Creando impacto desde 2022<\/h2>\n<\/div>\n\n\n\n\n\t\t\t<\/div> \n\t\t<\/div>\n\t<\/div> \n\n\t<div style=\"\" class=\"vc_col-sm-4 card wpb_column column_container vc_column_container col no-extra-padding inherit_tablet inherit_phone\" data-using-bg=\"true\" data-padding-pos=\"all\" data-has-bg-color=\"false\" data-bg-color=\"\" data-bg-opacity=\"1\" data-animation=\"\" data-delay=\"0\" >\n\t\t<div class=\"vc_column-inner\" ><a class=\"column-link\" target=\"_self\" href=\"\/es\/material\/\"><span class=\"screen-reader-text\">Ver tecnolog\u00eda<\/span><\/a><div class=\"column-image-bg-wrap column-bg-layer viewport-desktop\" data-bg-pos=\"center center\" data-bg-animation=\"none\" data-bg-overlay=\"false\"><div class=\"inner-wrap\"><div class=\"column-image-bg\" style=\" background-image: url('https:\/\/bioplates.com\/wp-content\/uploads\/flowers.jpg'); \"><\/div><\/div><\/div>\n\t\t\t<div class=\"wpb_wrapper\">\n\t\t\t\t\n<div class=\"wpb_text_column wpb_content_element  tag\" >\n\t<p>Nuestra tecnolog\u00eda<\/p>\n<\/div>\n\n\n\n\n<div class=\"wpb_text_column wpb_content_element\" >\n\t<h2>La nueva generaci\u00f3n de biopol\u00edmeros<\/h2>\n<p><a href=\"#\">M\u00e1s informaci\u00f3n<\/a><\/p>\n<\/div>\n\n\n\n\n\t\t\t<\/div> \n\t\t<\/div>\n\t<\/div> \n<\/div><\/div>","protected":false},"excerpt":{"rendered":"\u00bfA qu\u00e9 sabe el futuro? La vajilla m\u00e1s sostenible. La alternativa definitiva a la melamina y la loza. Desarrollada para entornos de hosteler\u00eda profesional donde la durabilidad y la responsabilidad realmente importan. Alta resistencia 7.000+...","protected":false},"author":2,"featured_media":0,"parent":0,"menu_order":0,"comment_status":"closed","ping_status":"closed","template":"","meta":{"footnotes":""},"class_list":["post-9","page","type-page","status-publish"],"_links":{"self":[{"href":"https:\/\/bioplates.com\/es\/wp-json\/wp\/v2\/pages\/9","targetHints":{"allow":["GET"]}}],"collection":[{"href":"https:\/\/bioplates.com\/es\/wp-json\/wp\/v2\/pages"}],"about":[{"href":"https:\/\/bioplates.com\/es\/wp-json\/wp\/v2\/types\/page"}],"author":[{"embeddable":true,"href":"https:\/\/bioplates.com\/es\/wp-json\/wp\/v2\/users\/2"}],"replies":[{"embeddable":true,"href":"https:\/\/bioplates.com\/es\/wp-json\/wp\/v2\/comments?post=9"}],"version-history":[{"count":11,"href":"https:\/\/bioplates.com\/es\/wp-json\/wp\/v2\/pages\/9\/revisions"}],"predecessor-version":[{"id":378,"href":"https:\/\/bioplates.com\/es\/wp-json\/wp\/v2\/pages\/9\/revisions\/378"}],"wp:attachment":[{"href":"https:\/\/bioplates.com\/es\/wp-json\/wp\/v2\/media?parent=9"}],"curies":[{"name":"wp","href":"https:\/\/api.w.org\/{rel}","templated":true}]}}