{"id":22,"date":"2026-01-26T12:10:11","date_gmt":"2026-01-26T12:10:11","guid":{"rendered":"https:\/\/bioplates.com\/?page_id=22"},"modified":"2026-03-13T11:06:34","modified_gmt":"2026-03-13T11:06:34","slug":"premios","status":"publish","type":"page","link":"https:\/\/bioplates.com\/es\/awards\/","title":{"rendered":"Premios"},"content":{"rendered":"<div id=\"sub-hero\"  data-column-margin=\"default\" data-midnight=\"light\"  class=\"wpb_row vc_row-fluid vc_row full-width-section vc_row-o-equal-height vc_row-flex vc_row-o-content-middle parallax_section\"  style=\"padding-top: 0px; padding-bottom: 0px; \"><div class=\"row-bg-wrap\" data-bg-animation=\"none\" data-bg-animation-delay=\"\" data-bg-overlay=\"false\"><div class=\"inner-wrap row-bg-layer using-image\" ><div class=\"row-bg viewport-desktop using-image\" data-parallax-speed=\"medium_fast\" style=\"background-image: url(https:\/\/bioplates.com\/wp-content\/uploads\/plates-bg.jpg); background-position: center center; background-repeat: no-repeat; \"><\/div><\/div><\/div><div class=\"row_col_wrap_12 col span_12 light center\">\n\t<div style=\" color: #FFFED9;\" class=\"vc_col-sm-12 wpb_column column_container vc_column_container col no-extra-padding inherit_tablet inherit_phone\" data-cfc=\"true\"  data-padding-pos=\"all\" data-has-bg-color=\"false\" data-bg-color=\"\" data-bg-opacity=\"1\" data-animation=\"\" data-delay=\"0\" >\n\t\t<div class=\"vc_column-inner\" >\n\t\t\t<div class=\"wpb_wrapper\">\n\t\t\t\t\n<div class=\"wpb_text_column wpb_content_element\" >\n\t<h1 style=\"text-align: center;\">Premio a la innovaci\u00f3n<br \/>\nReconocido por su finalidad<\/h1>\n<\/div>\n\n\n\n\n\t\t\t<\/div> \n\t\t<\/div>\n\t<\/div> \n<\/div><\/div>\n\t\t<div id=\"regular-cards\"  data-column-margin=\"default\" data-midnight=\"dark\"  class=\"wpb_row vc_row-fluid vc_row  top_margin_5rem\"  style=\"padding-top: 0px; padding-bottom: 0px; \"><div class=\"row-bg-wrap\" data-bg-animation=\"none\" data-bg-animation-delay=\"\" data-bg-overlay=\"false\"><div class=\"inner-wrap row-bg-layer\" ><div class=\"row-bg viewport-desktop\"  style=\"\"><\/div><\/div><\/div><div class=\"row_col_wrap_12 col span_12 dark left\">\n\t<div  class=\"vc_col-sm-4 wpb_column column_container vc_column_container col no-extra-padding inherit_tablet inherit_phone flex_gap_desktop_10px\"  data-padding-pos=\"all\" data-has-bg-color=\"false\" data-bg-color=\"\" data-bg-opacity=\"1\" data-animation=\"\" data-delay=\"0\" >\n\t\t<div class=\"vc_column-inner\" >\n\t\t\t<div class=\"wpb_wrapper\">\n\t\t\t\t<p style=\"text-align: left\" class=\"vc_custom_heading vc_do_custom_heading tag\" >Reconocimiento<\/p><div class=\"divider-wrap\" data-alignment=\"default\"><div style=\"height: 40px;\" class=\"divider\"><\/div><\/div>\n<div class=\"wpb_text_column wpb_content_element\" >\n\t<h2>Dise\u00f1o de bioplacas<\/h2>\n<p>Nuestro compromiso con la excelencia en el dise\u00f1o y la innovaci\u00f3n positiva para el planeta ya ha sido reconocido por dos importantes programas de premios. Cada galard\u00f3n refuerza la misi\u00f3n de Bioplates de fabricar vajillas que deleiten a los chefs sin da\u00f1ar la Tierra.<\/p>\n<\/div>\n\n\n\n\n\t\t\t<\/div> \n\t\t<\/div>\n\t<\/div> \n\n\t<div  class=\"vc_col-sm-2 wpb_column column_container vc_column_container col no-extra-padding inherit_tablet inherit_phone flex_gap_desktop_10px\"  data-padding-pos=\"all\" data-has-bg-color=\"false\" data-bg-color=\"\" data-bg-opacity=\"1\" data-animation=\"\" data-delay=\"0\" >\n\t\t<div class=\"vc_column-inner\" >\n\t\t\t<div class=\"wpb_wrapper\">\n\t\t\t\t\n\t\t\t<\/div> \n\t\t<\/div>\n\t<\/div> \n\n\t<div  class=\"vc_col-sm-6 cards wpb_column column_container vc_column_container col no-extra-padding inherit_tablet inherit_phone\"  data-padding-pos=\"all\" data-has-bg-color=\"false\" data-bg-color=\"\" data-bg-opacity=\"1\" data-animation=\"\" data-delay=\"0\" >\n\t\t<div class=\"vc_column-inner\" >\n\t\t\t<div class=\"wpb_wrapper\">\n\t\t\t\t<div class=\"nectar-fancy-ul\" data-list-icon=\"none\" data-animation=\"false\" data-animation-delay=\"0\" data-color=\"accent-color\" data-spacing=\"default\" data-alignment=\"left\"> <em>Buen dise\u00f1o ecol\u00f3gico 2026<\/em><\/p>\n<p>\ud83c\udfc6 Ganador - Green GOOD DESIGN<br \/>\nPremio 2026<br \/>\n(Ateneo de Chicago)<\/p>\n<h2>Ganador<\/h2>\n <\/div><div class=\"nectar-fancy-ul\" data-list-icon=\"none\" data-animation=\"false\" data-animation-delay=\"0\" data-color=\"accent-color\" data-spacing=\"default\" data-alignment=\"left\"> <em>Premio Alem\u00e1n de Dise\u00f1o 2026<\/em><\/p>\n<p><img loading=\"lazy\" decoding=\"async\" class=\"size-medium wp-image-240 aligncenter\" role=\"img\" src=\"https:\/\/bioplates.com\/wp-content\/uploads\/germain-design-award.svg\" alt=\"\" width=\"300\" height=\"300\" \/><\/p>\n<h2>Ganador<\/h2>\n <\/div><div class=\"nectar-fancy-ul\" data-list-icon=\"none\" data-animation=\"false\" data-animation-delay=\"0\" data-color=\"accent-color\" data-spacing=\"default\" data-alignment=\"left\"> <em>Premios Mundiales de Sostenibilidad 2025<\/em><\/p>\n<p><img loading=\"lazy\" decoding=\"async\" class=\"wp-image-237 size-full aligncenter\" role=\"img\" src=\"https:\/\/bioplates.com\/wp-content\/uploads\/award-wsa.jpg\" alt=\"\" width=\"140\" height=\"140\" srcset=\"https:\/\/bioplates.com\/wp-content\/uploads\/award-wsa.jpg 280w, https:\/\/bioplates.com\/wp-content\/uploads\/award-wsa-150x150.jpg 150w, https:\/\/bioplates.com\/wp-content\/uploads\/award-wsa-140x140.jpg 140w, https:\/\/bioplates.com\/wp-content\/uploads\/award-wsa-100x100.jpg 100w\" sizes=\"auto, (max-width: 140px) 100vw, 140px\" \/><\/p>\n<h2>Ganador<\/h2>\n <\/div><div class=\"nectar-fancy-ul\" data-list-icon=\"none\" data-animation=\"false\" data-animation-delay=\"0\" data-color=\"accent-color\" data-spacing=\"default\" data-alignment=\"left\"> <em>EDPA 2025<\/em><\/p>\n<p><img loading=\"lazy\" decoding=\"async\" class=\"wp-image-238 size-medium aligncenter\" role=\"img\" src=\"https:\/\/bioplates.com\/wp-content\/uploads\/award-design-for-humanity.svg\" alt=\"\" width=\"300\" height=\"300\" \/><\/p>\n<h2>Dise\u00f1o para la humanidad<\/h2>\n <\/div><div class=\"nectar-fancy-ul\" data-list-icon=\"none\" data-animation=\"false\" data-animation-delay=\"0\" data-color=\"accent-color\" data-spacing=\"default\" data-alignment=\"left\"> <em>EDPA 2025<\/em><\/p>\n<p><img loading=\"lazy\" decoding=\"async\" class=\"wp-image-236 size-medium aligncenter\" role=\"img\" src=\"https:\/\/bioplates.com\/wp-content\/uploads\/award-top-design.svg\" alt=\"\" width=\"300\" height=\"300\" \/><\/p>\n<h2>Dise\u00f1o superior<\/h2>\n <\/div><div class=\"nectar-fancy-ul\" data-list-icon=\"none\" data-animation=\"false\" data-animation-delay=\"0\" data-color=\"accent-color\" data-spacing=\"default\" data-alignment=\"left\"> <em>EDPA 2025<\/em><\/p>\n<p><img loading=\"lazy\" decoding=\"async\" class=\"wp-image-239 size-medium aligncenter\" role=\"img\" src=\"https:\/\/bioplates.com\/wp-content\/uploads\/award-2025-winner.svg\" alt=\"\" width=\"300\" height=\"300\" \/><\/p>\n<h2>Ganador<\/h2>\n <\/div>\n\t\t\t<\/div> \n\t\t<\/div>\n\t<\/div> \n<\/div><\/div>","protected":false},"excerpt":{"rendered":"Awarded for innovation Recognized for purpose Recognition Bioplates design Our commitment to design excellence and planetpositive innovation has already been recognised by two leading award programmes. Each accolade reinforces Bioplates'...","protected":false},"author":2,"featured_media":0,"parent":0,"menu_order":5,"comment_status":"closed","ping_status":"closed","template":"","meta":{"footnotes":""},"class_list":["post-22","page","type-page","status-publish"],"_links":{"self":[{"href":"https:\/\/bioplates.com\/es\/wp-json\/wp\/v2\/pages\/22","targetHints":{"allow":["GET"]}}],"collection":[{"href":"https:\/\/bioplates.com\/es\/wp-json\/wp\/v2\/pages"}],"about":[{"href":"https:\/\/bioplates.com\/es\/wp-json\/wp\/v2\/types\/page"}],"author":[{"embeddable":true,"href":"https:\/\/bioplates.com\/es\/wp-json\/wp\/v2\/users\/2"}],"replies":[{"embeddable":true,"href":"https:\/\/bioplates.com\/es\/wp-json\/wp\/v2\/comments?post=22"}],"version-history":[{"count":11,"href":"https:\/\/bioplates.com\/es\/wp-json\/wp\/v2\/pages\/22\/revisions"}],"predecessor-version":[{"id":393,"href":"https:\/\/bioplates.com\/es\/wp-json\/wp\/v2\/pages\/22\/revisions\/393"}],"wp:attachment":[{"href":"https:\/\/bioplates.com\/es\/wp-json\/wp\/v2\/media?parent=22"}],"curies":[{"name":"wp","href":"https:\/\/api.w.org\/{rel}","templated":true}]}}