{"id":20,"date":"2026-01-26T12:10:02","date_gmt":"2026-01-26T12:10:02","guid":{"rendered":"https:\/\/bioplates.com\/?page_id=20"},"modified":"2026-03-09T14:30:13","modified_gmt":"2026-03-09T14:30:13","slug":"clientes","status":"publish","type":"page","link":"https:\/\/bioplates.com\/es\/clients\/","title":{"rendered":"Clientes"},"content":{"rendered":"<div id=\"fws_69e5e870ee64a\"  data-column-margin=\"default\" data-midnight=\"dark\"  class=\"wpb_row vc_row-fluid vc_row  top_margin_5rem bottom_margin_2rem\"  style=\"padding-top: 0px; padding-bottom: 0px; \"><div class=\"row-bg-wrap\" data-bg-animation=\"none\" data-bg-animation-delay=\"\" data-bg-overlay=\"false\"><div class=\"inner-wrap row-bg-layer\" ><div class=\"row-bg viewport-desktop\"  style=\"\"><\/div><\/div><\/div><div class=\"row_col_wrap_12 col span_12 dark left\">\n\t<div  class=\"vc_col-sm-4 wpb_column column_container vc_column_container col no-extra-padding inherit_tablet inherit_phone flex_gap_desktop_10px\"  data-padding-pos=\"all\" data-has-bg-color=\"false\" data-bg-color=\"\" data-bg-opacity=\"1\" data-animation=\"\" data-delay=\"0\" >\n\t\t<div class=\"vc_column-inner\" >\n\t\t\t<div class=\"wpb_wrapper\">\n\t\t\t\t<p style=\"text-align: left\" class=\"vc_custom_heading vc_do_custom_heading tag\" >Nuestros clientes<\/p><div class=\"divider-wrap\" data-alignment=\"default\"><div style=\"height: 40px;\" class=\"divider\"><\/div><\/div>\n<div class=\"wpb_text_column wpb_content_element\" >\n\t<h2>Casos pr\u00e1cticos<\/h2>\n<p>Desde restaurantes con estrellas Michelin hasta complejos tur\u00edsticos en primera l\u00ednea de playa, los bioplatos est\u00e1n redefiniendo el rendimiento en el mundo real.<\/p>\n<\/div>\n\n\n\n\n\t\t\t<\/div> \n\t\t<\/div>\n\t<\/div> \n\n\t<div  class=\"vc_col-sm-8 wpb_column column_container vc_column_container col no-extra-padding inherit_tablet inherit_phone flex_gap_desktop_10px\"  data-padding-pos=\"all\" data-has-bg-color=\"false\" data-bg-color=\"\" data-bg-opacity=\"1\" data-animation=\"\" data-delay=\"0\" >\n\t\t<div class=\"vc_column-inner\" >\n\t\t\t<div class=\"wpb_wrapper\">\n\t\t\t\t\n\t\t\t<\/div> \n\t\t<\/div>\n\t<\/div> \n<\/div><\/div>\n\t\t<div id=\"fws_69e5e870ef741\"  data-column-margin=\"default\" data-midnight=\"dark\"  class=\"wpb_row vc_row-fluid vc_row\"  style=\"padding-top: 0px; padding-bottom: 0px; \"><div class=\"row-bg-wrap\" data-bg-animation=\"none\" data-bg-animation-delay=\"\" data-bg-overlay=\"false\"><div class=\"inner-wrap row-bg-layer\" ><div class=\"row-bg viewport-desktop\"  style=\"\"><\/div><\/div><\/div><div class=\"row_col_wrap_12 col span_12 dark left\">\n\t<div  class=\"vc_col-sm-12 wpb_column column_container vc_column_container col no-extra-padding inherit_tablet inherit_phone flex_gap_desktop_10px\"  data-padding-pos=\"all\" data-has-bg-color=\"false\" data-bg-color=\"\" data-bg-opacity=\"1\" data-animation=\"\" data-delay=\"0\" >\n\t\t<div class=\"vc_column-inner\" >\n\t\t\t<div class=\"wpb_wrapper\">\n\t\t\t\t\n<div class=\"wpb_text_column wpb_content_element  logo-list\" >\n\t<p><img loading=\"lazy\" decoding=\"async\" class=\"alignnone size-medium wp-image-253\" role=\"img\" src=\"https:\/\/bioplates.com\/wp-content\/uploads\/six-sense-logo.svg\" alt=\"\" width=\"300\" height=\"300\" \/><img loading=\"lazy\" decoding=\"async\" class=\"alignnone size-medium wp-image-254\" role=\"img\" src=\"https:\/\/bioplates.com\/wp-content\/uploads\/herdade-esporao-logo.svg\" alt=\"\" width=\"300\" height=\"300\" \/><img loading=\"lazy\" decoding=\"async\" class=\"alignnone size-medium wp-image-251\" role=\"img\" src=\"https:\/\/bioplates.com\/wp-content\/uploads\/immerso-logo.svg\" alt=\"\" width=\"300\" height=\"300\" \/><img loading=\"lazy\" decoding=\"async\" class=\"alignnone size-medium wp-image-252\" role=\"img\" src=\"https:\/\/bioplates.com\/wp-content\/uploads\/herdade-malhadinha-logo.svg\" alt=\"\" width=\"300\" height=\"300\" \/><img loading=\"lazy\" decoding=\"async\" class=\"alignnone size-medium wp-image-249\" role=\"img\" src=\"https:\/\/bioplates.com\/wp-content\/uploads\/aethos-logo.svg\" alt=\"\" width=\"300\" height=\"300\" \/><img loading=\"lazy\" decoding=\"async\" class=\"alignnone size-medium wp-image-250\" role=\"img\" src=\"https:\/\/bioplates.com\/wp-content\/uploads\/sublime-logo.svg\" alt=\"\" width=\"300\" height=\"300\" \/><\/p>\n<\/div>\n\n\n\n\n\t\t\t<\/div> \n\t\t<\/div>\n\t<\/div> \n<\/div><\/div>\n\t\t<div id=\"home-testimonial\"  data-column-margin=\"default\" data-midnight=\"dark\"  class=\"wpb_row vc_row-fluid vc_row full-width-content has-row-bg-color vc_row-o-equal-height vc_row-flex vc_row-o-content-middle  bottom_margin_4rem\"  style=\"padding-top: 0px; padding-bottom: 0px; --row-bg-color: #D9D5CA;\"><div class=\"row-bg-wrap\" data-bg-animation=\"none\" data-bg-animation-delay=\"\" data-bg-overlay=\"false\"><div class=\"inner-wrap row-bg-layer\" ><div class=\"row-bg viewport-desktop using-bg-color\"  style=\"background-color: #D9D5CA; \"><\/div><\/div><\/div><div class=\"row_col_wrap_12 col span_12 dark left\">\n\t<div  class=\"vc_col-sm-12 wpb_column column_container vc_column_container col no-extra-padding inherit_tablet inherit_phone flex_gap_desktop_10px\"  data-padding-pos=\"all\" data-has-bg-color=\"false\" data-bg-color=\"\" data-bg-opacity=\"1\" data-animation=\"\" data-delay=\"0\" >\n\t\t<div class=\"vc_column-inner\" >\n\t\t\t<div class=\"wpb_wrapper\">\n\t\t\t\t<h2 style=\"text-align: center\" class=\"vc_custom_heading vc_do_custom_heading\" >Lo que dicen nuestros clientes:<\/h2><div class=\"testimonial_slider span_12 col\" data-color=\"\" data-rating-color=\"accent-color\" data-controls=\"default\" data-add-border=\"\" data-autorotate=\"5000\" data-style=\"minimal\" ><div class=\"slides\"><blockquote>  <p><span class=\"open-quote\">\u201c<\/span>Los bioplatos se ajustan mucho mejor a nuestra visi\u00f3n sostenible que los platos de acero esmaltado.<span class=\"close-quote\">\u201d<\/span> <span role=\"none\" class=\"bottom-arrow\"><\/span><\/p><span class=\"testimonial-name\">Chef Mikel, Aethos Mallorca<\/span><span class=\"title\">(Hotel reconocido internacionalmente por su compromiso con la sostenibilidad y el bienestar)<\/span><\/blockquote><blockquote>  <p><span class=\"open-quote\">\u201c<\/span>Los biopl\u00e1sticos mantuvieron su color, brillo y resistencia tras m\u00e1s de 7.000 lavados industriales.<span class=\"close-quote\">\u201d<\/span> <span role=\"none\" class=\"bottom-arrow\"><\/span><\/p><span class=\"testimonial-name\">Diogo Gonzaga, Chef Ejecutivo - Sublime Comporta<\/span><span class=\"title\">(Mejor hotel boutique de Europa - World Travel Awards 2020)<\/span><\/blockquote><blockquote>  <p><span class=\"open-quote\">\u201c<\/span>Elegimos Bioplates: la melamina ya no tiene sentido para nosotros.<span class=\"close-quote\">\u201d<\/span> <span role=\"none\" class=\"bottom-arrow\"><\/span><\/p><span class=\"testimonial-name\">Andr\u00e9 Conde\u00e7o, Director de F&amp;B - Sublime Comporta<\/span><span class=\"title\">(Mejor hotel boutique de Europa - World Travel Awards 2020)<\/span><\/blockquote><blockquote>  <p><span class=\"open-quote\">\u201c<\/span>Estamos dispuestos a pagar m\u00e1s por abandonar los productos desechables: los biopl\u00e1sticos son bonitos, duraderos y acordes con nuestra identidad sostenible.<span class=\"close-quote\">\u201d<\/span> <span role=\"none\" class=\"bottom-arrow\"><\/span><\/p><span class=\"testimonial-name\">Gon\u00e7alo Menezes, Director General - Immerso<\/span><span class=\"title\">(Hotel de referencia para la sostenibilidad en Ericeira - Reserva Mundial de Surf)<\/span><\/blockquote><blockquote>  <p><span class=\"open-quote\">\u201c<\/span>Los biopl\u00e1sticos son, sinceramente, la opci\u00f3n m\u00e1s sostenible que conozco: resuelven un viejo problema para el que nunca encontramos soluci\u00f3n.<span class=\"close-quote\">\u201d<\/span> <span role=\"none\" class=\"bottom-arrow\"><\/span><\/p><span class=\"testimonial-name\">Chef Carlos Albuquerque - Herdade do Espor\u00e3o<\/span><span class=\"title\">(\u2b50 Estrella Verde Michelin)<\/span><\/blockquote><blockquote>  <p><span class=\"open-quote\">\u201c<\/span>En los barcos, los Bioplates funcionan a la perfecci\u00f3n: ligeros, seguros e ideales para uso n\u00e1utico.<span class=\"close-quote\">\u201d<\/span> <span role=\"none\" class=\"bottom-arrow\"><\/span><\/p><span class=\"testimonial-name\">Chef Marc Llor\u00e9s - Aethos Mallorca<\/span><span class=\"title\">(Hotel reconocido por su enfoque hol\u00edstico de la sostenibilidad)<\/span><\/blockquote><blockquote>  <p><span class=\"open-quote\">\u201c<\/span>En Six Senses no utilizamos pl\u00e1stico, y los Bioplates fueron la primera soluci\u00f3n realmente sostenible y duradera que encontramos para sustituir al esmalte.<span class=\"close-quote\">\u201d<\/span> <span role=\"none\" class=\"bottom-arrow\"><\/span><\/p><span class=\"testimonial-name\">Jos\u00e9 Moreira (Director de F&amp;B) y Chef Jos\u00e9 Maria - Six Senses Douro Valley<\/span><span class=\"title\">(Ganador del premio \u2018Restaurante m\u00e1s sostenible de Portugal\u2019 - Mesa Marcada)<\/span><\/blockquote><blockquote>  <p><span class=\"open-quote\">\u201c<\/span>Los Bioplates combinan una est\u00e9tica ecol\u00f3gica, moderna y chic, una rara expresi\u00f3n del lujo sostenible que nos impresion\u00f3 desde el primer momento.<span class=\"close-quote\">\u201d<\/span> <span role=\"none\" class=\"bottom-arrow\"><\/span><\/p><span class=\"testimonial-name\">Chef C\u00edntia Koerper - Herdade da Malhadinha Nova<\/span><span class=\"title\">(\u2b50 Estrella Verde Michelin)<\/span><\/blockquote><\/div><\/div>\n\t\t\t<\/div> \n\t\t<\/div>\n\t<\/div> \n<\/div><\/div>\n\t\t<div id=\"regular-cards\"  data-column-margin=\"default\" data-midnight=\"light\"  class=\"wpb_row vc_row-fluid vc_row full-width-section\"  style=\"padding-top: 6em; padding-bottom: 6em; \"><div class=\"row-bg-wrap\" data-bg-animation=\"none\" data-bg-animation-delay=\"\" data-bg-overlay=\"false\"><div class=\"inner-wrap row-bg-layer using-image\" ><div class=\"row-bg viewport-desktop using-image\"  style=\"background-image: url(https:\/\/bioplates.com\/wp-content\/uploads\/bg-clients.jpg); background-position: center center; background-repeat: no-repeat; \"><\/div><\/div><\/div><div class=\"row_col_wrap_12 col span_12 light center\">\n\t<div  class=\"vc_col-sm-12 wpb_column column_container vc_column_container col no-extra-padding inherit_tablet inherit_phone flex_gap_desktop_10px\"  data-padding-pos=\"all\" data-has-bg-color=\"false\" data-bg-color=\"\" data-bg-opacity=\"1\" data-animation=\"\" data-delay=\"0\" >\n\t\t<div class=\"vc_column-inner\" >\n\t\t\t<div class=\"wpb_wrapper\">\n\t\t\t\t\n<div class=\"wpb_text_column wpb_content_element\" >\n\t<h2>Dise\u00f1ado para la hosteler\u00eda moderna<\/h2>\n<\/div>\n\n\n\n<div id=\"fws_69e5e870f2058\" data-midnight=\"\" data-column-margin=\"default\" class=\"wpb_row vc_row-fluid vc_row inner_row horizontal c1\"  style=\"\"><div class=\"row-bg-wrap\"> <div class=\"row-bg\" ><\/div> <\/div><div class=\"row_col_wrap_12_inner col span_12  left\">\n\t<div  class=\"vc_col-sm-12 wpb_column column_container vc_column_container col child_column no-extra-padding inherit_tablet inherit_phone flex_gap_desktop_10px\"   data-padding-pos=\"all\" data-has-bg-color=\"false\" data-bg-color=\"\" data-bg-opacity=\"1\" data-animation=\"\" data-delay=\"0\" >\n\t\t<div class=\"vc_column-inner\" >\n\t\t<div class=\"wpb_wrapper\">\n\t\t\t<div class=\"nectar-fancy-ul\" data-list-icon=\"none\" data-animation=\"false\" data-animation-delay=\"0\" data-color=\"accent-color\" data-spacing=\"20px\" data-alignment=\"left\"> <em>Zonas de piscina y playa<\/em><br \/>\nSe acabaron los micropl\u00e1sticos de la melamina. Los biopl\u00e1sticos son seguros, limpios, duraderos y totalmente biodegradables. <\/div><div class=\"nectar-fancy-ul\" data-list-icon=\"none\" data-animation=\"false\" data-animation-delay=\"0\" data-color=\"accent-color\" data-spacing=\"20px\" data-alignment=\"left\"> <em>Comedor al aire libre<\/em><br \/>\nLigero y resistente a los golpes. Perfecto para jardines, patios o azoteas. <\/div><div class=\"nectar-fancy-ul\" data-list-icon=\"none\" data-animation=\"false\" data-animation-delay=\"0\" data-color=\"accent-color\" data-spacing=\"20px\" data-alignment=\"left\"> <em>Eventos y retiros ecol\u00f3gicos<\/em><br \/>\nDemuestre a sus invitados que se preocupa por ellos, desde la mesa hasta la tierra. <\/div><div class=\"nectar-fancy-ul\" data-list-icon=\"none\" data-animation=\"false\" data-animation-delay=\"0\" data-color=\"accent-color\" data-spacing=\"20px\" data-alignment=\"left\"> <em>Buffets y desayunos<\/em><br \/>\nFabricados espec\u00edficamente para su uso en lavavajillas comerciales y en entornos de hosteler\u00eda de alta rotaci\u00f3n. <\/div><div class=\"nectar-fancy-ul\" data-list-icon=\"none\" data-animation=\"false\" data-animation-delay=\"0\" data-color=\"accent-color\" data-spacing=\"20px\" data-alignment=\"left\"> <em>Hoteles de lujo sostenibles<\/em><br \/>\nCon la confianza de Six Senses, Sublime y otros. <\/div><div class=\"nectar-fancy-ul\" data-list-icon=\"none\" data-animation=\"false\" data-animation-delay=\"0\" data-color=\"accent-color\" data-spacing=\"20px\" data-alignment=\"left\"> <em>Objetivos circulares<\/em><br \/>\nTotalmente compatible con iniciativas sin pl\u00e1stico o de residuo cero. <\/div>\n\t\t<\/div> \n\t<\/div>\n\t<\/div> \n<\/div><\/div>\n\t\t\t<\/div> \n\t\t<\/div>\n\t<\/div> \n<\/div><\/div>","protected":false},"excerpt":{"rendered":"Our clients Use cases From Michelin-starred restaurants.to beachfront resorts Bioplates are redefining. performance in real-world settings. What our clients say: &#8220;Bioplates fit our sustainable vision far better than enamelware plates.&#8221;...","protected":false},"author":2,"featured_media":0,"parent":0,"menu_order":4,"comment_status":"closed","ping_status":"closed","template":"","meta":{"footnotes":""},"class_list":["post-20","page","type-page","status-publish"],"_links":{"self":[{"href":"https:\/\/bioplates.com\/es\/wp-json\/wp\/v2\/pages\/20","targetHints":{"allow":["GET"]}}],"collection":[{"href":"https:\/\/bioplates.com\/es\/wp-json\/wp\/v2\/pages"}],"about":[{"href":"https:\/\/bioplates.com\/es\/wp-json\/wp\/v2\/types\/page"}],"author":[{"embeddable":true,"href":"https:\/\/bioplates.com\/es\/wp-json\/wp\/v2\/users\/2"}],"replies":[{"embeddable":true,"href":"https:\/\/bioplates.com\/es\/wp-json\/wp\/v2\/comments?post=20"}],"version-history":[{"count":11,"href":"https:\/\/bioplates.com\/es\/wp-json\/wp\/v2\/pages\/20\/revisions"}],"predecessor-version":[{"id":365,"href":"https:\/\/bioplates.com\/es\/wp-json\/wp\/v2\/pages\/20\/revisions\/365"}],"wp:attachment":[{"href":"https:\/\/bioplates.com\/es\/wp-json\/wp\/v2\/media?parent=20"}],"curies":[{"name":"wp","href":"https:\/\/api.w.org\/{rel}","templated":true}]}}