{"id":16,"date":"2026-01-26T12:09:44","date_gmt":"2026-01-26T12:09:44","guid":{"rendered":"https:\/\/bioplates.com\/?page_id=16"},"modified":"2026-03-09T15:14:00","modified_gmt":"2026-03-09T15:14:00","slug":"coleccion","status":"publish","type":"page","link":"https:\/\/bioplates.com\/es\/collection\/","title":{"rendered":"Colecci\u00f3n"},"content":{"rendered":"<div id=\"fws_69e600dda9a3b\"  data-column-margin=\"default\" data-midnight=\"dark\"  class=\"wpb_row vc_row-fluid vc_row  top_margin_5rem\"  style=\"padding-top: 0px; padding-bottom: 0px; \"><div class=\"row-bg-wrap\" data-bg-animation=\"none\" data-bg-animation-delay=\"\" data-bg-overlay=\"false\"><div class=\"inner-wrap row-bg-layer\" ><div class=\"row-bg viewport-desktop\"  style=\"\"><\/div><\/div><\/div><div class=\"row_col_wrap_12 col span_12 dark left\">\n\t<div  class=\"vc_col-sm-4 wpb_column column_container vc_column_container col no-extra-padding inherit_tablet inherit_phone flex_gap_desktop_10px\"  data-padding-pos=\"all\" data-has-bg-color=\"false\" data-bg-color=\"\" data-bg-opacity=\"1\" data-animation=\"\" data-delay=\"0\" >\n\t\t<div class=\"vc_column-inner\" >\n\t\t\t<div class=\"wpb_wrapper\">\n\t\t\t\t<p style=\"text-align: left\" class=\"vc_custom_heading vc_do_custom_heading tag\" >Placas<\/p><div class=\"divider-wrap\" data-alignment=\"default\"><div style=\"height: 40px;\" class=\"divider\"><\/div><\/div>\n<div class=\"wpb_text_column wpb_content_element\" >\n\t<h2>Cl\u00e1sico<\/h2>\n<p class=\"p1\">Geometr\u00eda limpia y borde punteado para chefs que valoran las l\u00edneas atemporales. Una reinterpretaci\u00f3n moderna de la vajilla cl\u00e1sica con siluetas refinadas y proporciones equilibradas. No se recomienda su uso con cuchillos en los platos.<\/p>\n<\/div>\n\n\n\n<div class=\"divider-wrap\" data-alignment=\"default\"><div style=\"height: 40px;\" class=\"divider\"><\/div><\/div>\n<div class=\"wpb_text_column wpb_content_element\" >\n\t<p>Dimensiones: 24\u00d724 cm<\/p>\n<\/div>\n\n\n\n\n\t\t\t<\/div> \n\t\t<\/div>\n\t<\/div> \n\n\t<div  class=\"vc_col-sm-8 wpb_column column_container vc_column_container col no-extra-padding inherit_tablet inherit_phone flex_gap_desktop_10px\"  data-padding-pos=\"all\" data-has-bg-color=\"false\" data-bg-color=\"\" data-bg-opacity=\"1\" data-animation=\"\" data-delay=\"0\" >\n\t\t<div class=\"vc_column-inner\" >\n\t\t\t<div class=\"wpb_wrapper\">\n\t\t\t\t\n\t<div class=\"wpb_gallery wpb_content_element clearfix\">\n\t\t<div class=\"wpb_wrapper\"><div class=\"wpb_gallery_slidesflickity_static_height_style\" data-onclick=\"link_image\" data-interval=\"5\"><style>.wpb_gallery_slidesflickity_static_height_style .nectar-flickity.instace-69e600ddab70e:not(.masonry) .flickity-slider .cell img {\n      height: 517px;\n    }\n    @media only screen and (max-width: 1300px) {\n      .wpb_gallery_slidesflickity_static_height_style .nectar-flickity.instace-69e600ddab70e:not(.masonry) .flickity-slider .cell img {\n        height: 400px;\n      }\n    }\n    @media only screen and (max-width: 1000px) {\n      .wpb_gallery_slidesflickity_static_height_style .nectar-flickity.instace-69e600ddab70e:not(.masonry) .flickity-slider .cell img {\n        height: 350px;\n      }\n    }\n    @media only screen and (max-width: 690px) {\n      .wpb_gallery_slidesflickity_static_height_style .nectar-flickity.instace-69e600ddab70e:not(.masonry) .flickity-slider .cell img {\n        height: 300px;\n      }\n    }<\/style><div class=\"nectar-flickity not-initialized instace-69e600ddab70e\"  data-touch-icon-color=\"default\" data-drag-scale=\"\" data-overflow=\"hidden\" data-wrap=\"wrap\" data-spacing=\"default\" data-shadow=\"none\" data-autoplay=\"true\" data-autoplay-dur=\"3000\" data-free-scroll=\"\" data-controls=\"pagination\"><div class=\"flickity-viewport\"> <div class=\"flickity-slider\"><div class=\"cell\" data-lazy=\"true\"><img loading=\"lazy\" decoding=\"async\" width=\"682\" height=\"1024\"  src=\"data:image\/svg+xml;charset=utf-8,%3Csvg%20xmlns%3D'http%3A%2F%2Fwww.w3.org%2F2000%2Fsvg'%20viewBox%3D'0%200%20682%201024'%2F%3E\" data-nectar-img-src=\"https:\/\/bioplates.com\/wp-content\/uploads\/classic_1-682x1024.jpg\" class=\"skip-lazy nectar-lazy attachment-large\" alt=\"\" title=\"cl\u00e1sico_1\"  data-nectar-img-srcset=\"https:\/\/bioplates.com\/wp-content\/uploads\/classic_1-682x1024.jpg 682w, https:\/\/bioplates.com\/wp-content\/uploads\/classic_1-200x300.jpg 200w, https:\/\/bioplates.com\/wp-content\/uploads\/classic_1-768x1153.jpg 768w, https:\/\/bioplates.com\/wp-content\/uploads\/classic_1-1023x1536.jpg 1023w, https:\/\/bioplates.com\/wp-content\/uploads\/classic_1.jpg 1332w\"><a class=\"entire-slide-link\"  href=\"https:\/\/bioplates.com\/wp-content\/uploads\/classic_1.jpg\"><\/a><\/div><div class=\"cell\" data-lazy=\"true\"><img loading=\"lazy\" decoding=\"async\" width=\"682\" height=\"1024\"  src=\"data:image\/svg+xml;charset=utf-8,%3Csvg%20xmlns%3D'http%3A%2F%2Fwww.w3.org%2F2000%2Fsvg'%20viewBox%3D'0%200%20682%201024'%2F%3E\" data-nectar-img-src=\"https:\/\/bioplates.com\/wp-content\/uploads\/classic_2-682x1024.jpg\" class=\"skip-lazy nectar-lazy attachment-large\" alt=\"\" title=\"cl\u00e1sico_2\"  data-nectar-img-srcset=\"https:\/\/bioplates.com\/wp-content\/uploads\/classic_2-682x1024.jpg 682w, https:\/\/bioplates.com\/wp-content\/uploads\/classic_2-200x300.jpg 200w, https:\/\/bioplates.com\/wp-content\/uploads\/classic_2-768x1153.jpg 768w, https:\/\/bioplates.com\/wp-content\/uploads\/classic_2-1023x1536.jpg 1023w, https:\/\/bioplates.com\/wp-content\/uploads\/classic_2.jpg 1332w\"><a class=\"entire-slide-link\"  href=\"https:\/\/bioplates.com\/wp-content\/uploads\/classic_2.jpg\"><\/a><\/div><div class=\"cell\" data-lazy=\"true\"><img loading=\"lazy\" decoding=\"async\" width=\"682\" height=\"1024\"  src=\"data:image\/svg+xml;charset=utf-8,%3Csvg%20xmlns%3D'http%3A%2F%2Fwww.w3.org%2F2000%2Fsvg'%20viewBox%3D'0%200%20682%201024'%2F%3E\" data-nectar-img-src=\"https:\/\/bioplates.com\/wp-content\/uploads\/classic_3-682x1024.jpg\" class=\"skip-lazy nectar-lazy attachment-large\" alt=\"\" title=\"cl\u00e1sico_3\"  data-nectar-img-srcset=\"https:\/\/bioplates.com\/wp-content\/uploads\/classic_3-682x1024.jpg 682w, https:\/\/bioplates.com\/wp-content\/uploads\/classic_3-200x300.jpg 200w, https:\/\/bioplates.com\/wp-content\/uploads\/classic_3-768x1153.jpg 768w, https:\/\/bioplates.com\/wp-content\/uploads\/classic_3-1023x1536.jpg 1023w, https:\/\/bioplates.com\/wp-content\/uploads\/classic_3.jpg 1332w\"><a class=\"entire-slide-link\"  href=\"https:\/\/bioplates.com\/wp-content\/uploads\/classic_3.jpg\"><\/a><\/div><div class=\"cell\" data-lazy=\"true\"><img loading=\"lazy\" decoding=\"async\" width=\"683\" height=\"1024\"  src=\"data:image\/svg+xml;charset=utf-8,%3Csvg%20xmlns%3D'http%3A%2F%2Fwww.w3.org%2F2000%2Fsvg'%20viewBox%3D'0%200%20683%201024'%2F%3E\" data-nectar-img-src=\"https:\/\/bioplates.com\/wp-content\/uploads\/classic_4-683x1024.jpg\" class=\"skip-lazy nectar-lazy attachment-large\" alt=\"\" title=\"cl\u00e1sico_4\"  data-nectar-img-srcset=\"https:\/\/bioplates.com\/wp-content\/uploads\/classic_4-683x1024.jpg 683w, https:\/\/bioplates.com\/wp-content\/uploads\/classic_4-200x300.jpg 200w, https:\/\/bioplates.com\/wp-content\/uploads\/classic_4-768x1151.jpg 768w, https:\/\/bioplates.com\/wp-content\/uploads\/classic_4-1025x1536.jpg 1025w, https:\/\/bioplates.com\/wp-content\/uploads\/classic_4.jpg 1334w\"><a class=\"entire-slide-link\"  href=\"https:\/\/bioplates.com\/wp-content\/uploads\/classic_4.jpg\"><\/a><\/div><div class=\"cell\" data-lazy=\"true\"><img loading=\"lazy\" decoding=\"async\" width=\"682\" height=\"1024\"  src=\"data:image\/svg+xml;charset=utf-8,%3Csvg%20xmlns%3D'http%3A%2F%2Fwww.w3.org%2F2000%2Fsvg'%20viewBox%3D'0%200%20682%201024'%2F%3E\" data-nectar-img-src=\"https:\/\/bioplates.com\/wp-content\/uploads\/classic_5-682x1024.jpg\" class=\"skip-lazy nectar-lazy attachment-large\" alt=\"\" title=\"cl\u00e1sico_5\"  data-nectar-img-srcset=\"https:\/\/bioplates.com\/wp-content\/uploads\/classic_5-682x1024.jpg 682w, https:\/\/bioplates.com\/wp-content\/uploads\/classic_5-200x300.jpg 200w, https:\/\/bioplates.com\/wp-content\/uploads\/classic_5-768x1153.jpg 768w, https:\/\/bioplates.com\/wp-content\/uploads\/classic_5-1023x1536.jpg 1023w, https:\/\/bioplates.com\/wp-content\/uploads\/classic_5.jpg 1332w\"><a class=\"entire-slide-link\"  href=\"https:\/\/bioplates.com\/wp-content\/uploads\/classic_5.jpg\"><\/a><\/div><div class=\"cell\" data-lazy=\"true\"><img loading=\"lazy\" decoding=\"async\" width=\"682\" height=\"1024\"  src=\"data:image\/svg+xml;charset=utf-8,%3Csvg%20xmlns%3D'http%3A%2F%2Fwww.w3.org%2F2000%2Fsvg'%20viewBox%3D'0%200%20682%201024'%2F%3E\" data-nectar-img-src=\"https:\/\/bioplates.com\/wp-content\/uploads\/classic_6-682x1024.jpg\" class=\"skip-lazy nectar-lazy attachment-large\" alt=\"\" title=\"cl\u00e1sico_6\"  data-nectar-img-srcset=\"https:\/\/bioplates.com\/wp-content\/uploads\/classic_6-682x1024.jpg 682w, https:\/\/bioplates.com\/wp-content\/uploads\/classic_6-200x300.jpg 200w, https:\/\/bioplates.com\/wp-content\/uploads\/classic_6-768x1153.jpg 768w, https:\/\/bioplates.com\/wp-content\/uploads\/classic_6-1023x1536.jpg 1023w, https:\/\/bioplates.com\/wp-content\/uploads\/classic_6.jpg 1332w\"><a class=\"entire-slide-link\"  href=\"https:\/\/bioplates.com\/wp-content\/uploads\/classic_6.jpg\"><\/a><\/div><div class=\"cell\" data-lazy=\"true\"><img loading=\"lazy\" decoding=\"async\" width=\"683\" height=\"1024\"  src=\"data:image\/svg+xml;charset=utf-8,%3Csvg%20xmlns%3D'http%3A%2F%2Fwww.w3.org%2F2000%2Fsvg'%20viewBox%3D'0%200%20683%201024'%2F%3E\" data-nectar-img-src=\"https:\/\/bioplates.com\/wp-content\/uploads\/classic_7-683x1024.jpg\" class=\"skip-lazy nectar-lazy attachment-large\" alt=\"\" title=\"cl\u00e1sico_7\"  data-nectar-img-srcset=\"https:\/\/bioplates.com\/wp-content\/uploads\/classic_7-683x1024.jpg 683w, https:\/\/bioplates.com\/wp-content\/uploads\/classic_7-200x300.jpg 200w, https:\/\/bioplates.com\/wp-content\/uploads\/classic_7-768x1151.jpg 768w, https:\/\/bioplates.com\/wp-content\/uploads\/classic_7-1025x1536.jpg 1025w, https:\/\/bioplates.com\/wp-content\/uploads\/classic_7.jpg 1334w\"><a class=\"entire-slide-link\"  href=\"https:\/\/bioplates.com\/wp-content\/uploads\/classic_7.jpg\"><\/a><\/div><\/div><\/div><\/div><\/div>\n\t\t<\/div> \n\t<\/div> \n\t\t\t<\/div> \n\t\t<\/div>\n\t<\/div> \n<\/div><\/div>\n\t\t<div id=\"fws_69e600ddaf0ec\"  data-column-margin=\"default\" data-midnight=\"dark\"  class=\"wpb_row vc_row-fluid vc_row  top_margin_5rem\"  style=\"padding-top: 0px; padding-bottom: 0px; \"><div class=\"row-bg-wrap\" data-bg-animation=\"none\" data-bg-animation-delay=\"\" data-bg-overlay=\"false\"><div class=\"inner-wrap row-bg-layer\" ><div class=\"row-bg viewport-desktop\"  style=\"\"><\/div><\/div><\/div><div class=\"row_col_wrap_12 col span_12 dark left\">\n\t<div  class=\"vc_col-sm-4 wpb_column column_container vc_column_container col no-extra-padding inherit_tablet inherit_phone flex_gap_desktop_10px\"  data-padding-pos=\"all\" data-has-bg-color=\"false\" data-bg-color=\"\" data-bg-opacity=\"1\" data-animation=\"\" data-delay=\"0\" >\n\t\t<div class=\"vc_column-inner\" >\n\t\t\t<div class=\"wpb_wrapper\">\n\t\t\t\t<p style=\"text-align: left\" class=\"vc_custom_heading vc_do_custom_heading tag\" >Placas<\/p><div class=\"divider-wrap\" data-alignment=\"default\"><div style=\"height: 40px;\" class=\"divider\"><\/div><\/div>\n<div class=\"wpb_text_column wpb_content_element\" >\n\t<h2>Contempor\u00e1neo<\/h2>\n<p class=\"p1\">Los bordes suavemente ondulados aportan energ\u00eda org\u00e1nica al emplatado moderno. Elegante pero duradera, esta vers\u00e1til colecci\u00f3n se adapta tanto a las comidas cotidianas como a las presentaciones m\u00e1s refinadas. No se recomienda su uso con cuchillos en la vajilla.<\/p>\n<\/div>\n\n\n\n<div class=\"divider-wrap\" data-alignment=\"default\"><div style=\"height: 40px;\" class=\"divider\"><\/div><\/div>\n<div class=\"wpb_text_column wpb_content_element\" >\n\t<p>Dimensiones: 21,5\u00d721,5 cm<\/p>\n<\/div>\n\n\n\n\n\t\t\t<\/div> \n\t\t<\/div>\n\t<\/div> \n\n\t<div  class=\"vc_col-sm-8 wpb_column column_container vc_column_container col no-extra-padding inherit_tablet inherit_phone flex_gap_desktop_10px\"  data-padding-pos=\"all\" data-has-bg-color=\"false\" data-bg-color=\"\" data-bg-opacity=\"1\" data-animation=\"\" data-delay=\"0\" >\n\t\t<div class=\"vc_column-inner\" >\n\t\t\t<div class=\"wpb_wrapper\">\n\t\t\t\t\n\t<div class=\"wpb_gallery wpb_content_element clearfix\">\n\t\t<div class=\"wpb_wrapper\"><div class=\"wpb_gallery_slidesflickity_static_height_style\" data-onclick=\"link_image\" data-interval=\"5\"><style>.wpb_gallery_slidesflickity_static_height_style .nectar-flickity.instace-69e600ddb072c:not(.masonry) .flickity-slider .cell img {\n      height: 517px;\n    }\n    @media only screen and (max-width: 1300px) {\n      .wpb_gallery_slidesflickity_static_height_style .nectar-flickity.instace-69e600ddb072c:not(.masonry) .flickity-slider .cell img {\n        height: 400px;\n      }\n    }\n    @media only screen and (max-width: 1000px) {\n      .wpb_gallery_slidesflickity_static_height_style .nectar-flickity.instace-69e600ddb072c:not(.masonry) .flickity-slider .cell img {\n        height: 350px;\n      }\n    }\n    @media only screen and (max-width: 690px) {\n      .wpb_gallery_slidesflickity_static_height_style .nectar-flickity.instace-69e600ddb072c:not(.masonry) .flickity-slider .cell img {\n        height: 300px;\n      }\n    }<\/style><div class=\"nectar-flickity not-initialized instace-69e600ddb072c\"  data-touch-icon-color=\"default\" data-drag-scale=\"\" data-overflow=\"hidden\" data-wrap=\"wrap\" data-spacing=\"default\" data-shadow=\"none\" data-autoplay=\"true\" data-autoplay-dur=\"3000\" data-free-scroll=\"\" data-controls=\"pagination\"><div class=\"flickity-viewport\"> <div class=\"flickity-slider\"><div class=\"cell\" data-lazy=\"true\"><img loading=\"lazy\" decoding=\"async\" width=\"682\" height=\"1024\"  src=\"data:image\/svg+xml;charset=utf-8,%3Csvg%20xmlns%3D'http%3A%2F%2Fwww.w3.org%2F2000%2Fsvg'%20viewBox%3D'0%200%20682%201024'%2F%3E\" data-nectar-img-src=\"https:\/\/bioplates.com\/wp-content\/uploads\/contemporary_2-682x1024.jpg\" class=\"skip-lazy nectar-lazy attachment-large\" alt=\"\" title=\"contempor\u00e1neo_2\"  data-nectar-img-srcset=\"https:\/\/bioplates.com\/wp-content\/uploads\/contemporary_2-682x1024.jpg 682w, https:\/\/bioplates.com\/wp-content\/uploads\/contemporary_2-200x300.jpg 200w, https:\/\/bioplates.com\/wp-content\/uploads\/contemporary_2-768x1153.jpg 768w, https:\/\/bioplates.com\/wp-content\/uploads\/contemporary_2-1023x1536.jpg 1023w, https:\/\/bioplates.com\/wp-content\/uploads\/contemporary_2.jpg 1332w\"><a class=\"entire-slide-link\"  href=\"https:\/\/bioplates.com\/wp-content\/uploads\/contemporary_2.jpg\"><\/a><\/div><div class=\"cell\" data-lazy=\"true\"><img loading=\"lazy\" decoding=\"async\" width=\"682\" height=\"1024\"  src=\"data:image\/svg+xml;charset=utf-8,%3Csvg%20xmlns%3D'http%3A%2F%2Fwww.w3.org%2F2000%2Fsvg'%20viewBox%3D'0%200%20682%201024'%2F%3E\" data-nectar-img-src=\"https:\/\/bioplates.com\/wp-content\/uploads\/contemporary_3-682x1024.jpg\" class=\"skip-lazy nectar-lazy attachment-large\" alt=\"\" title=\"contempor\u00e1neo_3\"  data-nectar-img-srcset=\"https:\/\/bioplates.com\/wp-content\/uploads\/contemporary_3-682x1024.jpg 682w, https:\/\/bioplates.com\/wp-content\/uploads\/contemporary_3-200x300.jpg 200w, https:\/\/bioplates.com\/wp-content\/uploads\/contemporary_3-768x1153.jpg 768w, https:\/\/bioplates.com\/wp-content\/uploads\/contemporary_3-1023x1536.jpg 1023w, https:\/\/bioplates.com\/wp-content\/uploads\/contemporary_3.jpg 1332w\"><a class=\"entire-slide-link\"  href=\"https:\/\/bioplates.com\/wp-content\/uploads\/contemporary_3.jpg\"><\/a><\/div><div class=\"cell\" data-lazy=\"true\"><img loading=\"lazy\" decoding=\"async\" width=\"682\" height=\"1024\"  src=\"data:image\/svg+xml;charset=utf-8,%3Csvg%20xmlns%3D'http%3A%2F%2Fwww.w3.org%2F2000%2Fsvg'%20viewBox%3D'0%200%20682%201024'%2F%3E\" data-nectar-img-src=\"https:\/\/bioplates.com\/wp-content\/uploads\/contemporary_4-682x1024.jpg\" class=\"skip-lazy nectar-lazy attachment-large\" alt=\"\" title=\"contempor\u00e1neo_4\"  data-nectar-img-srcset=\"https:\/\/bioplates.com\/wp-content\/uploads\/contemporary_4-682x1024.jpg 682w, https:\/\/bioplates.com\/wp-content\/uploads\/contemporary_4-200x300.jpg 200w, https:\/\/bioplates.com\/wp-content\/uploads\/contemporary_4-768x1153.jpg 768w, https:\/\/bioplates.com\/wp-content\/uploads\/contemporary_4-1023x1536.jpg 1023w, https:\/\/bioplates.com\/wp-content\/uploads\/contemporary_4.jpg 1332w\"><a class=\"entire-slide-link\"  href=\"https:\/\/bioplates.com\/wp-content\/uploads\/contemporary_4.jpg\"><\/a><\/div><div class=\"cell\" data-lazy=\"true\"><img loading=\"lazy\" decoding=\"async\" width=\"682\" height=\"1024\"  src=\"data:image\/svg+xml;charset=utf-8,%3Csvg%20xmlns%3D'http%3A%2F%2Fwww.w3.org%2F2000%2Fsvg'%20viewBox%3D'0%200%20682%201024'%2F%3E\" data-nectar-img-src=\"https:\/\/bioplates.com\/wp-content\/uploads\/contemporary_5-682x1024.jpg\" class=\"skip-lazy nectar-lazy attachment-large\" alt=\"\" title=\"contempor\u00e1neo_5\"  data-nectar-img-srcset=\"https:\/\/bioplates.com\/wp-content\/uploads\/contemporary_5-682x1024.jpg 682w, https:\/\/bioplates.com\/wp-content\/uploads\/contemporary_5-200x300.jpg 200w, https:\/\/bioplates.com\/wp-content\/uploads\/contemporary_5-768x1153.jpg 768w, https:\/\/bioplates.com\/wp-content\/uploads\/contemporary_5-1023x1536.jpg 1023w, https:\/\/bioplates.com\/wp-content\/uploads\/contemporary_5.jpg 1332w\"><a class=\"entire-slide-link\"  href=\"https:\/\/bioplates.com\/wp-content\/uploads\/contemporary_5.jpg\"><\/a><\/div><div class=\"cell\" data-lazy=\"true\"><img loading=\"lazy\" decoding=\"async\" width=\"682\" height=\"1024\"  src=\"data:image\/svg+xml;charset=utf-8,%3Csvg%20xmlns%3D'http%3A%2F%2Fwww.w3.org%2F2000%2Fsvg'%20viewBox%3D'0%200%20682%201024'%2F%3E\" data-nectar-img-src=\"https:\/\/bioplates.com\/wp-content\/uploads\/contemporary_6-682x1024.jpg\" class=\"skip-lazy nectar-lazy attachment-large\" alt=\"\" title=\"contempor\u00e1neo_6\"  data-nectar-img-srcset=\"https:\/\/bioplates.com\/wp-content\/uploads\/contemporary_6-682x1024.jpg 682w, https:\/\/bioplates.com\/wp-content\/uploads\/contemporary_6-200x300.jpg 200w, https:\/\/bioplates.com\/wp-content\/uploads\/contemporary_6-768x1153.jpg 768w, https:\/\/bioplates.com\/wp-content\/uploads\/contemporary_6-1023x1536.jpg 1023w, https:\/\/bioplates.com\/wp-content\/uploads\/contemporary_6.jpg 1332w\"><a class=\"entire-slide-link\"  href=\"https:\/\/bioplates.com\/wp-content\/uploads\/contemporary_6.jpg\"><\/a><\/div><div class=\"cell\" data-lazy=\"true\"><img loading=\"lazy\" decoding=\"async\" width=\"682\" height=\"1024\"  src=\"data:image\/svg+xml;charset=utf-8,%3Csvg%20xmlns%3D'http%3A%2F%2Fwww.w3.org%2F2000%2Fsvg'%20viewBox%3D'0%200%20682%201024'%2F%3E\" data-nectar-img-src=\"https:\/\/bioplates.com\/wp-content\/uploads\/contemporary_7-682x1024.jpg\" class=\"skip-lazy nectar-lazy attachment-large\" alt=\"\" title=\"contempor\u00e1neo_7\"  data-nectar-img-srcset=\"https:\/\/bioplates.com\/wp-content\/uploads\/contemporary_7-682x1024.jpg 682w, https:\/\/bioplates.com\/wp-content\/uploads\/contemporary_7-200x300.jpg 200w, https:\/\/bioplates.com\/wp-content\/uploads\/contemporary_7-768x1153.jpg 768w, https:\/\/bioplates.com\/wp-content\/uploads\/contemporary_7-1023x1536.jpg 1023w, https:\/\/bioplates.com\/wp-content\/uploads\/contemporary_7.jpg 1332w\"><a class=\"entire-slide-link\"  href=\"https:\/\/bioplates.com\/wp-content\/uploads\/contemporary_7.jpg\"><\/a><\/div><div class=\"cell\" data-lazy=\"true\"><img loading=\"lazy\" decoding=\"async\" width=\"682\" height=\"1024\"  src=\"data:image\/svg+xml;charset=utf-8,%3Csvg%20xmlns%3D'http%3A%2F%2Fwww.w3.org%2F2000%2Fsvg'%20viewBox%3D'0%200%20682%201024'%2F%3E\" data-nectar-img-src=\"https:\/\/bioplates.com\/wp-content\/uploads\/contemporary_8-682x1024.jpg\" class=\"skip-lazy nectar-lazy attachment-large\" alt=\"\" title=\"contempor\u00e1neo_8\"  data-nectar-img-srcset=\"https:\/\/bioplates.com\/wp-content\/uploads\/contemporary_8-682x1024.jpg 682w, https:\/\/bioplates.com\/wp-content\/uploads\/contemporary_8-200x300.jpg 200w, https:\/\/bioplates.com\/wp-content\/uploads\/contemporary_8-768x1153.jpg 768w, https:\/\/bioplates.com\/wp-content\/uploads\/contemporary_8-1023x1536.jpg 1023w, https:\/\/bioplates.com\/wp-content\/uploads\/contemporary_8.jpg 1332w\"><a class=\"entire-slide-link\"  href=\"https:\/\/bioplates.com\/wp-content\/uploads\/contemporary_8.jpg\"><\/a><\/div><\/div><\/div><\/div><\/div>\n\t\t<\/div> \n\t<\/div> \n\t\t\t<\/div> \n\t\t<\/div>\n\t<\/div> \n<\/div><\/div>","protected":false},"excerpt":{"rendered":"Plates Classic Clean geometry and a dotted rim for chefs who value timeless lines. A modern reinterpretation of classic tableware with refined silhouettes and balanced proportions. Not recommended for use...","protected":false},"author":2,"featured_media":0,"parent":0,"menu_order":2,"comment_status":"closed","ping_status":"closed","template":"","meta":{"footnotes":""},"class_list":["post-16","page","type-page","status-publish"],"_links":{"self":[{"href":"https:\/\/bioplates.com\/es\/wp-json\/wp\/v2\/pages\/16","targetHints":{"allow":["GET"]}}],"collection":[{"href":"https:\/\/bioplates.com\/es\/wp-json\/wp\/v2\/pages"}],"about":[{"href":"https:\/\/bioplates.com\/es\/wp-json\/wp\/v2\/types\/page"}],"author":[{"embeddable":true,"href":"https:\/\/bioplates.com\/es\/wp-json\/wp\/v2\/users\/2"}],"replies":[{"embeddable":true,"href":"https:\/\/bioplates.com\/es\/wp-json\/wp\/v2\/comments?post=16"}],"version-history":[{"count":10,"href":"https:\/\/bioplates.com\/es\/wp-json\/wp\/v2\/pages\/16\/revisions"}],"predecessor-version":[{"id":383,"href":"https:\/\/bioplates.com\/es\/wp-json\/wp\/v2\/pages\/16\/revisions\/383"}],"wp:attachment":[{"href":"https:\/\/bioplates.com\/es\/wp-json\/wp\/v2\/media?parent=16"}],"curies":[{"name":"wp","href":"https:\/\/api.w.org\/{rel}","templated":true}]}}