{"id":154,"date":"2026-02-09T17:23:43","date_gmt":"2026-02-09T17:23:43","guid":{"rendered":"https:\/\/bioplates.com\/?page_id=154"},"modified":"2026-03-09T14:30:13","modified_gmt":"2026-03-09T14:30:13","slug":"hosteleria","status":"publish","type":"page","link":"https:\/\/bioplates.com\/es\/hospitality\/","title":{"rendered":"Hosteler\u00eda"},"content":{"rendered":"<div id=\"sub-hero\"  data-column-margin=\"default\" data-midnight=\"light\"  class=\"wpb_row vc_row-fluid vc_row full-width-section vc_row-o-equal-height vc_row-flex vc_row-o-content-middle parallax_section\"  style=\"padding-top: 0px; padding-bottom: 0px; \"><div class=\"row-bg-wrap\" data-bg-animation=\"none\" data-bg-animation-delay=\"\" data-bg-overlay=\"false\"><div class=\"inner-wrap row-bg-layer using-image\" ><div class=\"row-bg viewport-desktop using-image\" data-parallax-speed=\"medium_fast\" style=\"background-image: url(https:\/\/bioplates.com\/wp-content\/uploads\/hospitality-bg-page-scaled.jpg); background-position: center center; background-repeat: no-repeat; \"><\/div><\/div><\/div><div class=\"row_col_wrap_12 col span_12 light center\">\n\t<div style=\" color: #FFFED9;\" class=\"vc_col-sm-12 wpb_column column_container vc_column_container col no-extra-padding inherit_tablet inherit_phone\" data-cfc=\"true\"  data-padding-pos=\"all\" data-has-bg-color=\"false\" data-bg-color=\"\" data-bg-opacity=\"1\" data-animation=\"\" data-delay=\"0\" >\n\t\t<div class=\"vc_column-inner\" >\n\t\t\t<div class=\"wpb_wrapper\">\n\t\t\t\t\n<div class=\"wpb_text_column wpb_content_element\" >\n\t<h1 style=\"text-align: center;\">La vajilla m\u00e1s sostenible.<br \/>\nLa alternativa definitiva a<br \/>\nmelamina y platos de acero esmaltado.<\/h1>\n<p>Desarrollado para entornos de hosteler\u00eda profesionales<br \/>\ndonde la durabilidad y la responsabilidad importan de verdad.<\/p>\n<\/div>\n\n\n\n<div id=\"fws_69ddee179ec8c\" data-midnight=\"\" data-column-margin=\"default\" class=\"wpb_row vc_row-fluid vc_row inner_row horizontal\"  style=\"\"><div class=\"row-bg-wrap\"> <div class=\"row-bg\" ><\/div> <\/div><div class=\"row_col_wrap_12_inner col span_12  left\">\n\t<div  class=\"vc_col-sm-12 wpb_column column_container vc_column_container col child_column no-extra-padding inherit_tablet inherit_phone flex_gap_desktop_10px\"   data-padding-pos=\"all\" data-has-bg-color=\"false\" data-bg-color=\"\" data-bg-opacity=\"1\" data-animation=\"\" data-delay=\"0\" >\n\t\t<div class=\"vc_column-inner\" >\n\t\t<div class=\"wpb_wrapper\">\n\t\t\t<div class=\"nectar-cta b1 alignment_tablet_default alignment_phone_default display_tablet_inherit display_phone_inherit\" data-color=\"default\" data-using-bg=\"false\" data-style=\"basic\" data-display=\"block\" data-alignment=\"left\" data-text-color=\"std\" style=\"--nectar-button-color: var(--nectar-default); --nectar-icon-gap: 10px; \"><span class=\"nectar-button-type\"><span class=\"link_wrap\" ><a  class=\"link_text\" role=\"button\" href=\"\/es\/hosteleria\/solicitar-una-muestra\/\"><span class=\"text\">SOLICITAR UNA MUESTRA<\/span><\/a><\/span><\/span><\/div><div class=\"nectar-cta b1 alignment_tablet_default alignment_phone_default display_tablet_inherit display_phone_inherit\" data-color=\"default\" data-using-bg=\"false\" data-style=\"basic\" data-display=\"block\" data-alignment=\"left\" data-text-color=\"std\" style=\"--nectar-button-color: var(--nectar-default); --nectar-icon-gap: 10px; \"><span class=\"nectar-button-type\"><span class=\"link_wrap\" ><a  class=\"link_text\" role=\"button\" href=\"\/es\/hosteleria\/ser-distribuidor\/\"><span class=\"text\">SER DISTRIBUIDOR<\/span><\/a><\/span><\/span><\/div>\n\t\t<\/div> \n\t<\/div>\n\t<\/div> \n<\/div><\/div>\n\t\t\t<\/div> \n\t\t<\/div>\n\t<\/div> \n<\/div><\/div>\n\t\t<div id=\"fws_69ddee179f9dd\"  data-column-margin=\"default\" data-midnight=\"dark\"  class=\"wpb_row vc_row-fluid vc_row\"  style=\"padding-top: 0px; padding-bottom: 0px; \"><div class=\"row-bg-wrap\" data-bg-animation=\"none\" data-bg-animation-delay=\"\" data-bg-overlay=\"false\"><div class=\"inner-wrap row-bg-layer\" ><div class=\"row-bg viewport-desktop\"  style=\"\"><\/div><\/div><\/div><div class=\"row_col_wrap_12 col span_12 dark center\">\n\t<div  class=\"vc_col-sm-12 wpb_column column_container vc_column_container col centered-text no-extra-padding force-desktop-text-align-center inherit_tablet inherit_phone\"  data-padding-pos=\"all\" data-has-bg-color=\"false\" data-bg-color=\"\" data-bg-opacity=\"1\" data-animation=\"\" data-delay=\"0\" >\n\t\t<div class=\"vc_column-inner\" >\n\t\t\t<div class=\"wpb_wrapper\">\n\t\t\t\t\n<div class=\"wpb_text_column wpb_content_element  logo-list\" >\n\t<p><img loading=\"lazy\" decoding=\"async\" class=\"alignnone size-medium wp-image-253\" role=\"img\" src=\"https:\/\/bioplates.com\/wp-content\/uploads\/six-sense-logo.svg\" alt=\"\" width=\"300\" height=\"300\" \/><img loading=\"lazy\" decoding=\"async\" class=\"alignnone size-medium wp-image-254\" role=\"img\" src=\"https:\/\/bioplates.com\/wp-content\/uploads\/herdade-esporao-logo.svg\" alt=\"\" width=\"300\" height=\"300\" \/><img loading=\"lazy\" decoding=\"async\" class=\"alignnone size-medium wp-image-251\" role=\"img\" src=\"https:\/\/bioplates.com\/wp-content\/uploads\/immerso-logo.svg\" alt=\"\" width=\"300\" height=\"300\" \/><img loading=\"lazy\" decoding=\"async\" class=\"alignnone size-medium wp-image-252\" role=\"img\" src=\"https:\/\/bioplates.com\/wp-content\/uploads\/herdade-malhadinha-logo.svg\" alt=\"\" width=\"300\" height=\"300\" \/><img loading=\"lazy\" decoding=\"async\" class=\"alignnone size-medium wp-image-249\" role=\"img\" src=\"https:\/\/bioplates.com\/wp-content\/uploads\/aethos-logo.svg\" alt=\"\" width=\"300\" height=\"300\" \/><img loading=\"lazy\" decoding=\"async\" class=\"alignnone size-medium wp-image-250\" role=\"img\" src=\"https:\/\/bioplates.com\/wp-content\/uploads\/sublime-logo.svg\" alt=\"\" width=\"300\" height=\"300\" \/><\/p>\n<\/div>\n\n\n\n\n<div class=\"wpb_text_column wpb_content_element\" >\n\t<p>Actualmente en fase piloto con socios hosteleros seleccionados.<\/p>\n<\/div>\n\n\n\n\n\t\t\t<\/div> \n\t\t<\/div>\n\t<\/div> \n<\/div><\/div>\n\t\t<div id=\"regular-cards\"  data-column-margin=\"default\" data-midnight=\"dark\"  class=\"wpb_row vc_row-fluid vc_row full-width-section parallax_section\"  style=\"padding-top: 6em; padding-bottom: 6em; \"><div class=\"row-bg-wrap\" data-bg-animation=\"none\" data-bg-animation-delay=\"\" data-bg-overlay=\"false\"><div class=\"inner-wrap row-bg-layer using-image\" ><div class=\"row-bg viewport-desktop using-image\" data-parallax-speed=\"medium\" style=\"background-image: url(https:\/\/bioplates.com\/wp-content\/uploads\/bg-plate-2.jpg); background-position: center center; background-repeat: no-repeat; \"><\/div><\/div><\/div><div class=\"row_col_wrap_12 col span_12 dark center\">\n\t<div  class=\"vc_col-sm-12 wpb_column column_container vc_column_container col no-extra-padding inherit_tablet inherit_phone flex_gap_desktop_10px\"  data-padding-pos=\"all\" data-has-bg-color=\"false\" data-bg-color=\"\" data-bg-opacity=\"1\" data-animation=\"\" data-delay=\"0\" >\n\t\t<div class=\"vc_column-inner\" >\n\t\t\t<div class=\"wpb_wrapper\">\n\t\t\t\t\n<div class=\"wpb_text_column wpb_content_element\" >\n\t<p><em>Rendimiento<\/em><\/p>\n<h2>Garant\u00eda y prestaciones t\u00e9cnicas<\/h2>\n<p>(certificado ISO)<\/p>\n<\/div>\n\n\n\n<div id=\"fws_69ddee17a0c9f\" data-midnight=\"\" data-column-margin=\"default\" class=\"wpb_row vc_row-fluid vc_row inner_row horizontal\"  style=\"\"><div class=\"row-bg-wrap\"> <div class=\"row-bg\" ><\/div> <\/div><div class=\"row_col_wrap_12_inner col span_12  left\">\n\t<div  class=\"vc_col-sm-12 wpb_column column_container vc_column_container col child_column no-extra-padding inherit_tablet inherit_phone flex_gap_desktop_10px\"   data-padding-pos=\"all\" data-has-bg-color=\"false\" data-bg-color=\"\" data-bg-opacity=\"1\" data-animation=\"\" data-delay=\"0\" >\n\t\t<div class=\"vc_column-inner\" >\n\t\t<div class=\"wpb_wrapper\">\n\t\t\t<div class=\"nectar-fancy-ul\" data-list-icon=\"none\" data-animation=\"false\" data-animation-delay=\"0\" data-color=\"accent-color\" data-spacing=\"20px\" data-alignment=\"left\"> <em>Garant\u00eda<\/em><br \/>\n<strong>18<\/strong><br \/>\nMeses para uso estrictamente gastron\u00f3mico <\/div><div class=\"nectar-fancy-ul\" data-list-icon=\"none\" data-animation=\"false\" data-animation-delay=\"0\" data-color=\"accent-color\" data-spacing=\"20px\" data-alignment=\"left\"> <em>Rendimiento<\/em><br \/>\n<strong>+7k<\/strong><br \/>\nSe lava a m\u00e1quina sin perder color ni brillo <\/div><div class=\"nectar-fancy-ul\" data-list-icon=\"none\" data-animation=\"false\" data-animation-delay=\"0\" data-color=\"accent-color\" data-spacing=\"20px\" data-alignment=\"left\"> <em>Resistencia al calor<\/em><br \/>\n<strong>130\u00ba C<\/strong><br \/>\nFabricado para resistir altas temperaturas <\/div><div class=\"nectar-fancy-ul\" data-list-icon=\"none\" data-animation=\"false\" data-animation-delay=\"0\" data-color=\"accent-color\" data-spacing=\"20px\" data-alignment=\"left\"> <em>Cuidado del material<br \/>\n<\/em><a href=\"https:\/\/bioplates.com\/wp-content\/uploads\/no-knife.svg\"><img loading=\"lazy\" decoding=\"async\" class=\"alignnone size-full wp-image-357\" role=\"img\" src=\"https:\/\/bioplates.com\/wp-content\/uploads\/no-knife.svg\" alt=\"\" width=\"20\" height=\"26\" \/><\/a><br \/>\nOptimizado para cuchiller\u00eda profesional. Pueden producirse marcas en la superficie dependiendo del tipo de cuchillo. <\/div>\n\t\t<\/div> \n\t<\/div>\n\t<\/div> \n<\/div><\/div>\n\t\t\t<\/div> \n\t\t<\/div>\n\t<\/div> \n<\/div><\/div>\n\t\t<div id=\"home-testimonial\"  data-column-margin=\"default\" data-midnight=\"dark\"  class=\"wpb_row vc_row-fluid vc_row full-width-content has-row-bg-color vc_row-o-equal-height vc_row-flex vc_row-o-content-middle  bottom_margin_4rem\"  style=\"padding-top: 0px; padding-bottom: 0px; --row-bg-color: #D9D5CA;\"><div class=\"row-bg-wrap\" data-bg-animation=\"none\" data-bg-animation-delay=\"\" data-bg-overlay=\"false\"><div class=\"inner-wrap row-bg-layer\" ><div class=\"row-bg viewport-desktop using-bg-color\"  style=\"background-color: #D9D5CA; \"><\/div><\/div><\/div><div class=\"row_col_wrap_12 col span_12 dark left\">\n\t<div  class=\"vc_col-sm-12 wpb_column column_container vc_column_container col no-extra-padding inherit_tablet inherit_phone flex_gap_desktop_10px\"  data-padding-pos=\"all\" data-has-bg-color=\"false\" data-bg-color=\"\" data-bg-opacity=\"1\" data-animation=\"\" data-delay=\"0\" >\n\t\t<div class=\"vc_column-inner\" >\n\t\t\t<div class=\"wpb_wrapper\">\n\t\t\t\t<h2 style=\"text-align: center\" class=\"vc_custom_heading vc_do_custom_heading\" >Lo que dicen nuestros clientes:<\/h2><div class=\"testimonial_slider span_12 col\" data-color=\"\" data-rating-color=\"accent-color\" data-controls=\"default\" data-add-border=\"\" data-autorotate=\"5000\" data-style=\"minimal\" ><div class=\"slides\"><blockquote>  <p><span class=\"open-quote\">\u201c<\/span>Los bioplatos se ajustan mucho mejor a nuestra visi\u00f3n sostenible que los platos de acero esmaltado.<span class=\"close-quote\">\u201d<\/span> <span role=\"none\" class=\"bottom-arrow\"><\/span><\/p><span class=\"testimonial-name\">Chef Mikel, Aethos Mallorca<\/span><span class=\"title\">(Hotel reconocido internacionalmente por su compromiso con la sostenibilidad y el bienestar)<\/span><\/blockquote><blockquote>  <p><span class=\"open-quote\">\u201c<\/span>Los biopl\u00e1sticos mantuvieron su color, brillo y resistencia tras m\u00e1s de 7.000 lavados industriales.<span class=\"close-quote\">\u201d<\/span> <span role=\"none\" class=\"bottom-arrow\"><\/span><\/p><span class=\"testimonial-name\">Diogo Gonzaga, Chef Ejecutivo - Sublime Comporta<\/span><span class=\"title\">(Mejor hotel boutique de Europa - World Travel Awards 2020)<\/span><\/blockquote><blockquote>  <p><span class=\"open-quote\">\u201c<\/span>Elegimos Bioplates: la melamina ya no tiene sentido para nosotros.<span class=\"close-quote\">\u201d<\/span> <span role=\"none\" class=\"bottom-arrow\"><\/span><\/p><span class=\"testimonial-name\">Andr\u00e9 Conde\u00e7o, Director de F&amp;B - Sublime Comporta<\/span><span class=\"title\">(Mejor hotel boutique de Europa - World Travel Awards 2020)<\/span><\/blockquote><blockquote>  <p><span class=\"open-quote\">\u201c<\/span>Estamos dispuestos a pagar m\u00e1s por abandonar los productos desechables: los biopl\u00e1sticos son bonitos, duraderos y acordes con nuestra identidad sostenible.<span class=\"close-quote\">\u201d<\/span> <span role=\"none\" class=\"bottom-arrow\"><\/span><\/p><span class=\"testimonial-name\">Gon\u00e7alo Menezes, Director General - Immerso<\/span><span class=\"title\">(Hotel de referencia para la sostenibilidad en Ericeira - Reserva Mundial de Surf)<\/span><\/blockquote><blockquote>  <p><span class=\"open-quote\">\u201c<\/span>Los biopl\u00e1sticos son, sinceramente, la opci\u00f3n m\u00e1s sostenible que conozco: resuelven un viejo problema para el que nunca encontramos soluci\u00f3n.<span class=\"close-quote\">\u201d<\/span> <span role=\"none\" class=\"bottom-arrow\"><\/span><\/p><span class=\"testimonial-name\">Chef Carlos Albuquerque - Herdade do Espor\u00e3o<\/span><span class=\"title\">(\u2b50 Estrella Verde Michelin)<\/span><\/blockquote><blockquote>  <p><span class=\"open-quote\">\u201c<\/span>En los barcos, los Bioplates funcionan a la perfecci\u00f3n: ligeros, seguros e ideales para uso n\u00e1utico.<span class=\"close-quote\">\u201d<\/span> <span role=\"none\" class=\"bottom-arrow\"><\/span><\/p><span class=\"testimonial-name\">Chef Marc Llor\u00e9s - Aethos Mallorca<\/span><span class=\"title\">(Hotel reconocido por su enfoque hol\u00edstico de la sostenibilidad)<\/span><\/blockquote><blockquote>  <p><span class=\"open-quote\">\u201c<\/span>En Six Senses no utilizamos pl\u00e1stico, y los Bioplates fueron la primera soluci\u00f3n realmente sostenible y duradera que encontramos para sustituir al esmalte.<span class=\"close-quote\">\u201d<\/span> <span role=\"none\" class=\"bottom-arrow\"><\/span><\/p><span class=\"testimonial-name\">Jos\u00e9 Moreira (Director de F&amp;B) y Chef Jos\u00e9 Maria - Six Senses Douro Valley<\/span><span class=\"title\">(Ganador del premio \u2018Restaurante m\u00e1s sostenible de Portugal\u2019 - Mesa Marcada)<\/span><\/blockquote><blockquote>  <p><span class=\"open-quote\">\u201c<\/span>Los Bioplates combinan una est\u00e9tica ecol\u00f3gica, moderna y chic, una rara expresi\u00f3n del lujo sostenible que nos impresion\u00f3 desde el primer momento.<span class=\"close-quote\">\u201d<\/span> <span role=\"none\" class=\"bottom-arrow\"><\/span><\/p><span class=\"testimonial-name\">Chef C\u00edntia Koerper - Herdade da Malhadinha Nova<\/span><span class=\"title\">(\u2b50 Estrella Verde Michelin)<\/span><\/blockquote><\/div><\/div>\n\t\t\t<\/div> \n\t\t<\/div>\n\t<\/div> \n<\/div><\/div>\n\t\t<div id=\"fws_69ddee17a2787\"  data-column-margin=\"default\" data-midnight=\"dark\"  class=\"wpb_row vc_row-fluid vc_row\"  style=\"padding-top: 3em; padding-bottom: 3em; \"><div class=\"row-bg-wrap\" data-bg-animation=\"none\" data-bg-animation-delay=\"\" data-bg-overlay=\"false\"><div class=\"inner-wrap row-bg-layer\" ><div class=\"row-bg viewport-desktop\"  style=\"\"><\/div><\/div><\/div><div class=\"row_col_wrap_12 col span_12 dark left\">\n\t<div  class=\"vc_col-sm-6 wpb_column column_container vc_column_container col no-extra-padding inherit_tablet inherit_phone flex_gap_desktop_10px\"  data-padding-pos=\"all\" data-has-bg-color=\"false\" data-bg-color=\"\" data-bg-opacity=\"1\" data-animation=\"\" data-delay=\"0\" >\n\t\t<div class=\"vc_column-inner\" >\n\t\t\t<div class=\"wpb_wrapper\">\n\t\t\t\t\n<div class=\"wpb_text_column wpb_content_element\" >\n\t<p><em>Reconocimiento<\/em><\/p>\n<h2>Premios Bioplates<\/h2>\n<p>Nuestro compromiso con la excelencia en el dise\u00f1o y la innovaci\u00f3n positiva para el planeta ya ha sido reconocido por dos importantes programas de premios. Cada galard\u00f3n refuerza la misi\u00f3n de Bioplates de crear vajillas que deleiten a los chefs sin da\u00f1ar la Tierra.<\/p>\n<\/div>\n\n\n\n\n\t\t\t<\/div> \n\t\t<\/div>\n\t<\/div> \n\n\t<div  class=\"vc_col-sm-12 wpb_column column_container vc_column_container col centered-text no-extra-padding force-desktop-text-align-center inherit_tablet inherit_phone\"  data-padding-pos=\"all\" data-has-bg-color=\"false\" data-bg-color=\"\" data-bg-opacity=\"1\" data-animation=\"\" data-delay=\"0\" >\n\t\t<div class=\"vc_column-inner\" >\n\t\t\t<div class=\"wpb_wrapper\">\n\t\t\t\t\n<div class=\"wpb_text_column wpb_content_element  logo-list\" >\n\t<p><img loading=\"lazy\" decoding=\"async\" class=\"alignnone size-medium wp-image-240\" role=\"img\" src=\"https:\/\/bioplates.com\/wp-content\/uploads\/germain-design-award.svg\" alt=\"\" width=\"300\" height=\"300\" \/><img loading=\"lazy\" decoding=\"async\" class=\"alignnone size-medium wp-image-239\" role=\"img\" src=\"https:\/\/bioplates.com\/wp-content\/uploads\/award-2025-winner.svg\" alt=\"\" width=\"300\" height=\"300\" \/><img loading=\"lazy\" decoding=\"async\" class=\"alignnone size-medium wp-image-238\" role=\"img\" src=\"https:\/\/bioplates.com\/wp-content\/uploads\/award-design-for-humanity.svg\" alt=\"\" width=\"300\" height=\"300\" \/><a href=\"https:\/\/bioplates.com\/wp-content\/uploads\/logo-winner.jpg\"><img loading=\"lazy\" decoding=\"async\" class=\"alignnone wp-image-264\" src=\"https:\/\/bioplates.com\/wp-content\/uploads\/logo-winner.jpg\" alt=\"\" width=\"150\" height=\"151\" srcset=\"https:\/\/bioplates.com\/wp-content\/uploads\/logo-winner.jpg 304w, https:\/\/bioplates.com\/wp-content\/uploads\/logo-winner-298x300.jpg 298w, https:\/\/bioplates.com\/wp-content\/uploads\/logo-winner-150x150.jpg 150w, https:\/\/bioplates.com\/wp-content\/uploads\/logo-winner-140x140.jpg 140w, https:\/\/bioplates.com\/wp-content\/uploads\/logo-winner-100x100.jpg 100w\" sizes=\"auto, (max-width: 150px) 100vw, 150px\" \/><\/a><img loading=\"lazy\" decoding=\"async\" class=\"alignnone size-full wp-image-236\" role=\"img\" src=\"https:\/\/bioplates.com\/wp-content\/uploads\/award-top-design.svg\" alt=\"\" width=\"132\" height=\"132\" \/><\/p>\n<\/div>\n\n\n\n<div id=\"fws_69ddee17a3242\" data-midnight=\"\" data-column-margin=\"default\" class=\"wpb_row vc_row-fluid vc_row inner_row horizontal b2\"  style=\"\"><div class=\"row-bg-wrap\"> <div class=\"row-bg\" ><\/div> <\/div><div class=\"row_col_wrap_12_inner col span_12  left\">\n\t<div  class=\"vc_col-sm-12 wpb_column column_container vc_column_container col child_column centered-text no-extra-padding force-desktop-text-align-center inherit_tablet inherit_phone\"   data-padding-pos=\"all\" data-has-bg-color=\"false\" data-bg-color=\"\" data-bg-opacity=\"1\" data-animation=\"\" data-delay=\"0\" >\n\t\t<div class=\"vc_column-inner\" >\n\t\t<div class=\"wpb_wrapper\">\n\t\t\t<div class=\"nectar-cta b1 alignment_tablet_default alignment_phone_default display_tablet_inherit display_phone_inherit\" data-color=\"default\" data-using-bg=\"false\" data-style=\"basic\" data-display=\"block\" data-alignment=\"left\" data-text-color=\"std\" style=\"--nectar-button-color: var(--nectar-default); --nectar-icon-gap: 10px; \"><span class=\"nectar-button-type\"><span class=\"link_wrap\" ><a  class=\"link_text\" role=\"button\" href=\"\"><span class=\"text\">SOLICITAR UNA MUESTRA<\/span><\/a><\/span><\/span><\/div><div class=\"nectar-cta b1 alignment_tablet_default alignment_phone_default display_tablet_inherit display_phone_inherit\" data-color=\"default\" data-using-bg=\"false\" data-style=\"basic\" data-display=\"block\" data-alignment=\"left\" data-text-color=\"std\" style=\"--nectar-button-color: var(--nectar-default); --nectar-icon-gap: 10px; \"><span class=\"nectar-button-type\"><span class=\"link_wrap\" ><a  class=\"link_text\" role=\"button\" href=\"\"><span class=\"text\">SER DISTRIBUIDOR<\/span><\/a><\/span><\/span><\/div>\n\t\t<\/div> \n\t<\/div>\n\t<\/div> \n<\/div><\/div>\n\t\t\t<\/div> \n\t\t<\/div>\n\t<\/div> \n<\/div><\/div>","protected":false},"excerpt":{"rendered":"The most sustainable tableware. The definitive alternative to melamine and enamelware. Developed for professional hospitality environments where durability and responsibility truly matter. REQUEST A SAMPLEBE A DISTRIBUTOR Currently in pilot...","protected":false},"author":2,"featured_media":0,"parent":0,"menu_order":6,"comment_status":"closed","ping_status":"closed","template":"","meta":{"footnotes":""},"class_list":["post-154","page","type-page","status-publish"],"_links":{"self":[{"href":"https:\/\/bioplates.com\/es\/wp-json\/wp\/v2\/pages\/154","targetHints":{"allow":["GET"]}}],"collection":[{"href":"https:\/\/bioplates.com\/es\/wp-json\/wp\/v2\/pages"}],"about":[{"href":"https:\/\/bioplates.com\/es\/wp-json\/wp\/v2\/types\/page"}],"author":[{"embeddable":true,"href":"https:\/\/bioplates.com\/es\/wp-json\/wp\/v2\/users\/2"}],"replies":[{"embeddable":true,"href":"https:\/\/bioplates.com\/es\/wp-json\/wp\/v2\/comments?post=154"}],"version-history":[{"count":11,"href":"https:\/\/bioplates.com\/es\/wp-json\/wp\/v2\/pages\/154\/revisions"}],"predecessor-version":[{"id":362,"href":"https:\/\/bioplates.com\/es\/wp-json\/wp\/v2\/pages\/154\/revisions\/362"}],"wp:attachment":[{"href":"https:\/\/bioplates.com\/es\/wp-json\/wp\/v2\/media?parent=154"}],"curies":[{"name":"wp","href":"https:\/\/api.w.org\/{rel}","templated":true}]}}