{"id":14,"date":"2026-01-26T12:09:30","date_gmt":"2026-01-26T12:09:30","guid":{"rendered":"https:\/\/bioplates.com\/?page_id=14"},"modified":"2026-03-09T14:30:13","modified_gmt":"2026-03-09T14:30:13","slug":"material","status":"publish","type":"page","link":"https:\/\/bioplates.com\/es\/material\/","title":{"rendered":"Material"},"content":{"rendered":"<div id=\"sub-hero\"  data-column-margin=\"default\" data-midnight=\"dark\"  class=\"wpb_row vc_row-fluid vc_row full-width-section vc_row-o-equal-height vc_row-flex vc_row-o-content-bottom parallax_section\"  style=\"padding-top: 0px; padding-bottom: 0px; \"><div class=\"row-bg-wrap\" data-bg-animation=\"none\" data-bg-animation-delay=\"\" data-bg-overlay=\"false\"><div class=\"inner-wrap row-bg-layer using-image\" ><div class=\"row-bg viewport-desktop using-image\" data-parallax-speed=\"medium_fast\" style=\"background-image: url(https:\/\/bioplates.com\/wp-content\/uploads\/flower-bg.jpg); background-position: left top; background-repeat: no-repeat; \"><\/div><\/div><\/div><div class=\"row_col_wrap_12 col span_12 dark left\">\n\t<div  class=\"vc_col-sm-5 wpb_column column_container vc_column_container col no-extra-padding inherit_tablet inherit_phone flex_gap_desktop_10px\"  data-padding-pos=\"all\" data-has-bg-color=\"false\" data-bg-color=\"\" data-bg-opacity=\"1\" data-animation=\"\" data-delay=\"0\" >\n\t\t<div class=\"vc_column-inner\" >\n\t\t\t<div class=\"wpb_wrapper\">\n\t\t\t\t\n<div class=\"wpb_text_column wpb_content_element\" >\n\t<h2>Fabricados a partir de un biopol\u00edmero patentado de \u00faltima generaci\u00f3n, los Bioplates est\u00e1n dise\u00f1ados para ofrecer rendimiento, belleza y biodegradabilidad.<\/h2>\n<\/div>\n\n\n\n\n\t\t\t<\/div> \n\t\t<\/div>\n\t<\/div> \n\n\t<div  class=\"vc_col-sm-7 wpb_column column_container vc_column_container col no-extra-padding inherit_tablet inherit_phone flex_gap_desktop_10px\"  data-padding-pos=\"all\" data-has-bg-color=\"false\" data-bg-color=\"\" data-bg-opacity=\"1\" data-animation=\"\" data-delay=\"0\" >\n\t\t<div class=\"vc_column-inner\" >\n\t\t\t<div class=\"wpb_wrapper\">\n\t\t\t\t\n\t\t\t<\/div> \n\t\t<\/div>\n\t<\/div> \n<\/div><\/div>\n\t\t<div id=\"topics-glass\"  data-column-margin=\"default\" data-midnight=\"dark\"  class=\"wpb_row vc_row-fluid vc_row full-width-section parallax_section\"  style=\"padding-top: 8em; padding-bottom: 8em; \"><div class=\"row-bg-wrap\" data-bg-animation=\"none\" data-bg-animation-delay=\"\" data-bg-overlay=\"false\"><div class=\"inner-wrap row-bg-layer using-image\" ><div class=\"row-bg viewport-desktop using-image\" data-parallax-speed=\"medium\" style=\"background-position: center center; background-repeat: no-repeat; \" data-nectar-img-src=\"https:\/\/bioplates.com\/wp-content\/uploads\/plates-material-bg-scaled.jpg\"><\/div><\/div><\/div><div class=\"row_col_wrap_12 col span_12 dark left\">\n\t<div  class=\"vc_col-sm-12 wpb_column column_container vc_column_container col no-extra-padding inherit_tablet inherit_phone flex_gap_desktop_10px\"  data-padding-pos=\"all\" data-has-bg-color=\"false\" data-bg-color=\"\" data-bg-opacity=\"1\" data-animation=\"\" data-delay=\"0\" >\n\t\t<div class=\"vc_column-inner\" >\n\t\t\t<div class=\"wpb_wrapper\">\n\t\t\t\t<div class=\"nectar-hor-list-item\" data-hover-effect=\"default\" data-br=\"0px\" data-font-family=\"p\" data-color=\"accent-color\" data-columns=\"4\" data-column-layout=\"even\"><div class=\"nectar-list-item\" data-icon=\"false\" data-text-align=\"left\"><em>Rendimiento<\/em><br \/>\n<strong>+7k<\/strong><br \/>\nCiclos del lavavajillas<\/div><div class=\"nectar-list-item\" data-text-align=\"left\"><em>Resistencia al calor<\/em><br \/>\n<strong>130\u00b0C<\/strong><br \/>\nResistencia m\u00e1x. al calor<\/div><div class=\"nectar-list-item\" data-text-align=\"left\"><em>Durabilidad<\/em><br \/>\n<strong>Hasta 40x<\/strong><br \/>\nMayor durabilidad al impacto que la porcelana<\/div><div class=\"nectar-list-item\" data-text-align=\"left\"><em>Degradabilidad<\/em><br \/>\n<strong>100%<\/strong><br \/>\nBiodegradable<\/div><\/div>\n\t\t\t<\/div> \n\t\t<\/div>\n\t<\/div> \n<\/div><\/div>\n\t\t<div id=\"fws_69e5e88acb193\"  data-column-margin=\"default\" data-midnight=\"dark\"  class=\"wpb_row vc_row-fluid vc_row\"  style=\"padding-top: 4em; padding-bottom: 4em; \"><div class=\"row-bg-wrap\" data-bg-animation=\"none\" data-bg-animation-delay=\"\" data-bg-overlay=\"false\"><div class=\"inner-wrap row-bg-layer\" ><div class=\"row-bg viewport-desktop\"  style=\"\"><\/div><\/div><\/div><div class=\"row_col_wrap_12 col span_12 dark left\">\n\t<div  class=\"vc_col-sm-12 wpb_column column_container vc_column_container col no-extra-padding inherit_tablet inherit_phone flex_gap_desktop_10px\"  data-padding-pos=\"all\" data-has-bg-color=\"false\" data-bg-color=\"\" data-bg-opacity=\"1\" data-animation=\"\" data-delay=\"0\" >\n\t\t<div class=\"vc_column-inner\" >\n\t\t\t<div class=\"wpb_wrapper\">\n\t\t\t\t\n<div class=\"wpb_text_column wpb_content_element\" >\n\t<p><em>Escala de impacto<\/em><\/p>\n<h2>Bioplatos x otros materiales<\/h2>\n<\/div>\n\n\n\n<div class=\"img-with-aniamtion-wrap center\" data-max-width=\"100%\" data-max-width-mobile=\"default\" data-shadow=\"none\" data-animation=\"none\" >\n      <div class=\"inner\">\n        <div class=\"hover-wrap\"> \n          <div class=\"hover-wrap-inner\">\n            <img loading=\"lazy\" decoding=\"async\" class=\"img-with-animation skip-lazy nectar-lazy\" data-delay=\"0\" height=\"565\" width=\"1290\" data-animation=\"none\" data-nectar-img-src=\"https:\/\/bioplates.com\/wp-content\/uploads\/graphic-levels.svg\" src=\"data:image\/svg+xml;charset=utf-8,%3Csvg%20xmlns%3D'http%3A%2F%2Fwww.w3.org%2F2000%2Fsvg'%20viewBox%3D'0%200%201290%20565'%2F%3E\" alt=\"\"  \/>\n          <\/div>\n        <\/div>\n        \n      <\/div>\n    <\/div>\n\t\t\t<\/div> \n\t\t<\/div>\n\t<\/div> \n<\/div><\/div>\n\t\t<div id=\"regular-cards\"  data-column-margin=\"default\" data-midnight=\"dark\"  class=\"wpb_row vc_row-fluid vc_row full-width-section parallax_section\"  style=\"padding-top: 6em; padding-bottom: 6em; \"><div class=\"row-bg-wrap\" data-bg-animation=\"none\" data-bg-animation-delay=\"\" data-bg-overlay=\"false\"><div class=\"inner-wrap row-bg-layer using-image\" ><div class=\"row-bg viewport-desktop using-image\" data-parallax-speed=\"medium\" style=\"background-image: url(https:\/\/bioplates.com\/wp-content\/uploads\/material-plate-bg-scaled.jpg); background-position: center center; background-repeat: no-repeat; \"><\/div><\/div><\/div><div class=\"row_col_wrap_12 col span_12 dark center\">\n\t<div  class=\"vc_col-sm-12 wpb_column column_container vc_column_container col no-extra-padding inherit_tablet inherit_phone flex_gap_desktop_10px\"  data-padding-pos=\"all\" data-has-bg-color=\"false\" data-bg-color=\"\" data-bg-opacity=\"1\" data-animation=\"\" data-delay=\"0\" >\n\t\t<div class=\"vc_column-inner\" >\n\t\t\t<div class=\"wpb_wrapper\">\n\t\t\t\t\n<div class=\"wpb_text_column wpb_content_element\" >\n\t<p><em>Rendimiento<\/em><\/p>\n<h2>Bioplacas x porcelana<\/h2>\n<p>(certificado ISO)<\/p>\n<\/div>\n\n\n\n<div id=\"fws_69e5e88acc941\" data-midnight=\"\" data-column-margin=\"default\" class=\"wpb_row vc_row-fluid vc_row inner_row horizontal\"  style=\"\"><div class=\"row-bg-wrap\"> <div class=\"row-bg\" ><\/div> <\/div><div class=\"row_col_wrap_12_inner col span_12  left\">\n\t<div  class=\"vc_col-sm-12 wpb_column column_container vc_column_container col child_column no-extra-padding inherit_tablet inherit_phone flex_gap_desktop_10px\"   data-padding-pos=\"all\" data-has-bg-color=\"false\" data-bg-color=\"\" data-bg-opacity=\"1\" data-animation=\"\" data-delay=\"0\" >\n\t\t<div class=\"vc_column-inner\" >\n\t\t<div class=\"wpb_wrapper\">\n\t\t\t<div class=\"nectar-fancy-ul\" data-list-icon=\"none\" data-animation=\"false\" data-animation-delay=\"0\" data-color=\"accent-color\" data-spacing=\"20px\" data-alignment=\"left\"> <em>Durabilidad<\/em><br \/>\n<strong>Hasta 40x\u00a0<\/strong><br \/>\nm\u00e1s resistencia a los golpes <\/div><div class=\"nectar-fancy-ul\" data-list-icon=\"none\" data-animation=\"false\" data-animation-delay=\"0\" data-color=\"accent-color\" data-spacing=\"20px\" data-alignment=\"left\"> <em>Peso<\/em><br \/>\n<strong>2.5 x<\/strong><br \/>\nencendedor <\/div><div class=\"nectar-fancy-ul\" data-list-icon=\"none\" data-animation=\"false\" data-animation-delay=\"0\" data-color=\"accent-color\" data-spacing=\"20px\" data-alignment=\"left\"> <em>Flexibilidad<\/em><br \/>\n<strong>19.5 x<\/strong><br \/>\nsin deformarse <\/div>\n\t\t<\/div> \n\t<\/div>\n\t<\/div> \n<\/div><\/div>\n\t\t\t<\/div> \n\t\t<\/div>\n\t<\/div> \n<\/div><\/div>\n\t\t<div id=\"fws_69e5e88acdcb1\"  data-column-margin=\"default\" data-midnight=\"dark\"  class=\"wpb_row vc_row-fluid vc_row  top_margin_5rem\"  style=\"padding-top: 0px; padding-bottom: 0px; \"><div class=\"row-bg-wrap\" data-bg-animation=\"none\" data-bg-animation-delay=\"\" data-bg-overlay=\"false\"><div class=\"inner-wrap row-bg-layer\" ><div class=\"row-bg viewport-desktop\"  style=\"\"><\/div><\/div><\/div><div class=\"row_col_wrap_12 col span_12 dark left\">\n\t<div  class=\"vc_col-sm-12 wpb_column column_container vc_column_container col no-extra-padding inherit_tablet inherit_phone flex_gap_desktop_10px\"  data-padding-pos=\"all\" data-has-bg-color=\"false\" data-bg-color=\"\" data-bg-opacity=\"1\" data-animation=\"\" data-delay=\"0\" >\n\t\t<div class=\"vc_column-inner\" >\n\t\t\t<div class=\"wpb_wrapper\">\n\t\t\t\t<p style=\"text-align: left\" class=\"vc_custom_heading vc_do_custom_heading tag\" >Todas las funciones<\/p><div class=\"divider-wrap\" data-alignment=\"default\"><div style=\"height: 40px;\" class=\"divider\"><\/div><\/div>\n\t\t\t<\/div> \n\t\t<\/div>\n\t<\/div> \n\n\t<div  class=\"vc_col-sm-12 wpb_column column_container vc_column_container col no-extra-padding inherit_tablet inherit_phone\"  data-padding-pos=\"all\" data-has-bg-color=\"false\" data-bg-color=\"\" data-bg-opacity=\"1\" data-animation=\"\" data-delay=\"0\" >\n\t\t<div class=\"vc_column-inner\" >\n\t\t\t<div class=\"wpb_wrapper\">\n\t\t\t\t<div id=\"fws_69e5e88ace81f\" data-midnight=\"\" data-column-margin=\"default\" class=\"wpb_row vc_row-fluid vc_row inner_row vc_row-o-equal-height vc_row-flex nectar-flex-sizing\"  style=\"\"><div class=\"row-bg-wrap\"> <div class=\"row-bg\" ><\/div> <\/div><div class=\"row_col_wrap_12_inner col span_12  left\">\n\t<div  class=\"vc_col-sm-4 wpb_column column_container vc_column_container col child_column no-extra-padding inherit_tablet inherit_phone flex_gap_desktop_10px\"   data-padding-pos=\"all\" data-has-bg-color=\"false\" data-bg-color=\"\" data-bg-opacity=\"1\" data-animation=\"\" data-delay=\"0\" >\n\t\t<div class=\"vc_column-inner\" >\n\t\t<div class=\"wpb_wrapper\">\n\t\t\t\n<div class=\"wpb_text_column wpb_content_element\" >\n\t<h2>Biodegradable<\/h2>\n<p>Biodegradable no significa desaparecer por arte de magia, sino volver a la naturaleza limpiamente, sin dejar residuos ni micropl\u00e1sticos. Los biopl\u00e1sticos se fabrican a partir de un compuesto biopl\u00e1stico patentado que se descompone de forma natural en contacto con el medio ambiente, como la materia org\u00e1nica. Para demostrarlo, el material fue probado y certificado por T\u00dcV Austria como 100% biodegradable en el suelo, el agua de r\u00edo, el agua de mar y el compostaje dom\u00e9stico e industrial. Al final de su vida \u00fatil, un Bioplate no se convierte en un residuo eterno: simplemente vuelve al planeta, sin contaminar los oc\u00e9anos ni contribuir a la acumulaci\u00f3n de pl\u00e1stico.<\/p>\n<\/div>\n\n\n\n\n\t\t<\/div> \n\t<\/div>\n\t<\/div> \n\n\t<div  class=\"vc_col-sm-4 wpb_column column_container vc_column_container col child_column no-extra-padding inherit_tablet inherit_phone flex_gap_desktop_10px\"   data-padding-pos=\"all\" data-has-bg-color=\"false\" data-bg-color=\"\" data-bg-opacity=\"1\" data-animation=\"\" data-delay=\"0\" >\n\t\t<div class=\"vc_column-inner\" >\n\t\t<div class=\"wpb_wrapper\">\n\t\t\t\n<div class=\"wpb_text_column wpb_content_element\" >\n\t<h2>Seguridad alimentaria<\/h2>\n<p>La seguridad alimentaria no es opcional: es esencial. Los biopl\u00e1sticos est\u00e1n certificados por el certificado de contacto con alimentos de la Comisi\u00f3n Europea (UE) n\u00ba 10\/2011 y son totalmente seguros para el contacto con alimentos, ya que no contienen sustancias t\u00f3xicas, BPA, ftalatos ni aditivos nocivos. Nuestro compuesto biopl\u00e1stico patentado fue dise\u00f1ado para resistir el uso profesional sin liberar sustancias qu\u00edmicas, incluso a altas temperaturas y ciclos de lavado repetidos. Cada Bioplato se ha creado pensando en la hosteler\u00eda: bonito, duradero y, sobre todo, fiable para servir cualquier plato en cualquier entorno.<\/p>\n<\/div>\n\n\n\n\n\t\t<\/div> \n\t<\/div>\n\t<\/div> \n\n\t<div  class=\"vc_col-sm-4 wpb_column column_container vc_column_container col child_column no-extra-padding inherit_tablet inherit_phone flex_gap_desktop_10px\"   data-padding-pos=\"all\" data-has-bg-color=\"false\" data-bg-color=\"\" data-bg-opacity=\"1\" data-animation=\"\" data-delay=\"0\" >\n\t\t<div class=\"vc_column-inner\" >\n\t\t<div class=\"wpb_wrapper\">\n\t\t\t\n<div class=\"wpb_text_column wpb_content_element\" >\n\t<h2>Carbono negativo<\/h2>\n<p>Ser carbono negativo significa eliminar de la atm\u00f3sfera m\u00e1s CO2 que las emisiones generadas a lo largo de todo el ciclo de vida del producto. Con Bioplates, empezamos por medir: PIEP calcul\u00f3 una huella de 0,758 kg CO, eq por placa en el escenario m\u00e1s conservador. Luego vamos m\u00e1s all\u00e1: nos comprometemos a plantar un \u00e1rbol por cada 100 Bioplates producidos, eliminando m\u00e1s carbono del que emitimos. En la pr\u00e1ctica, cada plato representa alrededor de -4,5 kg CO, eq para el hotel o restaurante, convirti\u00e9ndose en un verdadero cr\u00e9dito de carbono y una clara declaraci\u00f3n de sostenibilidad.<\/p>\n<\/div>\n\n\n\n\n\t\t<\/div> \n\t<\/div>\n\t<\/div> \n<\/div><\/div><div id=\"fws_69e5e88acf5cb\" data-midnight=\"\" data-column-margin=\"default\" class=\"wpb_row vc_row-fluid vc_row inner_row vc_row-o-equal-height vc_row-flex\"  style=\"\"><div class=\"row-bg-wrap\"> <div class=\"row-bg\" ><\/div> <\/div><div class=\"row_col_wrap_12_inner col span_12  left\">\n\t<div  class=\"vc_col-sm-4 wpb_column column_container vc_column_container col child_column no-extra-padding inherit_tablet inherit_phone flex_gap_desktop_10px\"   data-padding-pos=\"all\" data-has-bg-color=\"false\" data-bg-color=\"\" data-bg-opacity=\"1\" data-animation=\"\" data-delay=\"0\" >\n\t\t<div class=\"vc_column-inner\" >\n\t\t<div class=\"wpb_wrapper\">\n\t\t\t\n<div class=\"wpb_text_column wpb_content_element\" >\n\t<h2>Apto para lavavajillas<\/h2>\n<p>Los bioplatos se dise\u00f1aron para la exigente realidad de la hosteler\u00eda. Resistieron m\u00e1s de 7.000 ciclos de lavavajillas industriales en Sublime Comporta, durante la temporada alta, sin perder color, brillo ni integridad estructural. En pruebas de laboratorio, la Universidad de Aveiro tambi\u00e9n confirm\u00f3 la estabilidad del material en lavavajillas industriales que funcionan a 93 \u00b0C, incluso con un uso repetido. En la pr\u00e1ctica, esto significa que los Bioplates pueden soportar el ritmo diario de restaurantes, zonas de piscina y clubes de playa: no se deforman, agrietan ni degradan, y mantienen su rendimiento a lo largo de los a\u00f1os.<\/p>\n<\/div>\n\n\n\n\n\t\t<\/div> \n\t<\/div>\n\t<\/div> \n\n\t<div  class=\"vc_col-sm-4 wpb_column column_container vc_column_container col child_column no-extra-padding inherit_tablet inherit_phone flex_gap_desktop_10px\"   data-padding-pos=\"all\" data-has-bg-color=\"false\" data-bg-color=\"\" data-bg-opacity=\"1\" data-animation=\"\" data-delay=\"0\" >\n\t\t<div class=\"vc_column-inner\" >\n\t\t<div class=\"wpb_wrapper\">\n\t\t\t\n<div class=\"wpb_text_column wpb_content_element\" >\n\t<h2>Limitaci\u00f3n de temperatura<\/h2>\n<p>Los bioplatos se han desarrollado para uso profesional, pero no deben exponerse a temperaturas superiores a 130 \u00b0C. No deben colocarse en el horno, en la parrilla ni en contacto directo con fuentes de calor que superen este l\u00edmite. Funcionan perfectamente durante el servicio, pero requieren estos cuidados para garantizar la durabilidad y la seguridad del material.<\/p>\n<\/div>\n\n\n\n\n\t\t<\/div> \n\t<\/div>\n\t<\/div> \n\n\t<div  class=\"vc_col-sm-4 wpb_column column_container vc_column_container col child_column no-extra-padding inherit_tablet inherit_phone flex_gap_desktop_10px\"   data-padding-pos=\"all\" data-has-bg-color=\"false\" data-bg-color=\"\" data-bg-opacity=\"1\" data-animation=\"\" data-delay=\"0\" >\n\t\t<div class=\"vc_column-inner\" >\n\t\t<div class=\"wpb_wrapper\">\n\t\t\t\n<div class=\"wpb_text_column wpb_content_element\" >\n\t<h2>Premios<\/h2>\n<p>Los biopl\u00e1sticos han sido reconocidos internacionalmente por su innovaci\u00f3n, dise\u00f1o e impacto medioambiental. Entre nuestras distinciones se encuentran el <strong>Premio Mundial a la Sostenibilidad 2025 (Eco Design Winner)<\/strong>, para premiar las soluciones que redefinen las normas de responsabilidad medioambiental. <strong>Premio Alem\u00e1n de Dise\u00f1o 2026 (Eco Design Winner)<\/strong> - uno de los reconocimientos de dise\u00f1o m\u00e1s prestigiosos de Europa. Los Bioplates tambi\u00e9n han sido galardonados en los <strong>Premio Europeo de Dise\u00f1o de Producto 2025<\/strong>, que recibi\u00f3 distinciones tanto en la categor\u00eda de dise\u00f1o ecol\u00f3gico como en la de dise\u00f1o para la humanidad. Adem\u00e1s, el proyecto ha sido reconocido por otros muchos premios internacionales de dise\u00f1o y sostenibilidad. Estos reconocimientos llegaron cuando el producto a\u00fan estaba en su fase inicial de comercializaci\u00f3n. Hoy, la validaci\u00f3n m\u00e1s significativa procede de los socios hosteleros que utilizan Bioplates a diario, lo que demuestra que la sostenibilidad funciona.<\/p>\n<\/div>\n\n\n\n\n\t\t<\/div> \n\t<\/div>\n\t<\/div> \n<\/div><\/div>\n\t\t\t<\/div> \n\t\t<\/div>\n\t<\/div> \n<\/div><\/div>\n\t\t<div id=\"fws_69e5e88ad0a16\"  data-column-margin=\"default\" data-midnight=\"dark\"  class=\"wpb_row vc_row-fluid vc_row full-width-section parallax_section\"  style=\"padding-top: 4em; padding-bottom: 4em; \"><div class=\"row-bg-wrap\" data-bg-animation=\"none\" data-bg-animation-delay=\"\" data-bg-overlay=\"false\"><div class=\"inner-wrap row-bg-layer using-image\" ><div class=\"row-bg viewport-desktop using-image no-cover\" data-parallax-speed=\"medium\" style=\"background-image: url(https:\/\/bioplates.com\/wp-content\/uploads\/bg-noise-scaled.jpg); background-position: center center; background-repeat: repeat; \"><\/div><\/div><\/div><div class=\"row_col_wrap_12 col span_12 dark left\">\n\t<div  class=\"vc_col-sm-12 wpb_column column_container vc_column_container col no-extra-padding inherit_tablet inherit_phone flex_gap_desktop_10px\"  data-padding-pos=\"all\" data-has-bg-color=\"false\" data-bg-color=\"\" data-bg-opacity=\"1\" data-animation=\"\" data-delay=\"0\" >\n\t\t<div class=\"vc_column-inner\" >\n\t\t\t<div class=\"wpb_wrapper\">\n\t\t\t\t\n<div class=\"wpb_text_column wpb_content_element\" >\n\t<p><em>Descargas<\/em><\/p>\n<h2>Certificados de producto<\/h2>\n<\/div>\n\n\n\n<div id=\"fws_69e5e88ad0fdd\" data-midnight=\"\" data-column-margin=\"default\" class=\"wpb_row vc_row-fluid vc_row inner_row horizontal\"  style=\"\"><div class=\"row-bg-wrap\"> <div class=\"row-bg\" ><\/div> <\/div><div class=\"row_col_wrap_12_inner col span_12  left\">\n\t<div  class=\"vc_col-sm-12 wpb_column column_container vc_column_container col child_column no-extra-padding inherit_tablet inherit_phone flex_gap_desktop_10px\"   data-padding-pos=\"all\" data-has-bg-color=\"false\" data-bg-color=\"\" data-bg-opacity=\"1\" data-animation=\"\" data-delay=\"0\" >\n\t\t<div class=\"vc_column-inner\" >\n\t\t<div class=\"wpb_wrapper\">\n\t\t\t<div class=\"nectar-cta ico alignment_tablet_default alignment_phone_default display_tablet_inherit display_phone_inherit\" data-color=\"default\" data-using-bg=\"false\" data-style=\"basic\" data-display=\"block\" data-alignment=\"left\" data-text-color=\"std\" style=\"--nectar-button-color: var(--nectar-default); --nectar-icon-gap: 10px; \"><span class=\"nectar-button-type\"><span class=\"link_wrap\" ><a  class=\"link_text\" role=\"button\" href=\"\/wp-content\/uploads\/Food-Safe_Bio.pdf\"><span class=\"text\">Certificaci\u00f3n FOOD SAFE<\/span><\/a><\/span><\/span><\/div><div class=\"nectar-cta ico alignment_tablet_default alignment_phone_default display_tablet_inherit display_phone_inherit\" data-color=\"default\" data-using-bg=\"false\" data-style=\"basic\" data-display=\"block\" data-alignment=\"left\" data-text-color=\"std\" style=\"--nectar-button-color: var(--nectar-default); --nectar-icon-gap: 10px; \"><span class=\"nectar-button-type\"><span class=\"link_wrap\" ><a  class=\"link_text\" role=\"button\" href=\"\/wp-content\/uploads\/TUV-Certificates_BIO.pdf\"><span class=\"text\">BIODEGRADABLE EN EL SUELO certificaci\u00f3n<\/span><\/a><\/span><\/span><\/div><div class=\"nectar-cta ico alignment_tablet_default alignment_phone_default display_tablet_inherit display_phone_inherit\" data-color=\"default\" data-using-bg=\"false\" data-style=\"basic\" data-display=\"block\" data-alignment=\"left\" data-text-color=\"std\" style=\"--nectar-button-color: var(--nectar-default); --nectar-icon-gap: 10px; \"><span class=\"nectar-button-type\"><span class=\"link_wrap\" ><a  class=\"link_text\" role=\"button\" href=\"\/wp-content\/uploads\/Final-report-PIEP_Durability-Study.pdf\"><span class=\"text\">Informe final Certificaci\u00f3n del Estudio de Durabilidad PIEP<\/span><\/a><\/span><\/span><\/div>\n\t\t<\/div> \n\t<\/div>\n\t<\/div> \n<\/div><\/div>\n\t\t\t<\/div> \n\t\t<\/div>\n\t<\/div> \n<\/div><\/div>","protected":false},"excerpt":{"rendered":"Made from proprietary next-generation biopolymer, Bioplates are engineered for performance, designed for beauty, and built to biodegrade. Performance +7k Dishwasher cyclesHeat-Resistance 130\u00b0C Heat max. resistanceDurability Up to 40x Higher impact...","protected":false},"author":2,"featured_media":0,"parent":0,"menu_order":1,"comment_status":"closed","ping_status":"closed","template":"","meta":{"footnotes":""},"class_list":["post-14","page","type-page","status-publish"],"_links":{"self":[{"href":"https:\/\/bioplates.com\/es\/wp-json\/wp\/v2\/pages\/14","targetHints":{"allow":["GET"]}}],"collection":[{"href":"https:\/\/bioplates.com\/es\/wp-json\/wp\/v2\/pages"}],"about":[{"href":"https:\/\/bioplates.com\/es\/wp-json\/wp\/v2\/types\/page"}],"author":[{"embeddable":true,"href":"https:\/\/bioplates.com\/es\/wp-json\/wp\/v2\/users\/2"}],"replies":[{"embeddable":true,"href":"https:\/\/bioplates.com\/es\/wp-json\/wp\/v2\/comments?post=14"}],"version-history":[{"count":11,"href":"https:\/\/bioplates.com\/es\/wp-json\/wp\/v2\/pages\/14\/revisions"}],"predecessor-version":[{"id":351,"href":"https:\/\/bioplates.com\/es\/wp-json\/wp\/v2\/pages\/14\/revisions\/351"}],"wp:attachment":[{"href":"https:\/\/bioplates.com\/es\/wp-json\/wp\/v2\/media?parent=14"}],"curies":[{"name":"wp","href":"https:\/\/api.w.org\/{rel}","templated":true}]}}